{"id":1293,"date":"2020-07-31T20:47:09","date_gmt":"2020-08-01T01:47:09","guid":{"rendered":"https:\/\/investigaciones.ibero.edu.co\/?page_id=1293"},"modified":"2025-09-09T15:18:27","modified_gmt":"2025-09-09T20:18:27","slug":"gigcic","status":"publish","type":"page","link":"https:\/\/investigaciones.ibero.edu.co\/?page_id=1293","title":{"rendered":"GIGCIC"},"content":{"rendered":"\n<h3 class=\"has-text-align-center\">Facultad de Ingenier\u00eda<\/h3>\n\n\n\n<h4>GIGCIC &#8211; Grupo de Investigaci\u00f3n y Gesti\u00f3n del Conocimiento en Ingenier\u00eda y Ciencias B\u00e1sicas<\/h4>\n\n\n\n<p><strong>C\u00d3DIGO MINCIENCIAS:<\/strong> COL0211125 <\/p>\n\n\n\n<p><strong>CORREO ELECTR\u00d3NICO DEL GRUPO:<\/strong><a href=\"mailto:grupoinvestigacioning@academico.ibero.edu.co\"> grupoinvestigacioning@academico.ibero.edu.co<\/a><\/p>\n\n\n\n<p><strong>L\u00cdDER DE GRUPO:<\/strong> Karla Yohana S\u00e1nchez Mojica&nbsp;<\/p>\n\n\n\n<p><strong>CORREO ELECTR\u00d3NICO DEL L\u00cdDER:<\/strong><a href=\"mailto:karla.sanchez@docente.ibero.edu.co\"> karla.sanchez@docente.ibero.edu.co<\/a><\/p>\n\n\n\n<p><strong>LINK GRUPLAC \u2013 MINCIENCIAS (HOJA DE VIDA DE GRUPO):<\/strong> <a href=\"https:\/\/scienti.minciencias.gov.co\/gruplac\/jsp\/visualiza\/visualizagr.jsp?nro=00000000021315\">https:\/\/scienti.minciencias.gov.co\/gruplac\/jsp\/visualiza\/visualizagr.jsp?nro=00000000021315<\/a><\/p>\n\n\n\n<p><strong>L\u00ednea de Investigaci\u00f3n 1:<\/strong> Desarrollo, modelaci\u00f3n y an\u00e1lisis de producci\u00f3n industrial, tecnol\u00f3gica y social<br><strong>L\u00ednea de Investigaci\u00f3n 2:<\/strong> Ense\u00f1anza y desarrollo de las Ciencias b\u00e1sicas y Modelaci\u00f3n Matem\u00e1tica<br><strong>L\u00ednea de Investigaci\u00f3n 3:<\/strong> Sistemas emergentes y software<br><strong>L\u00ednea de Investigaci\u00f3n 4:<\/strong> Gesti\u00f3n e Innovaci\u00f3n tecnol\u00f3gica sustentable y de materiales<\/p>\n\n\n\n<p><strong>Palabras clave:<\/strong><br>Ingenier\u00eda, Ciencias B\u00e1sicas, Producci\u00f3n Industrial, Sistemas de software<\/p>\n\n\n\n<p><strong>Breve descripci\u00f3n del grupo:<\/strong><br>El Grupo de investigaci\u00f3n y Gesti\u00f3n de conocimiento en Ingenier\u00eda y Ciencias b\u00e1sicas. GIGCIC, fundamenta y estructura su sistema para ser un dinamizador y l\u00edder a nivel regional y nacional en la formulaci\u00f3n, ejecuci\u00f3n de propuestas y proyectos investigativos aplicados desde sus diferentes l\u00edneas de investigaci\u00f3n, enfocados disciplinar y multidisciplinarmente que promuevan el dise\u00f1o, innovaci\u00f3n y desarrollo de soluciones que mitiguen problem\u00e1ticas que se presentan en diferentes<br>\u00e1mbitos como el industrial-productivo, sociales, educativos y medio ambientales, lo anterior<br>evidenciado en artefactos (proto-investigativos), modelos (automatizados-simulados), t\u00e9cnicas, equipos y software.<\/p>\n\n\n\n<p><strong>Objetivos:<\/strong><\/p>\n\n\n\n<ul><li>Propender por la de gesti\u00f3n del conocimiento en el campo de las ingenier\u00edas y de las ciencias b\u00e1sicas por medio del desarrollo de propuestas investigativas con enfoques multidisciplinares que trasciendan e impacten \u00e1mbitos sociales nacionales e internacionales, promoviendo la evoluci\u00f3n de los prop\u00f3sitos y alcances investigativos de la Corporaci\u00f3n universitaria Iberoamericana.<\/li><li>Consolidar las estrategias que permitan la producci\u00f3n investigativa de los diferentes actores que integran las din\u00e1micas de los procesos de investigaci\u00f3n, promoviendo la eficiencia del sistema institucional.<\/li><li>Generar impacto en comunidades como la acad\u00e9mica, productiva y social desde los componentes constitutivos desde la ingenier\u00eda desarrollando mediaciones que se propicien el mejoramiento de los ambientes en los cuales se desarrollen las propuestas de investigaci\u00f3n.<\/li><li>Visibilizar las iniciativas y\/o resultados de los productos de investigaci\u00f3n asi como de las iniciativas de participaci\u00f3n de en eventos de transferencias del conocimiento y la consecuci\u00f3n de los mismos.<\/li><\/ul>\n\n\n\n<p><strong>REDES:<\/strong><\/p>\n\n\n\n<p>Red&nbsp;&nbsp;<em>APISENA Iberoamericana<\/em><\/p>\n\n\n\n<p>Descripci\u00f3n:&nbsp;<\/p>\n\n\n\n<p><em>La red tiene un enfoque biol\u00f3gico por parte de APISENA que con el apoyo Fondo Emprender, ha captado recursos para importar y generar los laboratorios controlados con el fin de evaluar los bioprocesos necesarios de su finalidad.<\/em><\/p>\n\n\n\n<p><em>La Corporaci\u00f3n Universitaria Iberoamericana se vincula al proyecto desde el programa ingenier\u00eda de Software, atendiendo a la solicitud del grupo de investigaci\u00f3n en la creaci\u00f3n y recopilaci\u00f3n de informaci\u00f3n registrando datos en sistemas de informaci\u00f3n en cuanto a la medici\u00f3n de la agresividad, el monitoreo de las buenas pr\u00e1cticas de producci\u00f3n ap\u00edcola y la trazabilidad biotecnol\u00f3gica del proceso en s\u00ed.<\/em><\/p>\n","protected":false},"excerpt":{"rendered":"<p>Facultad de Ingenier\u00eda GIGCIC &#8211; Grupo de Investigaci\u00f3n y Gesti\u00f3n del Conocimiento en Ingenier\u00eda y Ciencias B\u00e1sicas C\u00d3DIGO MINCIENCIAS: COL0211125 CORREO ELECTR\u00d3NICO DEL GRUPO: grupoinvestigacioning@academico.ibero.edu.co&hellip;<\/p>\n","protected":false},"author":2,"featured_media":0,"parent":292,"menu_order":0,"comment_status":"closed","ping_status":"closed","template":"","meta":{"spay_email":""},"_links":{"self":[{"href":"https:\/\/investigaciones.ibero.edu.co\/index.php?rest_route=\/wp\/v2\/pages\/1293"}],"collection":[{"href":"https:\/\/investigaciones.ibero.edu.co\/index.php?rest_route=\/wp\/v2\/pages"}],"about":[{"href":"https:\/\/investigaciones.ibero.edu.co\/index.php?rest_route=\/wp\/v2\/types\/page"}],"author":[{"embeddable":true,"href":"https:\/\/investigaciones.ibero.edu.co\/index.php?rest_route=\/wp\/v2\/users\/2"}],"replies":[{"embeddable":true,"href":"https:\/\/investigaciones.ibero.edu.co\/index.php?rest_route=%2Fwp%2Fv2%2Fcomments&post=1293"}],"version-history":[{"count":24,"href":"https:\/\/investigaciones.ibero.edu.co\/index.php?rest_route=\/wp\/v2\/pages\/1293\/revisions"}],"predecessor-version":[{"id":6365,"href":"https:\/\/investigaciones.ibero.edu.co\/index.php?rest_route=\/wp\/v2\/pages\/1293\/revisions\/6365"}],"up":[{"embeddable":true,"href":"https:\/\/investigaciones.ibero.edu.co\/index.php?rest_route=\/wp\/v2\/pages\/292"}],"wp:attachment":[{"href":"https:\/\/investigaciones.ibero.edu.co\/index.php?rest_route=%2Fwp%2Fv2%2Fmedia&parent=1293"}],"curies":[{"name":"wp","href":"https:\/\/api.w.org\/{rel}","templated":true}]}}