{"id":2060,"date":"2021-07-01T08:38:00","date_gmt":"2021-07-01T13:38:00","guid":{"rendered":"https:\/\/investigaciones.ibero.edu.co\/?page_id=2060"},"modified":"2025-05-09T10:05:03","modified_gmt":"2025-05-09T15:05:03","slug":"jovenes-investigadores","status":"publish","type":"page","link":"https:\/\/investigaciones.ibero.edu.co\/?page_id=2060","title":{"rendered":"J\u00f3venes Investigadores"},"content":{"rendered":"\n<div style=\"height:20px\" aria-hidden=\"true\" class=\"wp-block-spacer\"><\/div>\n\n\n\n<p><strong>Definici\u00f3n:<\/strong> Mediante el programa que con estos fines establezca la Iberoamericana, se buscar\u00e1 formar j\u00f3venes en el \u00e1mbito cient\u00edfico, permiti\u00e9ndoles adquirir un perfil de investigadores e innovadores capaces de generar soluciones reales a las necesidades del pa\u00eds desde sus disciplinas. Lo anterior, a trav\u00e9s del desarrollo de proyectos de investigaci\u00f3n y dem\u00e1s actividades investigativas Acuerdo de Sala General No.161 28 de abril de 2020 p\u00e1g. 15 establecidas en los planes estrat\u00e9gicos de los grupos a los cuales se vincule cada joven. Esta estrategia se orienta a egresados de programas de pregrado de la Iberoamericana en un per\u00edodo inferior o igual a doce (12) meses. La vinculaci\u00f3n al programa se har\u00e1 por convocatoria abierta, bajo los t\u00e9rminos que avale el Consejo Acad\u00e9mico. <a href=\"https:\/\/www.ibero.edu.co\/wp-content\/uploads\/2020\/07\/Sala-General-Acuerdo-161.-Poli%CC%81tica-de-Investigacio%CC%81n-Innovacio%CC%81n-y-Creacio%CC%81n-Arti%CC%81stica-y-Cultural.pdf\">(Pol\u00edtica de Investigaci\u00f3n, Innovaci\u00f3n y Creaci\u00f3n Art\u00edstica y Cultural, &nbsp;ACUERDO No. 161 28 de abril de 2020)<\/a><\/p>\n\n\n\n<div class=\"wp-block-group has-background\" style=\"background-color:#ce5046\"><div class=\"wp-block-group__inner-container\">\n<h3 class=\"has-text-align-center\" style=\"color:#ffffff;\">Facultad de Educaci\u00f3n<\/h3>\n<\/div><\/div>\n\n\n\n<div class=\"wp-block-group\"><div class=\"wp-block-group__inner-container\">\n<div class=\"wp-block-group\"><div class=\"wp-block-group__inner-container\">\n<span class=\"collapseomatic \" id=\"id69e65207cf1ca\"  tabindex=\"0\" title=\"Abrir\"    >Abrir<\/span><span id='swap-id69e65207cf1ca'  class='colomat-swap' style='display:none;'>Cerrar<\/span><div id=\"target-id69e65207cf1ca\" class=\"collapseomatic_content \"> <\/p>\n\n\n\n<p class=\"has-text-align-center\" style=\"font-size:18px\"><span class=\"collapseomatic \" id=\"id69e65207cf241\"  tabindex=\"0\" title=\"<strong>Licenciatura en Educaci\u00f3n Especial<\/strong>\"    ><strong>Licenciatura en Educaci\u00f3n Especial<\/strong><\/span><div id=\"target-id69e65207cf241\" class=\"collapseomatic_content \">\n\n\n\n<p class=\"has-text-align-center\"><span class=\"collapseomatic \" id=\"id69e65207cf29a\" rel=\"submenu-highlander\" tabindex=\"0\" title=\"<em>2019<\/em>\"    ><em>2019<\/em><\/span><div id=\"target-id69e65207cf29a\" class=\"collapseomatic_content \">\n\n\n\n<p class=\"has-normal-font-size\"><strong>YANNIS VANNESA CASTRO BEJARANO<\/strong><\/p>\n\n\n\n<p><strong><em>T\u00edtulo de proyecto:<\/em><\/strong><\/p>\n\n\n\n<p><a href=\"https:\/\/biblioteca.ibero.edu.co\/cgi-bin\/koha\/opac-detail.pl?biblionumber=33638\">Programa Formativo Para La Familia Como Agente Facilitador En El Desarrollo De Habilidades De La Vida Diaria De Adultos Con Discapacidad Intelectual Desde Un Modelo Andragogico.<\/a> <\/p>\n\n\n\n<\/div>\n\n\n\n<p class=\"has-text-align-center\"><span class=\"collapseomatic \" id=\"id69e65207cf2b0\" rel=\"submenu-highlander\" tabindex=\"0\" title=\"<em>2020<\/em>\"    ><em>2020<\/em><\/span><div id=\"target-id69e65207cf2b0\" class=\"collapseomatic_content \">\n\n\n\n<p><strong>YOJAN MAURICIO AGUILERA TOVAR<\/strong> <\/p>\n\n\n\n<p><strong><em>T\u00edtulo de proyecto:<\/em><\/strong><\/p>\n\n\n\n<p><a href=\"https:\/\/repositorio.ibero.edu.co\/handle\/001\/1131\">Secuencia did\u00e1ctica para potenciar el aprendizaje en ni\u00f1os de segundo de primaria del Gimnasio Campestre de Guilford desde la virtualidad<\/a> <\/div>\n\n\n\n<p class=\"has-text-align-center\"><span class=\"collapseomatic \" id=\"id69e65207cf2be\" rel=\"submenu-highlander\" tabindex=\"0\" title=\"<em>2021<\/em>\"    ><em>2021<\/em><\/span><div id=\"target-id69e65207cf2be\" class=\"collapseomatic_content \">\n\n\n\n<p><strong>MARIA CAMILA FORERO FORERO<\/strong><\/div>\n\n\n\n<\/div>\n\n\n\n<p class=\"has-text-align-center\" style=\"font-size:18px\"><span class=\"collapseomatic \" id=\"id69e65207cf2d2\"  tabindex=\"0\" title=\"<strong>Licenciatura en Educaci\u00f3n Infantil<\/strong>\"    ><strong>Licenciatura en Educaci\u00f3n Infantil<\/strong><\/span><div id=\"target-id69e65207cf2d2\" class=\"collapseomatic_content \">\n\n\n\n<p class=\"has-text-align-center\"><em><span class=\"collapseomatic \" id=\"id69e65207cf2f6\" rel=\"submenu-highlander\" tabindex=\"0\" title=\"<em>2019<\/em>\"    ><em>2019<\/em><\/span><div id=\"target-id69e65207cf2f6\" class=\"collapseomatic_content \"> <\/em><\/p>\n\n\n\n<p><strong>YHOYNER JOS\u00c9 NIETO VANEGAS<\/strong> <\/p>\n\n\n\n<p><strong><em>T\u00edtulo de proyecto:<\/em><\/strong><\/p>\n\n\n\n<p><a href=\"https:\/\/biblioteca.ibero.edu.co\/cgi-bin\/koha\/opac-detail.pl?biblionumber=33598\">Escuela Popular De Micro \u2013 Futbol: Pr\u00e1cticas Educativas Populares, Para La Construcci\u00f3n De Una Cultura De Paz.<\/a>  <\/div>\n\n\n\n<p class=\"has-text-align-center\"><span class=\"collapseomatic \" id=\"id69e65207cf303\" rel=\"submenu-highlander\" tabindex=\"0\" title=\"<em>2020<\/em>\"    ><em>2020<\/em><\/span><div id=\"target-id69e65207cf303\" class=\"collapseomatic_content \">\n\n\n\n<p><strong>LAURA VALENTINA CARVAJAL PADILLA <\/strong><\/p>\n\n\n\n<p><strong><em>T\u00edtulo de proyecto:<\/em><\/strong><\/p>\n\n\n\n<p><a href=\"https:\/\/repositorio.ibero.edu.co\/handle\/001\/1122\">Matrogimnasia apoyada en recursos digitales para fortalecer el v\u00ednculo afectivo padres e hijos<\/a><\/div>   <\/p>\n\n\n\n<p class=\"has-text-align-center\"><span class=\"collapseomatic \" id=\"id69e65207cf30e\" rel=\"submenu-highlander\" tabindex=\"0\" title=\"<em>2021<\/em>\"    ><em>2021<\/em><\/span><div id=\"target-id69e65207cf30e\" class=\"collapseomatic_content \">\n\n\n\n<p><strong>TANIA XILENA SEGURA LUNA<\/strong><\/div>\n\n\n\n<\/div>\n\n\n\n<\/div>\n<\/div><\/div>\n<\/div><\/div>\n\n\n\n<div style=\"height:20px\" aria-hidden=\"true\" class=\"wp-block-spacer\"><\/div>\n\n\n\n<div class=\"wp-block-group has-background\" style=\"background-color:#14a79d\"><div class=\"wp-block-group__inner-container\">\n<h3 class=\"has-text-align-center\" style=\"color:#ffffff;\">Facultad de Ciencias de la Salud<\/h3>\n<\/div><\/div>\n\n\n\n<div class=\"wp-block-group\"><div class=\"wp-block-group__inner-container\">\n<div class=\"wp-block-group\"><div class=\"wp-block-group__inner-container\">\n<span class=\"collapseomatic \" id=\"id69e65207cf332\"  tabindex=\"0\" title=\"Abrir\"    >Abrir<\/span><span id='swap-id69e65207cf332'  class='colomat-swap' style='display:none;'>Cerrar<\/span><div id=\"target-id69e65207cf332\" class=\"collapseomatic_content \">\n\n\n\n<p class=\"has-text-align-center\" style=\"font-size:18px\"><span class=\"collapseomatic \" id=\"id69e65207cf361\"  tabindex=\"0\" title=\"<strong>Fisioterapia<\/strong>\"    ><strong>Fisioterapia<\/strong><\/span><div id=\"target-id69e65207cf361\" class=\"collapseomatic_content \">\n\n\n\n<p class=\"has-text-align-center\"><span class=\"collapseomatic \" id=\"id69e65207cf37f\" rel=\"submenu-highlander\" tabindex=\"0\" title=\"<em>2019<\/em>\"    ><em>2019<\/em><\/span><div id=\"target-id69e65207cf37f\" class=\"collapseomatic_content \">\n\n\n\n<p><strong>ANGIE CAROLINA PE\u00d1A WALTERO<\/strong><\/p>\n\n\n\n<p><strong><em>T\u00edtulo del proyecto:<\/em><\/strong><\/p>\n\n\n\n<p><a href=\"https:\/\/repositorio.ibero.edu.co\/handle\/001\/911\">Influencia De La Percepci\u00f3n De La Imagen Corporal En El Desarrollo De Las Competencias Espaciotemporales En Estudiantes De La Corporaci\u00f3n Universitaria Iberoamericana<\/a><\/div>\n\n\n\n<p class=\"has-text-align-center\"><span class=\"collapseomatic \" id=\"id69e65207cf38c\" rel=\"submenu-highlander\" tabindex=\"0\" title=\"<em>2020<\/em>\"    ><em>2020<\/em><\/span><div id=\"target-id69e65207cf38c\" class=\"collapseomatic_content \">\n\n\n\n<p><strong>ANDREA VANESA DELGADO RODRIGUEZ<\/strong><\/p>\n\n\n\n<p><strong><em>T\u00edtulo del proyecto:<\/em><\/strong><\/p>\n\n\n\n<p><a href=\"https:\/\/repositorio.ibero.edu.co\/handle\/001\/1169\">Dise\u00f1o y validaci\u00f3n del contenido de escenarios de telerehabilitaci\u00f3n basados en simulaci\u00f3n cl\u00ednica para el programa de fisioterapia de la Corporaci\u00f3n Universitaria Iberoamericana<\/a><\/div>\n\n\n\n<p class=\"has-text-align-center\"><span class=\"collapseomatic \" id=\"id69e65207cf398\" rel=\"submenu-highlander\" tabindex=\"0\" title=\"<em>2021<\/em>\"    ><em>2021<\/em><\/span><div id=\"target-id69e65207cf398\" class=\"collapseomatic_content \">\n\n\n\n<p><strong>DANIEL ESTIVEN MENDEZ PENUELA<\/strong><\/div>\n\n\n\n<\/div>\n\n\n\n<p class=\"has-text-align-center\" style=\"font-size:18px\"><span class=\"collapseomatic \" id=\"id69e65207cf3ab\"  tabindex=\"0\" title=\"<strong>Fonoaudiolog\u00eda<\/strong>\"    ><strong>Fonoaudiolog\u00eda<\/strong><\/span><div id=\"target-id69e65207cf3ab\" class=\"collapseomatic_content \">\n\n\n\n<p class=\"has-text-align-center\"><span class=\"collapseomatic \" id=\"id69e65207cf3c8\" rel=\"submenu-highlander\" tabindex=\"0\" title=\"<em>2019<\/em>\"    ><em>2019<\/em><\/span><div id=\"target-id69e65207cf3c8\" class=\"collapseomatic_content \">\n\n\n\n<p><strong>TATIANA ANDREA SUAREZ ROJAS<\/strong><\/p>\n\n\n\n<p><strong><em>T\u00edtulo del proyecto:<\/em><\/strong><\/p>\n\n\n\n<p><a href=\"https:\/\/repositorio.ibero.edu.co\/handle\/001\/964\">Estudio Explicativo Sobre El Efecto De Un Programa Para El Desarrollo De Competencias Argumentativas Orales Y Escritas En Estudiantes Universitarios De La C.U.I<\/a><\/div>\n\n\n\n<p class=\"has-text-align-center\"><span class=\"collapseomatic \" id=\"id69e65207cf3d5\" rel=\"submenu-highlander\" tabindex=\"0\" title=\"<em>2020<\/em>\"    ><em>2020<\/em><\/span><div id=\"target-id69e65207cf3d5\" class=\"collapseomatic_content \">\n\n\n\n<p><strong>JESSICA ROCIO LOPEZ GARCIA<\/strong><\/p>\n\n\n\n<p><strong><em>T\u00edtulo del proyecto:<\/em><\/strong><\/p>\n\n\n\n<p><a href=\"https:\/\/repositorio.ibero.edu.co\/handle\/001\/1175\">Enfoques De Intervenci\u00f3n Fonoaudiol\u00f3gica En Cantantes: Tendencias Actuales<\/a><\/div>\n\n\n\n<p class=\"has-text-align-center\"><span class=\"collapseomatic \" id=\"id69e65207cf3e0\" rel=\"submenu-highlander\" tabindex=\"0\" title=\"<em>2021<\/em>\"    ><em>2021<\/em><\/span><div id=\"target-id69e65207cf3e0\" class=\"collapseomatic_content \">\n\n\n\n<p><strong>VALERY DAYAN BECERRA RAMIREZ<\/strong><\/div>\n\n\n\n<\/div>\n\n\n\n<\/div>\n<\/div><\/div>\n\n\n\n<p><\/p>\n<\/div><\/div>\n\n\n\n<div class=\"wp-block-group has-background\" style=\"background-color:#14243b\"><div class=\"wp-block-group__inner-container\">\n<h3 class=\"has-text-align-center\" style=\"color:#ffffff;\"> Facultad de Ciencias Empresariales <\/h3>\n<\/div><\/div>\n\n\n\n<div class=\"wp-block-group\"><div class=\"wp-block-group__inner-container\">\n<div class=\"wp-block-group\"><div class=\"wp-block-group__inner-container\">\n<div class=\"wp-block-group\"><div class=\"wp-block-group__inner-container\">\n<div class=\"wp-block-group\"><div class=\"wp-block-group__inner-container\">\n<span class=\"collapseomatic \" id=\"id69e65207cf3fe\"  tabindex=\"0\" title=\"Abrir\"    >Abrir<\/span><span id='swap-id69e65207cf3fe'  class='colomat-swap' style='display:none;'>Cerrar<\/span><div id=\"target-id69e65207cf3fe\" class=\"collapseomatic_content \">\n\n\n\n<p class=\"has-text-align-center\" style=\"font-size:18px\"><span class=\"collapseomatic \" id=\"id69e65207cf420\"  tabindex=\"0\" title=\"<strong>Administraci\u00f3n y Finanzas<\/strong>\"    ><strong>Administraci\u00f3n y Finanzas<\/strong><\/span><div id=\"target-id69e65207cf420\" class=\"collapseomatic_content \">\n\n\n\n<p class=\"has-text-align-center\"><span class=\"collapseomatic \" id=\"id69e65207cf438\" rel=\"submenu-highlander\" tabindex=\"0\" title=\"<em>2018<\/em>\"    ><em>2018<\/em><\/span><div id=\"target-id69e65207cf438\" class=\"collapseomatic_content \">\n\n\n\n<p><strong>ANDRES BARCO<\/strong><\/p>\n\n\n\n<p><strong><em>T\u00edtulo del proyecto:<\/em><\/strong><\/p>\n\n\n\n<p><a href=\"https:\/\/repositorio.ibero.edu.co\/handle\/001\/1173\">Econom\u00eda naranja, emprendimiento e innovaci\u00f3n en las principales zonas de explotaci\u00f3n petrolera en Colombia desde las pol\u00edticas p\u00fablicas y los planes de RSE del sector petrolero<\/a><\/div>\n\n\n\n<p class=\"has-text-align-center\"><span class=\"collapseomatic \" id=\"id69e65207cf444\" rel=\"submenu-highlander\" tabindex=\"0\" title=\"<em>2021<\/em>\"    ><em>2021<\/em><\/span><div id=\"target-id69e65207cf444\" class=\"collapseomatic_content \">\n\n\n\n<p><strong>NIBBY DANIELA PELAYO VERGEL<\/strong><\/div> <\/div>\n\n\n\n<p class=\"has-text-align-center\" style=\"font-size:18px\"><span class=\"collapseomatic \" id=\"id69e65207cf454\"  tabindex=\"0\" title=\"<strong>Contadur\u00eda P\u00fablica<\/strong>\"    ><strong>Contadur\u00eda P\u00fablica<\/strong><\/span><div id=\"target-id69e65207cf454\" class=\"collapseomatic_content \">\n\n\n\n<p class=\"has-text-align-center\"><span class=\"collapseomatic \" id=\"id69e65207cf46a\" rel=\"submenu-highlander\" tabindex=\"0\" title=\"<em>2020<\/em>\"    ><em>2020<\/em><\/span><div id=\"target-id69e65207cf46a\" class=\"collapseomatic_content \">\n\n\n\n<p><strong>ARLEY NICOLAS MU\u00d1OZ ALVAREZ<\/strong><\/p>\n\n\n\n<p><strong><em>T\u00edtulo del proyecto:<\/em><\/strong><\/p>\n\n\n\n<p><a href=\"https:\/\/repositorio.ibero.edu.co\/handle\/001\/1172\">Beta contable como par\u00e1metro de medici\u00f3n de riesgo en empresas no cotizantes<\/a><\/div> <\/div> <\/div>\n<\/div><\/div>\n<\/div><\/div>\n<\/div><\/div>\n<\/div><\/div>\n\n\n\n<div style=\"height:20px\" aria-hidden=\"true\" class=\"wp-block-spacer\"><\/div>\n\n\n\n<div class=\"wp-block-group has-background\" style=\"background-color:#be7314\"><div class=\"wp-block-group__inner-container\">\n<h3 class=\"has-text-align-center\" style=\"color:#ffffff;\"> Facultad Ciencias Humanas y Sociales <\/h3>\n<\/div><\/div>\n\n\n\n<div class=\"wp-block-group\"><div class=\"wp-block-group__inner-container\">\n<span class=\"collapseomatic \" id=\"id69e65207cf486\"  tabindex=\"0\" title=\"Abrir\"    >Abrir<\/span><span id='swap-id69e65207cf486'  class='colomat-swap' style='display:none;'>Cerrar<\/span><div id=\"target-id69e65207cf486\" class=\"collapseomatic_content \"> <\/p>\n\n\n\n<p class=\"has-text-align-center\" style=\"font-size:18px\"><span class=\"collapseomatic \" id=\"id69e65207cf4ad\"  tabindex=\"0\" title=\"<strong>Psicolog\u00eda<\/strong>\"    ><strong>Psicolog\u00eda<\/strong><\/span><div id=\"target-id69e65207cf4ad\" class=\"collapseomatic_content \">\n\n\n\n<p class=\"has-text-align-center\"><span class=\"collapseomatic \" id=\"id69e65207cf4d1\" rel=\"submenu-highlander\" tabindex=\"0\" title=\"<em>2018<\/em>\"    ><em>2018<\/em><\/span><div id=\"target-id69e65207cf4d1\" class=\"collapseomatic_content \">\n\n\n\n<p><strong>IRMA YUBELY MEDINA<\/strong><\/p>\n\n\n\n<p><strong><em>T\u00edtulo del proyecto:<\/em><\/strong><\/p>\n\n\n\n<p><a href=\"https:\/\/repositorio.ibero.edu.co\/handle\/001\/954\">Implicaciones del autismo en la calidad de vida de familiares<\/a> <\/div>\n\n\n\n<p class=\"has-text-align-center\"><span class=\"collapseomatic \" id=\"id69e65207cf4dc\" rel=\"submenu-highlander\" tabindex=\"0\" title=\"<em>2019<\/em>\"    ><em>2019<\/em><\/span><div id=\"target-id69e65207cf4dc\" class=\"collapseomatic_content \">\n\n\n\n<p><strong>MICHELL VANESSA GALVEZ PLATA<\/strong><\/p>\n\n\n\n<p><strong><em>T\u00edtulo del proyecto:<\/em><\/strong><\/p>\n\n\n\n<p><a href=\"https:\/\/repositorio.ibero.edu.co\/handle\/001\/950\">Percepciones Sociales Entorno Al Sexting En Una Muestra De Adolescentes Escolarizados Con Edades De 14 A 16 A\u00f1os<\/a> <\/div>\n\n\n\n<p class=\"has-text-align-center\"><span class=\"collapseomatic \" id=\"id69e65207cf4e9\" rel=\"submenu-highlander\" tabindex=\"0\" title=\"<em>2020<\/em>\"    ><em>2020<\/em><\/span><div id=\"target-id69e65207cf4e9\" class=\"collapseomatic_content \">\n\n\n\n<p><strong>VALENTINA VELASCO RAMIREZ<\/strong><\/p>\n\n\n\n<p><strong><em>T\u00edtulo del proyecto:<\/em><\/strong><\/p>\n\n\n\n<p><em><span class=\"has-inline-color has-black-color\"><a href=\"https:\/\/repositorio.ibero.edu.co\/handle\/001\/1138\">Las percepciones de los docentes y estudiantes sobre las pr\u00e1cticas pedag\u00f3gicas implementadas hacia la Comunidad Sorda en instituciones de educaci\u00f3n superior de Bogot\u00e1<\/a>.<\/span><\/em><\/div>\n\n\n\n<p class=\"has-text-align-center\"><span class=\"collapseomatic \" id=\"id69e65207cf4f4\" rel=\"submenu-highlander\" tabindex=\"0\" title=\"<em>2021<\/em>\"    ><em>2021<\/em><\/span><div id=\"target-id69e65207cf4f4\" class=\"collapseomatic_content \">\n\n\n\n<p><strong>SONIA VANESA CHACON CASTRO<\/strong><\/div> <\/div>\n\n\n\n<\/div>\n<\/div><\/div>\n\n\n\n<p><\/p>\n","protected":false},"excerpt":{"rendered":"<p>Definici\u00f3n: Mediante el programa que con estos fines establezca la Iberoamericana, se buscar\u00e1 formar j\u00f3venes en el \u00e1mbito cient\u00edfico, permiti\u00e9ndoles adquirir un perfil de investigadores&hellip;<\/p>\n","protected":false},"author":2,"featured_media":0,"parent":0,"menu_order":0,"comment_status":"closed","ping_status":"closed","template":"","meta":{"spay_email":""},"_links":{"self":[{"href":"https:\/\/investigaciones.ibero.edu.co\/index.php?rest_route=\/wp\/v2\/pages\/2060"}],"collection":[{"href":"https:\/\/investigaciones.ibero.edu.co\/index.php?rest_route=\/wp\/v2\/pages"}],"about":[{"href":"https:\/\/investigaciones.ibero.edu.co\/index.php?rest_route=\/wp\/v2\/types\/page"}],"author":[{"embeddable":true,"href":"https:\/\/investigaciones.ibero.edu.co\/index.php?rest_route=\/wp\/v2\/users\/2"}],"replies":[{"embeddable":true,"href":"https:\/\/investigaciones.ibero.edu.co\/index.php?rest_route=%2Fwp%2Fv2%2Fcomments&post=2060"}],"version-history":[{"count":65,"href":"https:\/\/investigaciones.ibero.edu.co\/index.php?rest_route=\/wp\/v2\/pages\/2060\/revisions"}],"predecessor-version":[{"id":5950,"href":"https:\/\/investigaciones.ibero.edu.co\/index.php?rest_route=\/wp\/v2\/pages\/2060\/revisions\/5950"}],"wp:attachment":[{"href":"https:\/\/investigaciones.ibero.edu.co\/index.php?rest_route=%2Fwp%2Fv2%2Fmedia&parent=2060"}],"curies":[{"name":"wp","href":"https:\/\/api.w.org\/{rel}","templated":true}]}}