{"id":2402,"date":"2022-03-10T14:50:15","date_gmt":"2022-03-10T19:50:15","guid":{"rendered":"https:\/\/investigaciones.ibero.edu.co\/?page_id=2402"},"modified":"2026-02-24T11:44:32","modified_gmt":"2026-02-24T16:44:32","slug":"genero-diversidades-y-disidencias-sexuales","status":"publish","type":"page","link":"https:\/\/investigaciones.ibero.edu.co\/?page_id=2402","title":{"rendered":"G\u00e9nero, Diversidades y Disidencias Sexuales"},"content":{"rendered":"\n<h3 align=\"center\" style=\"color:#872f40;\">Facultad de Ciencias Humanas y Sociales<\/h3>\n\n\n\n<h4 align=\"center\" style=\"color:#F2A900;\"> Programa de Psicolog\u00eda<\/h4>\n\n\n\n<h3 class=\"has-text-align-center\" style=\"color:#872f40;\">G\u00e9nero, Diversidades y Disidencias Sexuales<\/h3>\n\n\n\n<p><strong>Modalidad<\/strong>: Presencial<\/p>\n\n\n\n<p><strong>Lider:<\/strong> Jeferson Arboleda Zapata<\/p>\n\n\n\n<p><strong>Contacto<\/strong>: <a href=\"mailto:jeferson.arboleda@docente.ibero.edu.co\">jeferson.arboleda@docente.ibero.edu.co<\/a><\/p>\n\n\n\n<p><strong>Formulario de inscripci\u00f3n<\/strong><a href=\"https:\/\/sigiip.ibero.edu.co\/PSemilleros\/\"> (hacer clic aqui)<\/a><\/p>\n\n\n\n<h4>Mision<\/h4>\n\n\n\n<p>Fortalecer este espacio para la reflexi\u00f3n, discusi\u00f3n e investigaci\u00f3n en temas asociados al g\u00e9nero en su comprensi\u00f3n m\u00e1s amplia, a las disidencias y diversidades sexuales con el fin de desarrollar competencias en investigaci\u00f3n formativa y a su vez problematizar y analizar las pr\u00e1cticas sociales, culturales, econ\u00f3micas y pol\u00edticas asociadas al tema del g\u00e9nero, considerando siempre la transformaci\u00f3n de la realidad en beneficio de las minor\u00edas mediante una perspectiva \u00e9tica y de derechos humanos.<\/p>\n\n\n\n<h4>Vision<\/h4>\n\n\n\n<p>Posicionar a nivel institucional y local el Semillero de G\u00e9nero, diversidades y disidencias sexuales como un espacio para para la reflexi\u00f3n, discusi\u00f3n e investigaci\u00f3n en temas asociados al g\u00e9nero procurando la generaci\u00f3n y sostenimiento de acciones y discusiones que propendan por el cambio de las realidades sociales que afectan a las minor\u00edas sexuales.<\/p>\n\n\n\n<h4>Objetivos<\/h4>\n\n\n\n<p><strong>General<\/strong><\/p>\n\n\n\n<p>Analizar desde las amplias posibilidades del concepto de g\u00e9nero, las realidades, necesidades, proyecciones de personas, grupos, comunidades, territorios y minor\u00edas; para lograr una comprensi\u00f3n cr\u00edtica de los fen\u00f3menos sociales asociados al tema de g\u00e9nero, construyendo siempre reflexiones y acciones que faciliten la transformaci\u00f3n social.<\/p>\n\n\n\n<p><strong>Especificos<\/strong><\/p>\n\n\n\n<ul><li>Formular estrategias y acciones de intervenci\u00f3n, sensibilizaci\u00f3n, reconocimiento en temas de g\u00e9nero que pueden impactar al interior de la Iberoamericana, pero tambi\u00e9n en otros escenarios donde se logre tejer red.<\/li><li>Facilitar, orientar, la construcci\u00f3n y desarrollo de varias propuestas de investigaci\u00f3n como semillero y como trabajo de grado.<\/li><li>Problematizar discursos hegem\u00f3nicos sobre el g\u00e9nero y construcciones sociales asociadas a los estereotipos de g\u00e9nero, roles de g\u00e9nero y din\u00e1micas performativas.<\/li><li>Explorar, comprender y apropiar distintos discursos acad\u00e9micos, te\u00f3ricos asociados a los temas declarados de inter\u00e9s del grupo.<\/li><li>Discutir y socializar los trabajos y experiencias vividas en funci\u00f3n de temas de inter\u00e9s del grupo de cada una de las integrantes del mismo.<\/li><li>Fomentar la visi\u00f3n cr\u00edtica en nuestras disciplinas desde el enfoque diferencial.<\/li><li>Intercambiar distintas posturas, experiencias y trabajos asociaos al tema de inter\u00e9s del grupo con referentes ajenos al grupo.<\/li><li>Visibilizar institucionalmente el grupo participando de distintos escenarios posibles<\/li><\/ul>\n\n\n\n<p><\/p>\n","protected":false},"excerpt":{"rendered":"<p>Facultad de Ciencias Humanas y Sociales Programa de Psicolog\u00eda G\u00e9nero, Diversidades y Disidencias Sexuales Modalidad: Presencial Lider: Jeferson Arboleda Zapata Contacto: jeferson.arboleda@docente.ibero.edu.co Formulario de inscripci\u00f3n&hellip;<\/p>\n","protected":false},"author":2,"featured_media":0,"parent":290,"menu_order":0,"comment_status":"closed","ping_status":"closed","template":"","meta":{"spay_email":""},"_links":{"self":[{"href":"https:\/\/investigaciones.ibero.edu.co\/index.php?rest_route=\/wp\/v2\/pages\/2402"}],"collection":[{"href":"https:\/\/investigaciones.ibero.edu.co\/index.php?rest_route=\/wp\/v2\/pages"}],"about":[{"href":"https:\/\/investigaciones.ibero.edu.co\/index.php?rest_route=\/wp\/v2\/types\/page"}],"author":[{"embeddable":true,"href":"https:\/\/investigaciones.ibero.edu.co\/index.php?rest_route=\/wp\/v2\/users\/2"}],"replies":[{"embeddable":true,"href":"https:\/\/investigaciones.ibero.edu.co\/index.php?rest_route=%2Fwp%2Fv2%2Fcomments&post=2402"}],"version-history":[{"count":10,"href":"https:\/\/investigaciones.ibero.edu.co\/index.php?rest_route=\/wp\/v2\/pages\/2402\/revisions"}],"predecessor-version":[{"id":6755,"href":"https:\/\/investigaciones.ibero.edu.co\/index.php?rest_route=\/wp\/v2\/pages\/2402\/revisions\/6755"}],"up":[{"embeddable":true,"href":"https:\/\/investigaciones.ibero.edu.co\/index.php?rest_route=\/wp\/v2\/pages\/290"}],"wp:attachment":[{"href":"https:\/\/investigaciones.ibero.edu.co\/index.php?rest_route=%2Fwp%2Fv2%2Fmedia&parent=2402"}],"curies":[{"name":"wp","href":"https:\/\/api.w.org\/{rel}","templated":true}]}}