{"id":290,"date":"2020-06-01T22:36:32","date_gmt":"2020-06-02T03:36:32","guid":{"rendered":"http:\/\/localhost\/wordpress\/?page_id=290"},"modified":"2026-02-26T12:24:49","modified_gmt":"2026-02-26T17:24:49","slug":"semilleros","status":"publish","type":"page","link":"https:\/\/investigaciones.ibero.edu.co\/?page_id=290","title":{"rendered":"Semilleros de Investigaci\u00f3n e Innovaci\u00f3n"},"content":{"rendered":"\n<div id=\"metaslider-id-2004\" style=\"max-width: 1050px; margin: 0 auto;\" class=\"ml-slider-3-27-2 metaslider metaslider-flex metaslider-2004 ml-slider\">\n    <div id=\"metaslider_container_2004\">\n        <div id=\"metaslider_2004\" class=\"flexslider\">\n            <ul aria-live=\"polite\" class=\"slides\">\n                <li style=\"display: block; width: 100%;\" class=\"slide-2027 ms-image\"><a href=\"https:\/\/sigiip.ibero.edu.co\/PSemilleros\/\" target=\"_self\"><img width=\"6635\" height=\"1042\" src=\"https:\/\/investigaciones.ibero.edu.co\/wp-content\/uploads\/2021\/05\/sem02-02.png\" class=\"slider-2004 slide-2027\" alt=\"\" loading=\"lazy\" rel=\"\" title=\"sem02-02\" srcset=\"https:\/\/investigaciones.ibero.edu.co\/wp-content\/uploads\/2021\/05\/sem02-02.png 6635w, https:\/\/investigaciones.ibero.edu.co\/wp-content\/uploads\/2021\/05\/sem02-02-300x47.png 300w, https:\/\/investigaciones.ibero.edu.co\/wp-content\/uploads\/2021\/05\/sem02-02-1024x161.png 1024w, https:\/\/investigaciones.ibero.edu.co\/wp-content\/uploads\/2021\/05\/sem02-02-768x121.png 768w, https:\/\/investigaciones.ibero.edu.co\/wp-content\/uploads\/2021\/05\/sem02-02-1536x241.png 1536w, https:\/\/investigaciones.ibero.edu.co\/wp-content\/uploads\/2021\/05\/sem02-02-2048x322.png 2048w\" sizes=\"(max-width: 6635px) 100vw, 6635px\" \/><\/a><\/li>\n                <li style=\"display: none; width: 100%;\" class=\"slide-2028 ms-image\"><a href=\"https:\/\/sigiip.ibero.edu.co\/PSemilleros\/\" target=\"_self\"><img width=\"6818\" height=\"1068\" src=\"https:\/\/investigaciones.ibero.edu.co\/wp-content\/uploads\/2021\/05\/sem03-03.png\" class=\"slider-2004 slide-2028\" alt=\"\" loading=\"lazy\" rel=\"\" title=\"sem03-03\" srcset=\"https:\/\/investigaciones.ibero.edu.co\/wp-content\/uploads\/2021\/05\/sem03-03.png 6818w, https:\/\/investigaciones.ibero.edu.co\/wp-content\/uploads\/2021\/05\/sem03-03-300x47.png 300w, https:\/\/investigaciones.ibero.edu.co\/wp-content\/uploads\/2021\/05\/sem03-03-1024x160.png 1024w, https:\/\/investigaciones.ibero.edu.co\/wp-content\/uploads\/2021\/05\/sem03-03-768x120.png 768w, https:\/\/investigaciones.ibero.edu.co\/wp-content\/uploads\/2021\/05\/sem03-03-1536x241.png 1536w, https:\/\/investigaciones.ibero.edu.co\/wp-content\/uploads\/2021\/05\/sem03-03-2048x321.png 2048w\" sizes=\"(max-width: 6818px) 100vw, 6818px\" \/><\/a><\/li>\n                <li style=\"display: none; width: 100%;\" class=\"slide-2026 ms-image\"><a href=\"https:\/\/sigiip.ibero.edu.co\/PSemilleros\/\" target=\"_self\"><img width=\"6550\" height=\"1067\" src=\"https:\/\/investigaciones.ibero.edu.co\/wp-content\/uploads\/2021\/05\/sem01_Mesa-de-trabajo-1.png\" class=\"slider-2004 slide-2026\" alt=\"\" loading=\"lazy\" rel=\"\" title=\"sem01_Mesa de trabajo 1\" srcset=\"https:\/\/investigaciones.ibero.edu.co\/wp-content\/uploads\/2021\/05\/sem01_Mesa-de-trabajo-1.png 6550w, https:\/\/investigaciones.ibero.edu.co\/wp-content\/uploads\/2021\/05\/sem01_Mesa-de-trabajo-1-300x49.png 300w, https:\/\/investigaciones.ibero.edu.co\/wp-content\/uploads\/2021\/05\/sem01_Mesa-de-trabajo-1-1024x167.png 1024w, https:\/\/investigaciones.ibero.edu.co\/wp-content\/uploads\/2021\/05\/sem01_Mesa-de-trabajo-1-768x125.png 768w, https:\/\/investigaciones.ibero.edu.co\/wp-content\/uploads\/2021\/05\/sem01_Mesa-de-trabajo-1-1536x250.png 1536w, https:\/\/investigaciones.ibero.edu.co\/wp-content\/uploads\/2021\/05\/sem01_Mesa-de-trabajo-1-2048x334.png 2048w\" sizes=\"(max-width: 6550px) 100vw, 6550px\" \/><\/a><\/li>\n            <\/ul>\n        <\/div>\n        \n    <\/div>\n<\/div>\n\n\n\n<p><strong>Definici\u00f3n:<\/strong> Es una organizaci\u00f3n de conformaci\u00f3n aut\u00f3noma por los estudiantes, fundamentada en aprender a investigar investigando y en innovar desde el intercambio colectivo de ideas, bajo la orientaci\u00f3n de un docente en calidad de asesor. Dentro de estos se ejecutan proyectos y actividades para el alcance de competencias y resultados de aprendizaje en investigaci\u00f3n e innovaci\u00f3n, que contribuyan al desarrollo de los perfiles de formaci\u00f3n definidos por los programas acad\u00e9micos de la instituci\u00f3n. Su reconocimiento como semillero de investigaci\u00f3n e innovaci\u00f3n, se establecer\u00e1 en el marco del Comit\u00e9 Acad\u00e9mico y de Proyecci\u00f3n Social, bajo los criterios de evaluaci\u00f3n establecidos en el reglamento de investigaci\u00f3n, innovaci\u00f3n y creaci\u00f3n. <a href=\"https:\/\/www.ibero.edu.co\/wp-content\/uploads\/2020\/07\/Sala-General-Acuerdo-161.-Poli%CC%81tica-de-Investigacio%CC%81n-Innovacio%CC%81n-y-Creacio%CC%81n-Arti%CC%81stica-y-Cultural.pdf\">(Pol\u00edtica de Investigaci\u00f3n, Innovaci\u00f3n y Creaci\u00f3n Art\u00edstica y Cultural, &nbsp;ACUERDO No. 161 28 de abril de 2020)<\/a><\/p>\n\n\n\n<div class=\"wp-block-group\"><div class=\"wp-block-group__inner-container\">\n<div class=\"wp-block-group\"><div class=\"wp-block-group__inner-container\">\n<div class=\"wp-block-group\"><div class=\"wp-block-group__inner-container\">\n<div class=\"wp-block-group\"><div class=\"wp-block-group__inner-container\">\n<h3 style=\"color: #872f40;\" class=\"has-text-align-center\">Facultad de Ingenier\u00eda<\/h3>\n\n\n\n<span class=\"collapseomatic \" id=\"id6a046f0688e22\"  tabindex=\"0\" title=\"Abrir\"    >Abrir<\/span><span id='swap-id6a046f0688e22'  class='colomat-swap' style='display:none;'>Cerrar<\/span><div id=\"target-id6a046f0688e22\" class=\"collapseomatic_content \">\n<h4 class=\"has-text-align-center\" style=\"color: #f2a900;\">Programas de Ingenier\u00eda Industrial &#8211; Ingenier\u00eda de Software<\/h4>\n<div class=\"has-text-align-center\"><img class=\"wp-image-452\" style=\"width: 480px;\" src=\"https:\/\/investigaciones.ibero.edu.co\/wp-content\/uploads\/2022\/03\/WhatsApp-Image-2022-03-09-at-8.53.56-AM.jpeg\" \/><\/br>\n<a href=\"https:\/\/investigaciones.ibero.edu.co\/?page_id=767\" target=\"_blank\" rel=\"noopener noreferrer\"><img class=\"wp-image-452\" style=\"width: 80px;\" src=\"https:\/\/investigaciones.ibero.edu.co\/wp-content\/uploads\/2020\/07\/SIvFI-scaled.jpg\" alt=\"\" \/><\/br>\nSEMILLERO DE INVESTIGACI\u00d3N VIRTUAL DE LA FACULTAD DE INGENIER\u00cdA &#8211; SIvFI<br>\n<strong>Modalidad:<\/strong> virtual<br><\/a>\n<strong>Lider:<\/strong> Adriana Paola Pach\u00f3n Guti\u00e9rrez<br>\n<strong>Contacto<\/strong>: <a href=\"mailto:adriana.pachon@docente.ibero.edu.co\">adriana.pachon@docente.ibero.edu.co<\/a><br>\n<strong>Lider:<\/strong> Gloria Alejandra Rubio Vanegas<br>\n<strong>Contacto<\/strong>: <a href=\"mailto:gloria.rubio@docente.ibero.edu.co\">gloria.rubio@docente.ibero.edu.co<\/a><br>\n<strong>Lider:<\/strong> Carmen Emilia Rubio Vanegas<br>\n<strong>Contacto<\/strong>: <a href=\"mailto:carmen.rubio@docente.ibero.edu.co\">carmen.rubio@docente.ibero.edu.co<\/a><br>\n<strong>Formulario de inscripci\u00f3n<\/strong><a href=\"https:\/\/sigiip.ibero.edu.co\/PSemilleros\/\"> (hacer clic aqui)<\/a><\/div>\n<\/div>\n\n\n\n<p><\/p>\n<\/div><\/div>\n<\/div><\/div>\n<\/div><\/div>\n<\/div><\/div>\n\n\n\n<div class=\"wp-block-group\"><div class=\"wp-block-group__inner-container\">\n<div class=\"wp-block-group\"><div class=\"wp-block-group__inner-container\">\n<div class=\"wp-block-group\"><div class=\"wp-block-group__inner-container\">\n<div class=\"wp-block-group\"><div class=\"wp-block-group__inner-container\">\n<div class=\"wp-block-group\"><div class=\"wp-block-group__inner-container\">\n<h3 style=\"color: #872f40;\" align=\"center\">Facultad de Educaci\u00f3n<\/h3>\n\t<span class=\"collapseomatic \" id=\"id6a046f0688e43\"  tabindex=\"0\" title=\"Abrir\"    >Abrir<\/span><span id='swap-id6a046f0688e43'  class='colomat-swap' style='display:none;'>Cerrar<\/span><div id=\"target-id6a046f0688e43\" class=\"collapseomatic_content \">\n\t<h4 style=\"color: #f2a900;\" align=\"center\">Programa de Licenciatura en educaci\u00f3n especial &#8211; Licenciatura en Educaci\u00f3n infantil<\/h4>\n\t<div class=\"left_article\" style=\"width: 50%;\" align=\"center\">\n\t\t<a href=\"https:\/\/investigaciones.ibero.edu.co\/?page_id=774\" target=\"_blank\" rel=\"noopener noreferrer\"><img class=\"wp-image-452\" style=\"width: 120px;\" src=\"https:\/\/investigaciones.ibero.edu.co\/wp-content\/uploads\/2020\/07\/KIPUY.jpeg\" alt=\"\"><br>KIPUY<br><strong>Modalidad<\/strong>: Presencial, Virtual, Distancia<br><strong>Lider:<\/strong> Sandra Milena Rinc\u00f3n<br><strong>Contacto<\/strong>: <\/a><a href=\"mailto:sandra.rincon@docente.ibero.edu.co\">sandra.rincon.cuineme@docente.ibero.edu.co<\/a><br><strong>Formulario de inscripci\u00f3n<\/strong><a href=\"https:\/\/sigiip.ibero.edu.co\/PSemilleros\/\"> (hacer clic aqui)<\/a><br><br>\n\t\t<a href=\"https:\/\/investigaciones.ibero.edu.co\" target=\"_blank\" rel=\"noopener noreferrer\"><img class=\"wp-image-452\" style=\"width: 80px;\" src=\"https:\/\/investigaciones.ibero.edu.co\/wp-content\/uploads\/2025\/04\/AYD.png\" alt=\"\"><br>Arte y Diversidad <br><strong>Modalidad<\/strong>: Presencial, Virtual, Distancia<br><strong>Lider:<\/strong> Miguel Andr\u00e9s \u00c1lvarez Lea\u00f1o<br><strong>Contacto:<\/strong><\/a><a href=\"mailto:miguel.alvarez@docente.ibero.edu.co\"> miguel.alvarez@docente.ibero.edu.co<\/a><br><strong>Formulario de inscripci\u00f3n<\/strong><a href=\"https:\/\/sigiip.ibero.edu.co\/PSemilleros\/\"> (hacer clic aqui)<\/a><br><br>\n\t\t<a href=\"https:\/\/investigaciones.ibero.edu.co\" target=\"_blank\" rel=\"noopener noreferrer\"><img class=\"wp-image-452\" style=\"width: 80px;\" src=\"https:\/\/investigaciones.ibero.edu.co\/wp-content\/uploads\/2021\/01\/lli.png\" alt=\"\"><br>LETRAS <br><strong>Modalidad<\/strong>: Presencial, Virtual, Distancia<br><strong>Lider:<\/strong> Mar\u00eda Cristina Fortaleche Trujillo<br><strong>Contacto<\/strong>: <\/a><a href=\"mailto:maria.fortaleche@docente.ibero.edu.co\">maria.fortaleche@docente.ibero.edu.co<\/a><br><strong>Formulario de inscripci\u00f3n<\/strong><a href=\"https:\/\/sigiip.ibero.edu.co\/PSemilleros\/\"> (hacer clic aqui)<\/a>\n\t<\/div>\n<br>\n\t<div class=\"right_article\" style=\"width: 50%;\" align=\"center\">\n\t\t<a href=\"https:\/\/investigaciones.ibero.edu.co\/?page_id=776\" target=\"_blank\" rel=\"noopener noreferrer\"><img class=\"wp-image-452\" style=\"width: 80px;\" src=\"https:\/\/investigaciones.ibero.edu.co\/wp-content\/uploads\/2020\/07\/DIDASTEMPUS.png\" alt=\"\"><br>Desarrollo, Competencias y Diversidad En Primera Infancia &#8211; DIDASTEMPUS<br><strong>Modalidad<\/strong>: Presencial, Virtual, Distancia<br><strong>Lider:<\/strong> Diego Fernando Moreno Tocora<br><strong>Contacto<\/strong>: <\/a><a href=\"mailto:diego.moreno@docente.ibero.edu.co\">diego.moreno@docente.ibero.edu.co<\/a><br><strong>Formulario de inscripci\u00f3n<\/strong><a href=\"https:\/\/sigiip.ibero.edu.co\/PSemilleros\/\"> (hacer clic aqui)<\/a><br><br>\n\t\t<a href=\"https:\/\/investigaciones.ibero.edu.co\/?page_id=778\" target=\"_blank\" rel=\"noopener noreferrer\"><img class=\"wp-image-452\" style=\"width: 80px;\" src=\"https:\/\/investigaciones.ibero.edu.co\/wp-content\/uploads\/2020\/07\/SCAPHU.png\" alt=\"\"><br>Estudios Interseccionales en Capacidades Humanas &#8211; SCAPHU<br><strong>Modalidad<\/strong>: Presencial, Virtual, Distancia<br><strong>Lider:<\/strong> Luz Adriana Vargas Sanabria<br><strong>Contacto<\/strong>: <a href=\"mailto:luz.vargas@docente.ibero.edu.co\">luz.vargas@docente.ibero.edu.co<\/a><br><strong>Formulario de inscripci\u00f3n<\/strong><a href=\"https:\/\/sigiip.ibero.edu.co\/PSemilleros\/\"> (hacer clic aqui)<\/a><br><br>\n\t\t<a href=\"https:\/\/investigaciones.ibero.edu.co\/?page_id=6766\" target=\"_blank\" rel=\"noopener noreferrer\"><img class=\"wp-image-452\" style=\"width: 80px;\" src=\"https:\/\/investigaciones.ibero.edu.co\/wp-content\/uploads\/2020\/08\/seminv.png\" alt=\"\"><br>AUREO<br><strong>Modalidad<\/strong>: Virtual<br><strong>Lider:<\/strong> Daniel Gustavo Cristancho Rojas<br><strong>Contacto<\/strong>: <a href=\"mailto:Daniel.cristancho@docente.ibero.eud.co\">Daniel.cristancho@docente.ibero.eud.co<\/a><br><strong>Formulario de inscripci\u00f3n<\/strong><a href=\"https:\/\/sigiip.ibero.edu.co\/PSemilleros\/\"> (hacer clic aqui)<\/a><br><\/div>\n\t<\/div><br>\n\n\n\n<p><\/p>\n<\/div><\/div>\n<\/div><\/div>\n<\/div><\/div>\n<\/div><\/div>\n<\/div><\/div>\n\n\n\n<div class=\"wp-block-group\"><div class=\"wp-block-group__inner-container\">\n<div class=\"wp-block-group\"><div class=\"wp-block-group__inner-container\">\n<h3 align=\"center\" style=\"color:#872f40;\">Facultad de Ciencias Humanas y Sociales<\/h3>\n<span class=\"collapseomatic \" id=\"id6a046f0688e6c\"  tabindex=\"0\" title=\"Abrir\"    >Abrir<\/span><span id='swap-id6a046f0688e6c'  class='colomat-swap' style='display:none;'>Cerrar<\/span><div id=\"target-id6a046f0688e6c\" class=\"collapseomatic_content \"><h4 align=\"center\" style=\"color:#F2A900;\">Programa de Psicolog\u00eda<\/h4>\t\n<div class=\"left_article\" style=\"width: 50%;\" align=\"center\">\n\t\t<a href=\"https:\/\/investigaciones.ibero.edu.co\/?page_id=780\" target=\"_blank\" rel=\"noopener noreferrer\"><img class=\"wp-image-452\" style=\"width: 80px;\" src=\"https:\/\/investigaciones.ibero.edu.co\/wp-content\/uploads\/2020\/07\/ECLIPS-C.png\" alt=\"\"><br>Estudios Clinicos en Psicologia Contextual &#8211; ECLIPS-C<br><strong>Modalidad<\/strong>: Virtual<br><strong>Lider:<\/strong> Lady Maritza Quintero Mu\u00f1oz<br><strong>Contacto<\/strong>:<\/a><a href=\"mailto:lady.quintero@docente.ibero.edu.co\">lady.quintero@docente.ibero.edu.co<\/a><br><strong>Formulario de inscripci\u00f3n<\/strong><a href=\"https:\/\/sigiip.ibero.edu.co\/PSemilleros\/\"> (hacer clic aqui)<\/a><br><br>\n\t\t<a href=\"https:\/\/investigaciones.ibero.edu.co\/?page_id=785\" target=\"_blank\" rel=\"noopener noreferrer\"><img class=\"wp-image-452\" style=\"width: 80px;\" src=\"https:\/\/investigaciones.ibero.edu.co\/wp-content\/uploads\/2020\/07\/BIBRA.png\" alt=\"\"><br>Biology Brain &#8211; BIBRA <br><strong>Modalidad<\/strong>: Presencial<br><strong>Lider:<\/strong> Miguel \u00c1ngel G\u00f3mez<br><strong>Contacto<\/strong>: <\/a><a href=\"mailto:miguel.gomez@docente.ibero.edu.co\">miguel.gomez@docente.ibero.edu.co<\/a><br><strong>Formulario de inscripci\u00f3n<\/strong><a href=\"https:\/\/sigiip.ibero.edu.co\/PSemilleros\/\"> (hacer clic aqui)<\/a><br><br>\n\t\t<a href=\"https:\/\/investigaciones.ibero.edu.co\/?page_id=787\" target=\"_blank\" rel=\"noopener noreferrer\"><img class=\"wp-image-452\" style=\"width: 80px;\" src=\"https:\/\/investigaciones.ibero.edu.co\/wp-content\/uploads\/2020\/07\/ESPIA.jpeg\" alt=\"\"><br>Estudios de Prevenci\u00f3n e Investigaci\u00f3n en Adicciones &#8211; ESPIA<br><strong>Modalidad<\/strong>: Presencial<br><strong>Lider:<\/strong> Laura Carolina Rinc\u00f3n Cadena<br><strong>Contacto<\/strong>: <\/a><a href=\"mailto:laura.rinconc@docente.ibero.edu.co\">laura.rinconc@docente.ibero.edu.co<\/a><br><strong>Formulario de inscripci\u00f3n<\/strong><a href=\"https:\/\/sigiip.ibero.edu.co\/PSemilleros\/\"> (hacer clic aqui)<\/a><br><br>\n\t\t<a href=\"https:\/\/investigaciones.ibero.edu.co\/?page_id=2402\" target=\"_blank\" rel=\"noopener noreferrer\"><img class=\"wp-image-452\" style=\"width: 80px;\" src=\"https:\/\/investigaciones.ibero.edu.co\/wp-content\/uploads\/2020\/08\/seminv.png\" alt=\"\"><br>G\u00e9nero, Diversidades y Disidencias Sexuales<br><strong>Modalidad<\/strong>: Presencial<br><strong>Lider:<\/strong> Jeferson Arboleda Zapata<br><strong>Contacto<\/strong>: <\/a><a href=\"mailto:jeferson.arboleda@docente.ibero.edu.co\">jeferson.arboleda@docente.ibero.edu.co<\/a><br><strong>Formulario de inscripci\u00f3n<\/strong><a href=\"https:\/\/sigiip.ibero.edu.co\/PSemilleros\/\"> (hacer clic aqui)<\/a><br>\n\t<\/div>\n\t<div class=\"right_article\" style=\"width: 50%;\" align=\"center\">\n\t\t<a href=\"https:\/\/investigaciones.ibero.edu.co\/?page_id=789\" target=\"_blank\" rel=\"noopener noreferrer\"><img class=\"wp-image-452\" style=\"width: 80px;\" src=\"https:\/\/investigaciones.ibero.edu.co\/wp-content\/uploads\/2020\/07\/MERAKI.png\" alt=\"\"><br>MERAKI<br><strong>Modalidad<\/strong>: Presencial<br><strong>Lider:<\/strong> Liliana Marcela Izquierdo Mar\u00edn<br><strong>Contacto<\/strong>: <\/a><a href=\"mailto:liliana.izquierdo@docente.ibero.edu.co\">liliana.izquierdo@docente.ibero.edu.co<\/a><br><strong>Formulario de inscripci\u00f3n<\/strong><a href=\"https:\/\/sigiip.ibero.edu.co\/PSemilleros\/\"> (hacer clic aqui)<\/a><br><br>\n\t\t<a href=\"https:\/\/investigaciones.ibero.edu.co\/?page_id=791\" target=\"_blank\" rel=\"noopener noreferrer\"><img class=\"wp-image-452\" style=\"width: 80px;\" src=\"https:\/\/investigaciones.ibero.edu.co\/wp-content\/uploads\/2020\/07\/PSISMO.png\" alt=\"\"><br>Psicolog\u00eda Social en Movimiento &#8211; PSISMO<br><strong>Modalidad<\/strong>: Presencial<br><strong>Lider:<\/strong> Luis Carlos Duque Naranjo<br><strong>Contacto<\/strong>: <\/a><a href=\"mailto:luis.duque@docente.ibero.edu.co\">luis.duque@docente.ibero.edu.co<\/a><br><strong>Formulario de inscripci\u00f3n<\/strong><a href=\"https:\/\/sigiip.ibero.edu.co\/PSemilleros\/\"> (hacer clic aqui)<\/a><br><br>\n\t\t<a href=\"https:\/\/investigaciones.ibero.edu.co\/?page_id=2391\" target=\"_blank\" rel=\"noopener noreferrer\"><img class=\"wp-image-452\" style=\"width: 80px;\" src=\"https:\/\/investigaciones.ibero.edu.co\/wp-content\/uploads\/2020\/08\/seminv.png\" alt=\"\"><br>LUCTUS<br><strong>Modalidad<\/strong>: Virtual<br><strong>Lider:<\/strong> <br><strong>Contacto<\/strong>: <\/a><a href=\"\"> <\/a><br><strong>Formulario de inscripci\u00f3n<\/strong><a href=\"https:\/\/sigiip.ibero.edu.co\/PSemilleros\/\"> (hacer clic aqui)<\/a>\n\t<\/div>\t\n\t<\/div><br>\n\n\n\n<p><\/p>\n<\/div><\/div>\n<\/div><\/div>\n\n\n\n<div class=\"wp-block-group\"><div class=\"wp-block-group__inner-container\">\n<div class=\"wp-block-group\"><div class=\"wp-block-group__inner-container\">\n<h3 align=\"center\" style=\"color:#872f40;\">Facultad de Ciencias Empresariales<\/h3>\n\t<span class=\"collapseomatic \" id=\"id6a046f0688e84\"  tabindex=\"0\" title=\"Abrir\"    >Abrir<\/span><span id='swap-id6a046f0688e84'  class='colomat-swap' style='display:none;'>Cerrar<\/span><div id=\"target-id6a046f0688e84\" class=\"collapseomatic_content \">\n\t<h4 align=\"center\" style=\"color:#F2A900;\">Todos los Programas<\/h4><br>\n\t<div align=\"center\">\n\t\t<a href=\"https:\/\/investigaciones.ibero.edu.co\/?page_id=793\" target=\"_blank\" rel=\"noopener noreferrer\"><img class=\"wp-image-452\" style=\"width: 80px;\" src=\"https:\/\/investigaciones.ibero.edu.co\/wp-content\/uploads\/2020\/07\/CIEMPRE.png\" alt=\"\"><br>Semillero Facultad Ciencias Empresariales &#8211; CIEMPRE<br><strong>Modalidad<\/strong>: Presencial<br>\n<strong>Lideres:<\/strong> Mar\u00eda Alexandra Castro Rico;<br> Francisco Javier Caballero Otalora;<br> \t\nAngye Lorena Bernal Suarez;<br><strong>Contacto:<\/strong><\/a><a href=\"mailto:maria.castro@docente.ibero.edu.co\"> maria.castro@docente.ibero.edu.co<\/a><br><a href=\"mailto:francisco.caballero@docente.ibero.edu.co\"> francisco.caballero@docente.ibero.edu.co<\/a><br><a href=\"mailto:angye.bernal@docente.ibero.edu.co\"> angye.bernal@docente.ibero.edu.co<\/a><br><strong>Formulario de inscripci\u00f3n<\/strong><a href=\"https:\/\/sigiip.ibero.edu.co\/PSemilleros\/\"> (hacer clic aqui)<\/a>\n\t<\/div>\n\t<\/div><br>\n<\/div><\/div>\n<\/div><\/div>\n\n\n\n<div class=\"wp-block-group\"><div class=\"wp-block-group__inner-container\">\n<div class=\"wp-block-group\"><div class=\"wp-block-group__inner-container\">\n<h3 align=\"center\" style=\"color:#872f40;\">Facultad de Ciencias de la Salud<\/h3><span class=\"collapseomatic \" id=\"id6a046f0688e93\"  tabindex=\"0\" title=\"Abrir\"    >Abrir<\/span><span id='swap-id6a046f0688e93'  class='colomat-swap' style='display:none;'>Cerrar<\/span><div id=\"target-id6a046f0688e93\" class=\"collapseomatic_content \"><h4 align=\"center\" style=\"color:#F2A900;\">Programa de Fisioterapia<\/h4>\n<div align=\"center\"><a href=\"https:\/\/investigaciones.ibero.edu.co\/?page_id=795\" target=\"_blank\" rel=\"noopener noreferrer\"><img class=\"wp-image-452\" style=\"width: 80px;\" src=\"https:\/\/investigaciones.ibero.edu.co\/wp-content\/uploads\/2024\/08\/Logos-Semillero-1-2.png\" alt=\"\"><br>Movimiento Corporal Humano &#8211; IMCOH<br><strong>Modalidad<\/strong>: Presencial<br><strong>Lider 1:<\/strong> Angie Carolina Pe\u00f1a Waltero<br><strong>Contacto<\/strong>: <\/a><a href=\"mailto:carolina.pena@docente.ibero.edu.co\">carolina.pena@docente.ibero.edu.co<br>\n<strong>Lider 2:<\/strong> Betty Astrid Vel\u00e1squez Silva<br><strong>Contacto<\/strong>: <\/a><a href=\"mailto:betty.velasquez@docente.ibero.edu.co\">betty.velasquez@docente.ibero.edu.co<br>Formulario de inscripci\u00f3n<\/strong><a href=\"https:\/\/sigiip.ibero.edu.co\/PSemilleros\/\"> (hacer clic aqui)<\/a><\/div>\n<h4 align=\"center\" style=\"color:#F2A900;\">Programa de Fonoaudiolog\u00eda<\/h4>\n<div class=\"left_article\" style=\"width: 50%;\" align=\"center\"><a href=\"https:\/\/investigaciones.ibero.edu.co\/?page_id=797\" target=\"_blank\" rel=\"noopener noreferrer\"><img class=\"wp-image-452\" style=\"width: 80px;\" src=\"https:\/\/investigaciones.ibero.edu.co\/wp-content\/uploads\/2020\/07\/SIES.png\" alt=\"\"><br>Estudios Sordos &#8211; SIES<br><strong>Modalidad<\/strong>: presencial<br><strong>Lider:<\/strong> Claudia Marcela Mart\u00ednez L\u00f3pez<br><strong>Contacto<\/strong>: <\/a><a href=\"mailto:claudia.martinezl@docente.ibero.edu.co\">claudia.martinezl@docente.ibero.edu.co<br><strong>Formulario de inscripci\u00f3n<\/strong><a href=\"https:\/\/sigiip.ibero.edu.co\/PSemilleros\/\"> (hacer clic aqui)<\/a><\/div>\n<div class=\"right_article\" style=\"width: 50%;\" align=\"center\"><a href=\"https:\/\/investigaciones.ibero.edu.co\/?page_id=799\" target=\"_blank\" rel=\"noopener noreferrer\"><img class=\"wp-image-452\" style=\"width: 80px;\" src=\"https:\/\/investigaciones.ibero.edu.co\/wp-content\/uploads\/2020\/07\/SIEVA.png\" alt=\"\"><br>Estudios de la Voz y sus Alteraciones &#8211; SIEVA<br><strong>Modalidad<\/strong>: Presencial<br><strong>Lider:<\/strong> Henry Tovar<br><strong>Contacto<\/strong>: <\/a><a href=\"mailto:henry.tovar@docente.ibero.edu.co\">henry.tovar@docente.ibero.edu.co<strong><br>Formulario de inscripci\u00f3n<\/strong><a href=\"https:\/\/sigiip.ibero.edu.co\/PSemilleros\/\"> (hacer clic aqui)<\/a><br><\/div>\n<h4 align=\"center\" style=\"color:#F2A900;\">Programa de Administraci\u00f3n en Salud<\/h4>\n<div align=\"center\"><a href=\"https:\/\/investigaciones.ibero.edu.co\/?page_id=6466\" target=\"_blank\" rel=\"noopener noreferrer\"><img class=\"wp-image-452\" style=\"width: 80px;\" src=\"https:\/\/investigaciones.ibero.edu.co\/wp-content\/uploads\/2020\/08\/seminv.png\" alt=\"\"><br>ADMINSALUD<br><strong>Modalidad<\/strong>: <br><strong>Lider 1:<\/strong> Alexander Almeida Espinosa<br><strong>Contacto<\/strong>: <\/a><a href=\"mailto:alexander.almeida@docente.ibero.edu.co\">alexander.almeida@docente.ibero.edu.co<br>Formulario de inscripci\u00f3n<\/strong><a href=\"https:\/\/sigiip.ibero.edu.co\/PSemilleros\/\"> (hacer clic aqui)<\/a><\/div>\n<h4 align=\"center\" style=\"color:#F2A900;\">Programa de Seguridad y Salud en el Trabajo<\/h4>\n<div align=\"center\"><a href=\"https:\/\/investigaciones.ibero.edu.co\/?page_id=4600\" target=\"_blank\" rel=\"noopener noreferrer\"><img class=\"wp-image-452\" style=\"width: 80px;\" src=\"https:\/\/investigaciones.ibero.edu.co\/wp-content\/uploads\/2020\/08\/seminv.png\" alt=\"\"><br>TECHNOPRO-SST<br><strong>Modalidad<\/strong>: <br><strong>Lider:<\/strong> Karen Lorena Tique Aguilar<br><strong>Contacto<\/strong>: <\/a><a href=\"mailto:karen.tique@docente.ibero.edu.co\">karen.tique@docente.ibero.edu.co<br>Formulario de inscripci\u00f3n<\/strong><a href=\"https:\/\/sigiip.ibero.edu.co\/PSemilleros\/\"> (hacer clic aqui)<\/a><\/div><br>\n<\/div>\n\n\n\n<h3 style=\"color: #872f40;\" align=\"center\">Facultad de Derecho<\/h3>\n<span class=\"collapseomatic \" id=\"id6a046f0688ea1\"  tabindex=\"0\" title=\"Abrir\"    >Abrir<\/span><span id='swap-id6a046f0688ea1'  class='colomat-swap' style='display:none;'>Cerrar<\/span><div id=\"target-id6a046f0688ea1\" class=\"collapseomatic_content \">\n<div align=\"center\"><a href=\"https:\/\/investigaciones.ibero.edu.co\/?page_id=6451\" target=\"_blank\" rel=\"noopener noreferrer\"><img class=\"wp-image-452\" style=\"width: 80px;\" src=\"https:\/\/investigaciones.ibero.edu.co\/wp-content\/uploads\/2020\/08\/seminv.png\" alt=\"\">\n<p>Realismo Jurid\u00edco<br><strong>Modalidad<\/strong>: Presencial<br><strong>Lider :<\/strong> Rom\u00e1n Francisco T\u00e9llez Navarro<br>\n<strong>Contacto<\/strong>: roman.tellez@docente.ibero.edu.co<br><\/a>Formulario de inscripci\u00f3n<a href=\"https:\/\/sigiip.ibero.edu.co\/PSemilleros\/\"> (hacer clic aqui)<\/a><\/p><\/div>\n<\/div>\n\n\n\n<p><\/p>\n<\/div><\/div>\n<\/div><\/div>\n","protected":false},"excerpt":{"rendered":"<p>Definici\u00f3n: Es una organizaci\u00f3n de conformaci\u00f3n aut\u00f3noma por los estudiantes, fundamentada en aprender a investigar investigando y en innovar desde el intercambio colectivo de ideas,&hellip;<\/p>\n","protected":false},"author":2,"featured_media":0,"parent":0,"menu_order":0,"comment_status":"closed","ping_status":"closed","template":"","meta":{"spay_email":""},"_links":{"self":[{"href":"https:\/\/investigaciones.ibero.edu.co\/index.php?rest_route=\/wp\/v2\/pages\/290"}],"collection":[{"href":"https:\/\/investigaciones.ibero.edu.co\/index.php?rest_route=\/wp\/v2\/pages"}],"about":[{"href":"https:\/\/investigaciones.ibero.edu.co\/index.php?rest_route=\/wp\/v2\/types\/page"}],"author":[{"embeddable":true,"href":"https:\/\/investigaciones.ibero.edu.co\/index.php?rest_route=\/wp\/v2\/users\/2"}],"replies":[{"embeddable":true,"href":"https:\/\/investigaciones.ibero.edu.co\/index.php?rest_route=%2Fwp%2Fv2%2Fcomments&post=290"}],"version-history":[{"count":176,"href":"https:\/\/investigaciones.ibero.edu.co\/index.php?rest_route=\/wp\/v2\/pages\/290\/revisions"}],"predecessor-version":[{"id":6850,"href":"https:\/\/investigaciones.ibero.edu.co\/index.php?rest_route=\/wp\/v2\/pages\/290\/revisions\/6850"}],"wp:attachment":[{"href":"https:\/\/investigaciones.ibero.edu.co\/index.php?rest_route=%2Fwp%2Fv2%2Fmedia&parent=290"}],"curies":[{"name":"wp","href":"https:\/\/api.w.org\/{rel}","templated":true}]}}