{"id":292,"date":"2020-06-01T22:37:05","date_gmt":"2020-06-02T03:37:05","guid":{"rendered":"http:\/\/localhost\/wordpress\/?page_id=292"},"modified":"2026-03-17T10:35:17","modified_gmt":"2026-03-17T15:35:17","slug":"grupos","status":"publish","type":"page","link":"https:\/\/investigaciones.ibero.edu.co\/?page_id=292","title":{"rendered":"Grupos de Investigaci\u00f3n"},"content":{"rendered":"\n<p><strong>Definici\u00f3n: <\/strong> La Iberoamericana asume el concepto establecido por Colciencias, el cual define los grupos de investigaci\u00f3n como:<\/p>\n\n\n\n[&#8230;] un conjunto de personas que se re\u00fanen para realizar investigaci\u00f3n en una tem\u00e1tica dada, formulan uno o varios problemas de su inter\u00e9s, trazan un plan estrat\u00e9gico de largo o mediano plazo para trabajar en \u00e9l y producir unos resultados de conocimiento sobre el tema cuesti\u00f3n.<\/p>\n\n\n\n<p>Por su naturaleza acad\u00e9mica, puede estar constituido por miembros de la comunidad acad\u00e9mica de la instituci\u00f3n, as\u00ed como por investigadores externos invitados. (Reglamento de Investigaciones. Resoluci\u00f3n 379, marzo 06 de 2014).<\/p>\n\n\n\n<h3 class=\"has-text-color\" style=\"color:#f39405\">Lineas de Investigaci\u00f3n Institucionales<\/h3>\n\n\n\n<ol start=\"1\"><li><strong><span style=\"text-decoration: underline;\">Avance Cient\u00edfico, Tecnol\u00f3gico y Empresarial.<\/span><\/strong> Su objeto b\u00e1sico se centra en los desarrollos empresariales y su articulaci\u00f3n con las tecnolog\u00edas de la informaci\u00f3n y las comunicaciones desde una perspectiva eminentemente factual, en pro del desarrollo econ\u00f3mico y social del pa\u00eds.<\/li><li><strong><span style=\"text-decoration: underline;\">Ciencias Humanas y Sociales<\/span><\/strong>. Su objeto principal se centra en la investigaci\u00f3n de los fen\u00f3menos y problemas de conocimiento de las disciplinas humanas y sociales, donde el an\u00e1lisis de las relaciones, el desarrollo humano, socioecon\u00f3mico, cultural y ecol\u00f3gico, se operacionaliza mediante perspectivas diversas, privilegiando enfoques de medici\u00f3n y evaluaci\u00f3n de estos procesos.<\/li><li><strong><span style=\"text-decoration: underline;\">Educaci\u00f3n.<\/span><\/strong> Comprende procesos de investigaci\u00f3n que contribuyan a la construcci\u00f3n y avance de la educaci\u00f3n en un marco de inclusi\u00f3n y diversidad, mediante la comprensi\u00f3n de las particularidades de la poblaci\u00f3n diversa que hace parte de la sociedad colombiana, del an\u00e1lisis de las acciones educativas y pol\u00edticas que se llevan a cabo en pro de su reconocimiento y de la formaci\u00f3n integral a trav\u00e9s de m\u00faltiples mediaciones.<\/li><li><strong><span style=\"text-decoration: underline;\">Ingenier\u00eda.<\/span><\/strong> Se orienta a la comprensi\u00f3n, dise\u00f1o y desarrollo de sistemas de gesti\u00f3n e innovaci\u00f3n, tecnolog\u00edas de la informaci\u00f3n y la comunicaci\u00f3n, ingenier\u00eda de software, nuevas tecnolog\u00edas, procesos industriales, log\u00edstica, entre otros, en perspectiva del desarrollo sustentable y la gesti\u00f3n de la competitividad.<\/li><li><strong><span style=\"text-decoration: underline;\">Salud integral y sus aplicaciones tecnol\u00f3gicas.<\/span><\/strong> Sus procesos se orientan a la Salud Integral, entendida como el estado de pleno bienestar desde aspectos biol\u00f3gicos, f\u00edsicos, psicol\u00f3gicos, socioecon\u00f3micos, culturales y espirituales, que van m\u00e1s all\u00e1 del sistema biom\u00e9dico, para abarcar la esfera subjetiva y del comportamiento del ser humano, reconociendo la relevancia de sus aplicaciones tecnol\u00f3gicas para el logro de sus prop\u00f3sitos.<\/li><\/ol>\n\n\n\n<div><h3 align=\"center\" style=\"color:#872f40\">Facultad de Ciencias Empresariales<\/h3><span class=\"collapseomatic \" id=\"id69e650829ab13\"  tabindex=\"0\" title=\"Abrir\"    >Abrir<\/span><span id='swap-id69e650829ab13'  class='colomat-swap' style='display:none;'>Cerrar<\/span><div id=\"target-id69e650829ab13\" class=\"collapseomatic_content \"><a href=\"https:\/\/investigaciones.ibero.edu.co\/?page_id=1283\" target=\"_blank\" rel=\"noopener noreferrer\"><h4 align=\"center\" style=\"color:#F2A900\">DSGE &#8211; Grupo de Investigaci\u00f3n en Desarrollo Social y Gesti\u00f3n Empresarial<\/h4>\n<div align=\"center\"><strong>C\u00d3DIGO MINCIENCIAS:<\/strong> COL0019329<br><strong>L\u00cdDER DE GRUPO:<\/strong> Francisco Javier Caballero Ot\u00e1lora<br><strong>CORREO ELECTR\u00d3NICO DEL GRUPO:<\/strong> grupo.desarrollosocial@academico.ibero.edu.co<br><strong>CORREO ELECTR\u00d3NICO DEL L\u00cdDER:<\/strong> francisco.caballero@docente.ibero.edu.co<br><hr class=\"wp-block-separator has-text-color has-background has-very-dark-gray-background-color has-very-dark-gray-color\"\/><\/a><\/div><\/div>\n\n\n\n<div>\n<h3 style=\"color: #872f40;\" align=\"center\">Facultad de Educaci\u00f3n<\/h3>\n<span class=\"collapseomatic \" id=\"id69e650829ab35\"  tabindex=\"0\" title=\"Abrir\"    >Abrir<\/span><span id='swap-id69e650829ab35'  class='colomat-swap' style='display:none;'>Cerrar<\/span><div id=\"target-id69e650829ab35\" class=\"collapseomatic_content \">\n<h4 style=\"color: #f2a900;\" align=\"center\">GIEEP &#8211; Educaci\u00f3n y Escenarios de Construcci\u00f3n Pedag\u00f3gica<\/h4>\n<div align=\"center\"><a href=\"https:\/\/investigaciones.ibero.edu.co\/?page_id=1285\" target=\"_blank\" rel=\"noopener\"><strong>C\u00d3DIGO MINCIENCIAS:<\/strong> COL0040799<br><strong>L\u00cdDER DE GRUPO:<\/strong> Gladys Molano Caro<br><strong>CORREO ELECTR\u00d3NICO DEL L\u00cdDER:<\/strong> gladys.molano@docente.ibero.edu.co<br><strong>CORREO ELECTR\u00d3NICO DEL GRUPO:<\/strong> grupo.gieep@academico.ibero.edu.co<br><hr class=\"wp-block-separator has-text-color has-background has-very-dark-gray-background-color has-very-dark-gray-color\"><\/a><\/div>\n<\/div><\/div>\n\n\n\n<div><h3 align=\"center\" style=\"color:#872f40;\">Facultad de Ciencias Humanas y Sociales<\/h3><span class=\"collapseomatic \" id=\"id69e650829ab45\"  tabindex=\"0\" title=\"Abrir\"    >Abrir<\/span><span id='swap-id69e650829ab45'  class='colomat-swap' style='display:none;'>Cerrar<\/span><div id=\"target-id69e650829ab45\" class=\"collapseomatic_content \"><a href=\"https:\/\/investigaciones.ibero.edu.co\/?page_id=1289\" target=\"_blank\" rel=\"noopener noreferrer\"><h4 align=\"center\" style=\"color:#F2A900;\">PCyT &#8211; Psicolog\u00eda: Ciencia y Tecnolog\u00eda<\/h4>\n<\/a><div align=\"center\"><a href=\"https:\/\/investigaciones.ibero.edu.co\/?page_id=1289\" target=\"_blank\" rel=\"noopener noreferrer\"><strong>C\u00d3DIGO MINCIENCIAS:<\/strong> COL0123229<br><strong>L\u00cdDER DE GRUPO:<\/strong> Alejandro Bejarano G\u00f3mez<br><strong>CORREO ELECTR\u00d3NICO DEL GRUPO:<\/strong> grupo.psicologiaciencia@academico.ibero.edu.co<br><strong>CORREO ELECTR\u00d3NICO DEL L\u00cdDER:<\/strong> alejandro.bejarano@docente.ibero.edu.co<br><hr class=\"wp-block-separator has-text-color has-background has-very-dark-gray-background-color has-very-dark-gray-color\"><\/a><\/div><\/div><\/div>\n\n\n\n<div><h3 align=\"center\" style=\"color:#872f40;\">Facultad de Ciencias de la Salud<\/h3><span class=\"collapseomatic \" id=\"id69e650829ab53\"  tabindex=\"0\" title=\"Abrir\"    >Abrir<\/span><span id='swap-id69e650829ab53'  class='colomat-swap' style='display:none;'>Cerrar<\/span><div id=\"target-id69e650829ab53\" class=\"collapseomatic_content \"><a href=\"https:\/\/investigaciones.ibero.edu.co\/?page_id=1287\" target=\"_blank\" rel=\"noopener noreferrer\"><h4 align=\"center\" style=\"color:#F2A900;\">DDCI:ea &#8211; Desarrollo y Discapacidad de la Comunicaci\u00f3n Interpersonal &#8211; Estudio y Abordaje &#8211;<\/h4>\n<\/a><div align=\"center\"><a href=\"https:\/\/investigaciones.ibero.edu.co\/?page_id=1287\" target=\"_blank\" rel=\"noopener noreferrer\"><strong>C\u00d3DIGO MINCIENCIAS:<\/strong> COL0043852<br><strong>L\u00cdDER DE GRUPO:<\/strong> Jaime Alberto M\u00e9ndez Castillo<br><strong>CORREO ELECTR\u00d3NICO DEL L\u00cdDER:<\/strong> alberto.mendez@docente.ibero.edu.co<br><strong>CORREO ELECTR\u00d3NICO DEL GRUPO:<\/strong> grupo.comunicacioninterpersonal@academico.ibero.edu.co<br><\/a><br><a href=\"https:\/\/investigaciones.ibero.edu.co\/?page_id=1291\" target=\"_blank\" rel=\"noopener noreferrer\"><h4 align=\"center\" style=\"color:#F2A900;\">GISP &#8211; Grupo de Investigaci\u00f3n en Salud P\u00fablica<\/h4><\/a><div align=\"center\"><a href=\"https:\/\/investigaciones.ibero.edu.co\/?page_id=1291\" target=\"_blank\" rel=\"noopener noreferrer\"><strong>C\u00d3DIGO MINCIENCIAS:<\/strong> COL0084532<br><strong>L\u00cdDER DE GRUPO:<\/strong> Taddy Ferreira Cristancho<br><strong>CORREO ELECTR\u00d3NICO DEL GRUPO:<\/strong> grupo.saludpublica@academico.ibero.edu.co<br><strong>CORREO ELECTR\u00d3NICO DEL L\u00cdDER:<\/strong> taddy.ferreira@docente.ibero.edu.co<\/a><\/div><br><\/div><hr class=\"wp-block-separator has-text-color has-background has-very-dark-gray-background-color has-very-dark-gray-color\"><\/div><\/div>\n\n\n\n<div><h3 align=\"center\" style=\"color:#872f40;\">Facultad de Ingenier\u00eda<\/h3><span class=\"collapseomatic \" id=\"id69e650829ab80\"  tabindex=\"0\" title=\"Abrir\"    >Abrir<\/span><span id='swap-id69e650829ab80'  class='colomat-swap' style='display:none;'>Cerrar<\/span><div id=\"target-id69e650829ab80\" class=\"collapseomatic_content \"><a href=\"https:\/\/investigaciones.ibero.edu.co\/?page_id=1293\" target=\"_blank\" rel=\"noopener noreferrer\"><h4 class=\"has-text-align-center\" style=\"color: #f2a900;\">GIGCIC &#8211; Grupo de Investigaci\u00f3n y Gesti\u00f3n del Conocimiento en Ingenier\u00eda y Ciencias B\u00e1sicas<\/h4><div align=\"center\"><strong>C\u00d3DIGO MINCIENCIAS:<\/strong> COL0211125<br><strong>CORREO ELECTR\u00d3NICO DEL GRUPO:<\/strong> grupoinvestigacioning@academico.ibero.edu.co<br><strong>L\u00cdDER DE GRUPO:<\/strong> Karla Yohana S\u00e1nchez Mojica<br><strong>CORREO ELECTR\u00d3NICO DEL L\u00cdDER:<\/strong> karla.sanchez@docente.ibero.edu.co<br><\/a><\/div><\/div>\n\n\n\n<p><\/p>\n","protected":false},"excerpt":{"rendered":"<p>Definici\u00f3n: La Iberoamericana asume el concepto establecido por Colciencias, el cual define los grupos de investigaci\u00f3n como: [&#8230;] un conjunto de personas que se re\u00fanen&hellip;<\/p>\n","protected":false},"author":2,"featured_media":0,"parent":0,"menu_order":0,"comment_status":"closed","ping_status":"closed","template":"","meta":{"spay_email":""},"_links":{"self":[{"href":"https:\/\/investigaciones.ibero.edu.co\/index.php?rest_route=\/wp\/v2\/pages\/292"}],"collection":[{"href":"https:\/\/investigaciones.ibero.edu.co\/index.php?rest_route=\/wp\/v2\/pages"}],"about":[{"href":"https:\/\/investigaciones.ibero.edu.co\/index.php?rest_route=\/wp\/v2\/types\/page"}],"author":[{"embeddable":true,"href":"https:\/\/investigaciones.ibero.edu.co\/index.php?rest_route=\/wp\/v2\/users\/2"}],"replies":[{"embeddable":true,"href":"https:\/\/investigaciones.ibero.edu.co\/index.php?rest_route=%2Fwp%2Fv2%2Fcomments&post=292"}],"version-history":[{"count":79,"href":"https:\/\/investigaciones.ibero.edu.co\/index.php?rest_route=\/wp\/v2\/pages\/292\/revisions"}],"predecessor-version":[{"id":6906,"href":"https:\/\/investigaciones.ibero.edu.co\/index.php?rest_route=\/wp\/v2\/pages\/292\/revisions\/6906"}],"wp:attachment":[{"href":"https:\/\/investigaciones.ibero.edu.co\/index.php?rest_route=%2Fwp%2Fv2%2Fmedia&parent=292"}],"curies":[{"name":"wp","href":"https:\/\/api.w.org\/{rel}","templated":true}]}}