{"id":294,"date":"2020-06-01T22:37:38","date_gmt":"2020-06-02T03:37:38","guid":{"rendered":"http:\/\/localhost\/wordpress\/?page_id=294"},"modified":"2026-02-26T12:56:02","modified_gmt":"2026-02-26T17:56:02","slug":"ged","status":"publish","type":"page","link":"https:\/\/investigaciones.ibero.edu.co\/?page_id=294","title":{"rendered":"Grupos de Estudio Docente"},"content":{"rendered":"\n<div style=\"height:20px\" aria-hidden=\"true\" class=\"wp-block-spacer\"><\/div>\n\n\n\n<p><strong>Definici\u00f3n:<\/strong> Estrategia concebida para fortalecer las capacidades de investigaci\u00f3n e innovaci\u00f3n de los docentes, dinamizar la transferencia de resultados de investigaci\u00f3n, innovaci\u00f3n, creaci\u00f3n al curr\u00edculo y consolidar la estrategia de relaci\u00f3n docencia investigaci\u00f3n e innovaci\u00f3n para la transformaci\u00f3n social. Cada grupo ser\u00e1 liderado por un docente designado por las Facultades y la Direcci\u00f3n de Investigaciones y desarrollar\u00e1 sus gestiones en el marco del plan de trabajo avalado por el comit\u00e9 de investigaci\u00f3n, innovaci\u00f3n y creaci\u00f3n. <a href=\"https:\/\/www.ibero.edu.co\/wp-content\/uploads\/2020\/07\/Sala-General-Acuerdo-161.-Poli%CC%81tica-de-Investigacio%CC%81n-Innovacio%CC%81n-y-Creacio%CC%81n-Arti%CC%81stica-y-Cultural.pdf\">(Pol\u00edtica de Investigaci\u00f3n, Innovaci\u00f3n y Creaci\u00f3n Art\u00edstica y Cultural, &nbsp;ACUERDO No. 161 28 de abril de 2020)<\/a><\/p>\n\n\n\n<div class=\"wp-block-group has-background\" style=\"background-color:#c5b59b\"><div class=\"wp-block-group__inner-container\">\n<div class=\"wp-block-group\"><div class=\"wp-block-group__inner-container\">\n<h3 class=\"has-text-align-center\" style=\"color:#ffffff;\">Facultad de Ingenier\u00eda<\/h3>\n<\/div><\/div>\n<\/div><\/div>\n\n\n\n<div class=\"wp-block-group\"><div class=\"wp-block-group__inner-container\">\n<div class=\"wp-block-group\"><div class=\"wp-block-group__inner-container\">\n<span class=\"collapseomatic \" id=\"id69f933bda4b4e\"  tabindex=\"0\" title=\"Abrir\"    >Abrir<\/span><span id='swap-id69f933bda4b4e'  class='colomat-swap' style='display:none;'>Cerrar<\/span><div id=\"target-id69f933bda4b4e\" class=\"collapseomatic_content \"><h4 class=\"has-text-align-center\" style=\"color:#f2a900;\"> Programa de Ingenier\u00eda Industrial \u2013 Programa de Ingenier\u00eda de Software<\/h4>\n<p class=\"has-text-align-center\"><img class=\"wp-image-452\" style=\"width: 150px;\" src=\"https:\/\/investigaciones.ibero.edu.co\/wp-content\/uploads\/2021\/04\/gedccbb.png\" alt=\"\"><br>Grupo de Estudio Facultad de Ingenier\u00eda y Ciencias B\u00e1sicas<br><strong>Lider<\/strong>: Yesid D\u00edaz Guti\u00e9rrez<br><strong>Contacto<\/strong>: <a href=\"mailto:yesid.diaz@docente.ibero.edu.co\">yesid.diaz@.docente.ibero.edu.co<\/a><\/p><\/div>\n\n\n\n<p><\/p>\n<\/div><\/div>\n<\/div><\/div>\n\n\n\n<div style=\"height:20px\" aria-hidden=\"true\" class=\"wp-block-spacer\"><\/div>\n\n\n\n<div class=\"wp-block-group has-background\" style=\"background-color:#d67574\"><div class=\"wp-block-group__inner-container\">\n<h3 class=\"has-text-align-center\" style=\"color:#ffffff;\">Facultad de Educaci\u00f3n<\/h3>\n\n\n\n<p><\/p>\n<\/div><\/div>\n\n\n\n<div class=\"wp-block-group\"><div class=\"wp-block-group__inner-container\">\n<span class=\"collapseomatic \" id=\"id69f933bda4b6e\"  tabindex=\"0\" title=\"Abrir\"    >Abrir<\/span><span id='swap-id69f933bda4b6e'  class='colomat-swap' style='display:none;'>Cerrar<\/span><div id=\"target-id69f933bda4b6e\" class=\"collapseomatic_content \">\n<h4 class=\"has-text-align-center\" style=\"color:#f2a900;\">Todas las Licenciaturas<\/h4>\n<a href=\"https:\/\/investigaciones.ibero.edu.co\/?page_id=6776\"><p class=\"has-text-align-center\"><img class=\"wp-image-452\" style=\"width: 180px;\" src=\"https:\/\/investigaciones.ibero.edu.co\/wp-content\/uploads\/2026\/02\/Logo-GED-Pesquisa.png\" alt=\"\">\n<br>PESQUISA<br>\n<strong>Lider<\/strong>: Leidy Carolina Riveros Rosas<br><\/a>\n<strong>Contacto<\/strong>: <a href=\"mailto:leidy.riveros@docente.ibero.edu.co\">leidy.riveros@docente.ibero.edu.co<\/a><br>\n\n<h4 class=\"has-text-align-center\" style=\"color:#f2a900;\">Especializaci\u00f3n y Maestr\u00eda en Educaci\u00f3n<\/h4>\n<a href=\"\"><p class=\"has-text-align-center\"><img class=\"wp-image-452\" style=\"width: 180px;\" src=\"\" alt=\"\">\n<br>SIGNO<br>\n<strong>Lider<\/strong>: M\u00f3nica Carolina Hern\u00e1ndez Cortes<br><\/a>\n<strong>Contacto<\/strong>: <a href=\"mailto:monica.hernandez@docente.ibero.edu.co\">monica.hernandez@docente.ibero.edu.co<\/a>\n\n<\/p><\/div>\n\n\n\n<p><\/p>\n<\/div><\/div>\n\n\n\n<div style=\"height:20px\" aria-hidden=\"true\" class=\"wp-block-spacer\"><\/div>\n\n\n\n<div class=\"wp-block-group has-background\" style=\"background-color:#14a79d\"><div class=\"wp-block-group__inner-container\">\n<h3 class=\"has-text-align-center\" style=\"color:#ffffff;\">Facultad de Ciencias de la Salud<\/h3>\n\n\n\n<p><\/p>\n<\/div><\/div>\n\n\n<span class=\"collapseomatic \" id=\"id69f933bda4b80\"  tabindex=\"0\" title=\"Abrir\"    >Abrir<\/span><span id='swap-id69f933bda4b80'  class='colomat-swap' style='display:none;'>Cerrar<\/span><div id=\"target-id69f933bda4b80\" class=\"collapseomatic_content \">\n<div class=\"left_article\" style=\"width: 50%;\" align=\"center\">\n<h4 class=\"has-text-align-center\" style=\"color: #f2a900;\">Programa de Fonoaudiolog\u00eda<\/h4>\n<p><a href=\"https:\/\/investigaciones.ibero.edu.co\/?page_id=2077\"> <img class=\"wp-image-452\" style=\"width: 180px;\" src=\"https:\/\/investigaciones.ibero.edu.co\/wp-content\/uploads\/2020\/07\/SENDEROS1.png\" alt=\"\"><\/a><br \/> SENDEROS <br \/><strong>Lider<\/strong>: Jenyfer Vannesa Londo\u00f1o Agudelo<br \/>\n<strong>Contacto<\/strong>: <a href=\"mailto:jenyfer.londono@docente.ibero.edu.co\">jenyfer.londono@docente.ibero.edu.co<\/a><\/p>\n<h4 class=\"has-text-align-center\" style=\"color: #f2a900;\">Programa de SST<\/h4>\n<p><a href=\"https:\/\/investigaciones.ibero.edu.co\"> <img class=\"wp-image-452\" style=\"width: 180px;\" src=\" \" alt=\"\"><\/a><br \/>HUB SST <br \/><strong>Lider<\/strong>: Diana Paola Montealegre Suarez<br \/>\n<strong>Contacto<\/strong>: <a href=\"mailto:diana.montealegre@docente.ibero.edu.co\">diana.montealegre@docente.ibero.edu.co<\/a><\/p>\n<\/div>\n<div class=\"right_article\" style=\"width: 50%;\" align=\"center\">\n<h4 class=\"has-text-align-center\" style=\"color: #f2a900;\">Programa de Fisioterapia<\/h4>\n<p><a class=\"has-text-align-center\"><img class=\"wp-image-452\" style=\"width: 180px;\" src=\"https:\/\/investigaciones.ibero.edu.co\/wp-content\/uploads\/2020\/07\/FisioInvestiga.png\" alt=\"\"><\/a> <br \/>FISIO INVESTIGA <br \/><strong>Lider<\/strong>: Betty Astrid Vel\u00e1squez Silva<strong><br \/>Contacto<\/strong>: <a href=\"mailto:betty.velasquez@docente.ibero.edu.co\"> betty.velasquez@docente.ibero.edu.co<\/a><\/p>\n<h4 class=\"has-text-align-center\" style=\"color: #f2a900;\">Programa de Gerencia en Salud<\/h4>\n<p><a class=\"has-text-align-center\"><img class=\"wp-image-452\" style=\"width: 180px;\" \"=\"\" alt=\"\"><\/a> <br \/>GREDIA &#8211; SALUD<br \/><strong>Lider<\/strong>:Jefferson David Santos<strong><br \/>Contacto<\/strong>: <a href=\"mailto:jefferson.santos@docente.ibero.edu.co\"> jefferson.santos@docente.ibero.edu.co<\/a>\n<\/div>\n<\/div>\n\n\n\n<div style=\"height:20px\" aria-hidden=\"true\" class=\"wp-block-spacer\"><\/div>\n\n\n\n<div class=\"wp-block-group has-background\" style=\"background-color:#14243b\"><div class=\"wp-block-group__inner-container\">\n<h3 class=\"has-text-align-center\" style=\"color:#ffffff;\"> Facultad de Ciencias Empresariales <\/h3>\n<\/div><\/div>\n\n\n\n<div class=\"wp-block-group\"><div class=\"wp-block-group__inner-container\">\n<span class=\"collapseomatic \" id=\"id69f933bda4b9b\"  tabindex=\"0\" title=\"Abrir\"    >Abrir<\/span><span id='swap-id69f933bda4b9b'  class='colomat-swap' style='display:none;'>Cerrar<\/span><div id=\"target-id69f933bda4b9b\" class=\"collapseomatic_content \">\n<h4 class=\"has-text-align-center\" style=\"color:#f2a900;\"> Todos los Programas <\/h4>\n<p class=\"has-text-align-center\"><img class=\"wp-image-452\" style=\"width: 180px;\" src=\"https:\/\/investigaciones.ibero.edu.co\/wp-content\/uploads\/2023\/06\/Icono_CEGED_sinfondo.png\" alt=\"\">\n<br> SCIEMPRE <br>\n<strong>Lider<\/strong>: <br>\n<strong>Contacto<\/strong>: <a href=\" \"> <\/a><\/p>\n<\/div>\n\n\n\n<p><\/p>\n<\/div><\/div>\n\n\n\n<div style=\"height:20px\" aria-hidden=\"true\" class=\"wp-block-spacer\"><\/div>\n\n\n\n<div class=\"wp-block-group has-background\" style=\"background-color:#be7314\"><div class=\"wp-block-group__inner-container\">\n<h3 class=\"has-text-align-center\" style=\"color:#ffffff;\"> Facultad Ciencias Humanas y Sociales <\/h3>\n<\/div><\/div>\n\n\n\n<div class=\"wp-block-group\"><div class=\"wp-block-group__inner-container\">\n<span class=\"collapseomatic \" id=\"id69f933bda4ba9\"  tabindex=\"0\" title=\"Abrir\"    >Abrir<\/span><span id='swap-id69f933bda4ba9'  class='colomat-swap' style='display:none;'>Cerrar<\/span><div id=\"target-id69f933bda4ba9\" class=\"collapseomatic_content \">\n<h4 class=\"has-text-align-center\" style=\"color:#f2a900;\"> Programa de Psicolog\u00eda <\/h4>\n<p class=\"has-text-align-center\"><img class=\"wp-image-452\" style=\"width: 80px;\" src=\"\" alt=\"\"><br>\nGrupo de Estudio Docente de Investigaci\u00f3n e Innovaci\u00f3n<br>\n<strong>Lider<\/strong>: Leonardo Rafael Luna<br>\n<strong>Contacto<\/strong>: <a href=\"mailto:leonardo.luna@docente.ibero.edu.co\">leonardo.luna@docente.ibero.edu.co<\/a><\/p>\n<\/div>\n\n\n\n<p><\/p>\n<\/div><\/div>\n\n\n\n<p><\/p>\n","protected":false},"excerpt":{"rendered":"<p>Definici\u00f3n: Estrategia concebida para fortalecer las capacidades de investigaci\u00f3n e innovaci\u00f3n de los docentes, dinamizar la transferencia de resultados de investigaci\u00f3n, innovaci\u00f3n, creaci\u00f3n al curr\u00edculo&hellip;<\/p>\n","protected":false},"author":2,"featured_media":0,"parent":0,"menu_order":0,"comment_status":"closed","ping_status":"closed","template":"","meta":{"spay_email":""},"_links":{"self":[{"href":"https:\/\/investigaciones.ibero.edu.co\/index.php?rest_route=\/wp\/v2\/pages\/294"}],"collection":[{"href":"https:\/\/investigaciones.ibero.edu.co\/index.php?rest_route=\/wp\/v2\/pages"}],"about":[{"href":"https:\/\/investigaciones.ibero.edu.co\/index.php?rest_route=\/wp\/v2\/types\/page"}],"author":[{"embeddable":true,"href":"https:\/\/investigaciones.ibero.edu.co\/index.php?rest_route=\/wp\/v2\/users\/2"}],"replies":[{"embeddable":true,"href":"https:\/\/investigaciones.ibero.edu.co\/index.php?rest_route=%2Fwp%2Fv2%2Fcomments&post=294"}],"version-history":[{"count":83,"href":"https:\/\/investigaciones.ibero.edu.co\/index.php?rest_route=\/wp\/v2\/pages\/294\/revisions"}],"predecessor-version":[{"id":6859,"href":"https:\/\/investigaciones.ibero.edu.co\/index.php?rest_route=\/wp\/v2\/pages\/294\/revisions\/6859"}],"wp:attachment":[{"href":"https:\/\/investigaciones.ibero.edu.co\/index.php?rest_route=%2Fwp%2Fv2%2Fmedia&parent=294"}],"curies":[{"name":"wp","href":"https:\/\/api.w.org\/{rel}","templated":true}]}}