{"id":296,"date":"2020-06-01T22:38:04","date_gmt":"2020-06-02T03:38:04","guid":{"rendered":"http:\/\/localhost\/wordpress\/?page_id=296"},"modified":"2025-05-07T11:30:37","modified_gmt":"2025-05-07T16:30:37","slug":"normatividad","status":"publish","type":"page","link":"https:\/\/investigaciones.ibero.edu.co\/?page_id=296","title":{"rendered":"Normatividad"},"content":{"rendered":"\n<div class=\"wp-block-group\"><div class=\"wp-block-group__inner-container\">\n<h4>A continuaci\u00f3n usted encontrara la lista de documentos institucionales relacionados con la investigaci\u00f3n en la Corporaci\u00f3n Universitaria Iberoamericana<\/h4>\n\n\n\n<p>Acuerdo No. 161 del 28 de abril de 2020, por la cual se adopta actualizaci\u00f3n de la Pol\u00edtica de Investigaci\u00f3n, Innovaci\u00f3n y Creaci\u00f3n Art\u00edstica y Cultural &#8211; <a href=\"https:\/\/investigaciones.ibero.edu.co\/wp-content\/uploads\/2023\/09\/Acuerdo-161.pdf\">hacer clic aqu\u00ed para PDF<\/a><\/p>\n\n\n\n<p>Acuerdo No. 187 del 27 de febrero de 2025, por medio de la cual se adopta la Pol\u00edtica Institucional de \u00c9tica de la Investigaci\u00f3n, Bio\u00e9tica e Integridad Cient\u00edfica de la Corporaci\u00f3n Universitaria Iberoamericana &#8211; <a href=\"https:\/\/investigaciones.ibero.edu.co\/wp-content\/uploads\/2025\/05\/Sala-general-acuerdo-187-Politica-etica.pdf\">hacer clic aqu\u00ed para PDF<\/a><\/p>\n\n\n\n<p>Resoluci\u00f3n No. 471 del 6 de diciembre de 2017 &#8211; por el cual se aprueba el R\u00e9gimen de Incentivos y Evaluaci\u00f3n con Fines de Categorizaci\u00f3n &#8211; <a rel=\"noopener noreferrer\" href=\"https:\/\/investigaciones.ibero.edu.co\/wp-content\/uploads\/2020\/07\/Resoluci%C3%B3n-471-Incentivos-Docentes.pdf\" target=\"_blank\">hacer clic aqu\u00ed para PDF<\/a><\/p>\n\n\n\n<p>Resoluci\u00f3n No. 514 del 18 de abril de 2020 &#8211; por el cual se adopta el Reglamento de Propiedad Intelectual, Derechos de Autor y Derechos Conexos &#8211; <a rel=\"noopener noreferrer\" href=\"https:\/\/investigaciones.ibero.edu.co\/wp-content\/uploads\/2022\/06\/CSResolucion514-ReglamentoPropiedadIntelectual.pdf\" target=\"_blank\">hacer clic aqu\u00ed para PDF<\/a><\/p>\n\n\n\n<p>Resoluci\u00f3n No. 581 del 22 de abril de 2022 &#8211; por el cual se aprueba el Reglamento Interno de los Comit\u00e9s de Investigaci\u00f3n, Innovaci\u00f3n y Creacion de Facultad o Programa &#8211; <a rel=\"noopener noreferrer\" href=\"https:\/\/investigaciones.ibero.edu.co\/wp-content\/uploads\/2022\/06\/Resolucion-581-Reglamento-CIiC.pdf\" target=\"_blank\">hacer clic aqu\u00ed para PDF<\/a><\/p>\n\n\n\n<p>Resoluci\u00f3n No. 601 del 15 noviembre de 2023 por el cual se aprueba el Reglamento interno de funcionamiento del Comit\u00e9 Institucional de \u00c9tica en Investigaci\u00f3n de la Corporaci\u00f3n Universitaria Iberoamericana CIDEIN &#8211; <a href=\"https:\/\/investigaciones.ibero.edu.co\/wp-content\/uploads\/2023\/11\/Consejo-Superior-Resolucion-601-Reglamento-CIDEIN.pdf\">hacer clic aqu\u00ed para el PDF<\/a><\/p>\n\n\n\n<p>Resoluci\u00f3n No. 617 del 18 de julio de 2024, por la cual se aprueba el Reglamento de Investigaci\u00f3n, Innovaci\u00f3n y Creaci\u00f3n Art\u00edstica y Cultural &#8211; <a href=\"https:\/\/investigaciones.ibero.edu.co\/wp-content\/uploads\/2024\/09\/Res-617-Reglamento-Investigacion.pdf\">hacer clic aqu\u00ed para PDF<\/a><\/p>\n<\/div><\/div>\n\n\n\n<p><\/p>\n","protected":false},"excerpt":{"rendered":"","protected":false},"author":2,"featured_media":0,"parent":0,"menu_order":0,"comment_status":"closed","ping_status":"closed","template":"","meta":{"spay_email":""},"_links":{"self":[{"href":"https:\/\/investigaciones.ibero.edu.co\/index.php?rest_route=\/wp\/v2\/pages\/296"}],"collection":[{"href":"https:\/\/investigaciones.ibero.edu.co\/index.php?rest_route=\/wp\/v2\/pages"}],"about":[{"href":"https:\/\/investigaciones.ibero.edu.co\/index.php?rest_route=\/wp\/v2\/types\/page"}],"author":[{"embeddable":true,"href":"https:\/\/investigaciones.ibero.edu.co\/index.php?rest_route=\/wp\/v2\/users\/2"}],"replies":[{"embeddable":true,"href":"https:\/\/investigaciones.ibero.edu.co\/index.php?rest_route=%2Fwp%2Fv2%2Fcomments&post=296"}],"version-history":[{"count":28,"href":"https:\/\/investigaciones.ibero.edu.co\/index.php?rest_route=\/wp\/v2\/pages\/296\/revisions"}],"predecessor-version":[{"id":5946,"href":"https:\/\/investigaciones.ibero.edu.co\/index.php?rest_route=\/wp\/v2\/pages\/296\/revisions\/5946"}],"wp:attachment":[{"href":"https:\/\/investigaciones.ibero.edu.co\/index.php?rest_route=%2Fwp%2Fv2%2Fmedia&parent=296"}],"curies":[{"name":"wp","href":"https:\/\/api.w.org\/{rel}","templated":true}]}}