{"id":3381,"date":"2023-08-28T11:33:44","date_gmt":"2023-08-28T16:33:44","guid":{"rendered":"https:\/\/investigaciones.ibero.edu.co\/?page_id=3381"},"modified":"2024-09-16T16:20:20","modified_gmt":"2024-09-16T21:20:20","slug":"documentos-convocatoria-banco-de-proyectos-2024","status":"publish","type":"page","link":"https:\/\/investigaciones.ibero.edu.co\/?page_id=3381","title":{"rendered":"Documentos Convocatoria Banco de Proyectos 2024"},"content":{"rendered":"\n<div class=\"wp-block-group\"><div class=\"wp-block-group__inner-container\">\n<div class=\"wp-block-group\"><div class=\"wp-block-group__inner-container\">\n<h4>A continuaci\u00f3n usted encontrar\u00e1 la lista de gu\u00edas relacionadas a la Convocatoria para la Conformaci\u00f3n del Banco de Proyectos y Programas de Investigaci\u00f3n e Innovaci\u00f3n de la Corporaci\u00f3n Universitaria Iberoamericana A\u00f1o 2024, para su uso y consulta.<\/h4>\n\n\n\n<p><strong>T\u00e9rminos de la Convocatoria A\u00f1o 2024<\/strong> &#8211; <a href=\"https:\/\/investigaciones.ibero.edu.co\/wp-content\/uploads\/2023\/09\/Terminos-Convocatoria-Proyectos-2024-A.pdf\">hacer clic aqu\u00ed para PDF<\/a><\/p>\n\n\n\n<p><strong>Adenda No.1 T\u00e9rminos de la Convocatoria A\u00f1o 2024<\/strong> &#8211; <a href=\"https:\/\/investigaciones.ibero.edu.co\/wp-content\/uploads\/2023\/10\/Adenda-No.-1_Convocatoria-Proyectos-2024.pdf\">hacer clic aqu\u00ed para PDF<\/a><\/p>\n\n\n\n<p style=\"font-size:18px\"><strong>Gu\u00eda carga de avances<\/strong> . <a href=\"https:\/\/youtu.be\/uTzEMagjQh8\">hacer clic ver a Video<\/a>; <a href=\"https:\/\/investigaciones.ibero.edu.co\/wp-content\/uploads\/2024\/08\/Infografia2.png\">hacer clic ver Infograf\u00eda<\/a><\/p>\n\n\n\n<p><strong>Gu\u00eda Proyecto de Investigaci\u00f3n<\/strong> &#8211; <a href=\"https:\/\/investigaciones.ibero.edu.co\/wp-content\/uploads\/2023\/08\/ANEXO-A1-Guia-Proyecto-de-Investigacion.pdf\" target=\"_blank\" rel=\"noreferrer noopener\">hacer clic aqu\u00ed para PDF<\/a><\/p>\n\n\n\n<p><strong>Gu\u00eda de Proyecto de Innovaci\u00f3n<\/strong> &#8211; <a rel=\"noopener noreferrer\" href=\"https:\/\/investigaciones.ibero.edu.co\/wp-content\/uploads\/2023\/08\/ANEXO-A2-Guia-de-Proyecto-de-Innovacion.pdf\" target=\"_blank\">hacer clic aqu\u00ed para PDF<\/a><\/p>\n\n\n\n<p><strong>Gu\u00eda de Programa de Investigaci\u00f3n<\/strong> &#8211; <a rel=\"noopener noreferrer\" href=\"https:\/\/investigaciones.ibero.edu.co\/wp-content\/uploads\/2023\/08\/ANEXO-A3-Guia-de-PROGRAMA-de-Investigacion.pdf\" target=\"_blank\">hacer clic aqu\u00ed para PDF<\/a><\/p>\n\n\n\n<p><strong>Gu\u00eda de Presupuesto<\/strong> <a href=\"https:\/\/investigaciones.ibero.edu.co\/wp-content\/uploads\/2023\/08\/Guia-de-Presupuesto-Detallado.pdf\">&#8211; hacer clic aqu\u00ed para descargar<\/a><\/p>\n\n\n\n<p><strong>Manual SIGIIP<\/strong> &#8211; <a href=\"https:\/\/investigaciones.ibero.edu.co\/wp-content\/uploads\/2023\/09\/guia-sigiip.pdf\">hacer clic aqu\u00ed para PDF<\/a><\/p>\n\n\n\n<p><strong>Manual Creaci\u00f3n Presupuesto  en SIGIIP<\/strong> &#8211; <a href=\"https:\/\/investigaciones.ibero.edu.co\/wp-content\/uploads\/2023\/10\/guia-presupuesto.pdf\">hacer clic aqu\u00ed para PDF<\/a><\/p>\n<\/div><\/div>\n\n\n\n<p><strong>Anexo A: <\/strong>Carta de Intenci\u00f3n o compromiso de Participantes Externos (formato pdf).<a href=\"https:\/\/investigaciones.ibero.edu.co\/wp-content\/uploads\/2023\/08\/Carta-de-Intencion-o-compromiso-participantes-Ext-o-NO-PFU.docx\"> clic aqu\u00ed para descarga docx<\/a> <\/p>\n\n\n\n<p><strong>Anexo B<\/strong>: S\u00f3lo para proyectos que contemplen la vinculaci\u00f3n de egresados. Para este anexo no existe un formato preestablecido, se basa en la elaboraci\u00f3n de los proponentes.<\/p>\n<\/div><\/div>\n\n\n\n<p><\/p>\n","protected":false},"excerpt":{"rendered":"","protected":false},"author":2,"featured_media":0,"parent":4364,"menu_order":1,"comment_status":"closed","ping_status":"closed","template":"","meta":{"spay_email":""},"_links":{"self":[{"href":"https:\/\/investigaciones.ibero.edu.co\/index.php?rest_route=\/wp\/v2\/pages\/3381"}],"collection":[{"href":"https:\/\/investigaciones.ibero.edu.co\/index.php?rest_route=\/wp\/v2\/pages"}],"about":[{"href":"https:\/\/investigaciones.ibero.edu.co\/index.php?rest_route=\/wp\/v2\/types\/page"}],"author":[{"embeddable":true,"href":"https:\/\/investigaciones.ibero.edu.co\/index.php?rest_route=\/wp\/v2\/users\/2"}],"replies":[{"embeddable":true,"href":"https:\/\/investigaciones.ibero.edu.co\/index.php?rest_route=%2Fwp%2Fv2%2Fcomments&post=3381"}],"version-history":[{"count":35,"href":"https:\/\/investigaciones.ibero.edu.co\/index.php?rest_route=\/wp\/v2\/pages\/3381\/revisions"}],"predecessor-version":[{"id":4442,"href":"https:\/\/investigaciones.ibero.edu.co\/index.php?rest_route=\/wp\/v2\/pages\/3381\/revisions\/4442"}],"up":[{"embeddable":true,"href":"https:\/\/investigaciones.ibero.edu.co\/index.php?rest_route=\/wp\/v2\/pages\/4364"}],"wp:attachment":[{"href":"https:\/\/investigaciones.ibero.edu.co\/index.php?rest_route=%2Fwp%2Fv2%2Fmedia&parent=3381"}],"curies":[{"name":"wp","href":"https:\/\/api.w.org\/{rel}","templated":true}]}}