{"id":3853,"date":"2024-06-13T09:46:49","date_gmt":"2024-06-13T14:46:49","guid":{"rendered":"https:\/\/investigaciones.ibero.edu.co\/?page_id=3853"},"modified":"2024-06-13T12:15:39","modified_gmt":"2024-06-13T17:15:39","slug":"transferencia-de-conocimiento-y-tecnologia","status":"publish","type":"page","link":"https:\/\/investigaciones.ibero.edu.co\/?page_id=3853","title":{"rendered":"TRANSFERENCIA DE CONOCIMIENTO Y TECNOLOG\u00cdA"},"content":{"rendered":"\n<p class=\"has-text-align-justify\">Seg\u00fan MinCiencias (2023) la Transferencia de Conocimiento y Tecnolog\u00eda (TCT) \u201cdesde la perspectiva de los Sistemas de Innovaci\u00f3n, comprende un conjunto de acciones en distintos niveles realizadas por diferentes instituciones de manera individual y agregada para el desarrollo, aprovechamiento, uso, modificaci\u00f3n y la difusi\u00f3n de nuevas tecnolog\u00edas e innovaciones, y que constituye el marco en el que los gobiernos aplican pol\u00edticas para contribuir en los procesos de innovaci\u00f3n\u201d. IBERO comparte lo enunciado por MinCiencias (2022) y entiende la transferencia de tecnolog\u00eda como un proceso &#8220;para adquirir dinamismo de la tecnolog\u00eda y\/o conocimiento y un valioso activo desde el punto de vista socioecon\u00f3mico que puede incluir, tanto medios t\u00e9cnicos como el conocimiento asociado (saber hacer y experiencia), desde un proveedor (universidad, organismo de investigaci\u00f3n, centro tecnol\u00f3gico, empresa\u2026), que comercializa la tecnolog\u00eda hacia un receptor (generalmente empresa) que adquiere la tecnolog\u00eda a cambio de una contraprestaci\u00f3n habitualmente econ\u00f3mica\u201d.<\/p>\n\n\n\n<h3>HERRAMIENTAS PARA LA TRANSFERENCIA<\/h3>\n\n\n\n<p>Procesos de Transferencia de Conocimiento y Tecnolog\u00eda <a href=\"https:\/\/investigaciones.ibero.edu.co\/wp-content\/uploads\/2024\/06\/transferencia-cuadros-02.png\" target=\"_blank\" rel=\"noreferrer noopener\">Ver Imagen<\/a><\/p>\n\n\n\n<h3>POLITICAS IBERO<\/h3>\n\n\n\n<p>Resoluci\u00f3n No. 379 marzo 6 de 2014, por la cual se aprueba el Reglamento de Investigaciones \u2013\u202f<a href=\"https:\/\/investigaciones.ibero.edu.co\/wp-content\/uploads\/2020\/07\/Resolucion-379-Marzo-6-de-2014.pdf\" target=\"_blank\" rel=\"noreferrer noopener\">hacer clic aqu\u00ed para PDF<\/a>&nbsp;<\/p>\n\n\n\n<p>Resoluci\u00f3n No. 514 abril 18 de 2020 \u2013 por el cual se adopta el Reglamento de Propiedad Intelectual, Derechos de Autor y Derechos Conexos \u2013\u202f<a href=\"https:\/\/investigaciones.ibero.edu.co\/wp-content\/uploads\/2022\/06\/CSResolucion514-ReglamentoPropiedadIntelectual.pdf\" target=\"_blank\" rel=\"noreferrer noopener\">hacer clic aqu\u00ed para PDF<\/a>&nbsp;<\/p>\n\n\n\n<p>Acuerdo No. 161 abril 28 de 2020, por la cual se adopta actualizaci\u00f3n de la Pol\u00edtica de Investigaci\u00f3n, Innovaci\u00f3n y Creaci\u00f3n Art\u00edstica y Cultural \u2013\u202f<a href=\"https:\/\/investigaciones.ibero.edu.co\/wp-content\/uploads\/2023\/09\/Acuerdo-161.pdf\" target=\"_blank\" rel=\"noreferrer noopener\">hacer clic aqu\u00ed para PDF<\/a>&nbsp;<\/p>\n\n\n\n<h3>SITIOS DE INTERES<\/h3>\n\n\n\n<p>Conceptualizaci\u00f3n de Transferencia: <a href=\"https:\/\/minciencias.gov.co\/viceministerios\/conocimiento\/direccion_transferencia\/transferencia-conocimiento\" target=\"_blank\" rel=\"noreferrer noopener\">Transferencia de conocimiento y tecnolog\u00eda | Minciencias<\/a>\u202f&nbsp;<\/p>\n\n\n\n<p>Red de Transferencia de Conocimiento e Innovaci\u00f3n: <a href=\"https:\/\/redti.com.co\/%E2%80%AF\" target=\"_blank\" rel=\"noreferrer noopener\">https:\/\/redti.com.co\/\u202f<\/a>&nbsp;<\/p>\n\n\n\n<p>Proceso Patente: <a href=\"https:\/\/www.sic.gov.co\/patentes\" target=\"_blank\" rel=\"noreferrer noopener\">Patentes | Superintendencia de Industria y Comercio (sic.gov.co)<\/a>&nbsp;<\/p>\n\n\n\n<p>Proceso Registro de Software: <a href=\"https:\/\/www.derechodeautor.gov.co\/es\/atencion-y-servicios-a-la-ciudadania\/registro-de-obras\/registro-de-software\/registro-de-software\" target=\"_blank\" rel=\"noreferrer noopener\">https:\/\/www.derechodeautor.gov.co\/es\/atencion-y-servicios-a-la-ciudadania\/registro-de-obras\/registro-de-software\/registro-de-software<\/a>&nbsp;<\/p>\n","protected":false},"excerpt":{"rendered":"<p>Seg\u00fan MinCiencias (2023) la Transferencia de Conocimiento y Tecnolog\u00eda (TCT) \u201cdesde la perspectiva de los Sistemas de Innovaci\u00f3n, comprende un conjunto de acciones en distintos&hellip;<\/p>\n","protected":false},"author":2,"featured_media":0,"parent":0,"menu_order":0,"comment_status":"closed","ping_status":"closed","template":"","meta":{"spay_email":""},"_links":{"self":[{"href":"https:\/\/investigaciones.ibero.edu.co\/index.php?rest_route=\/wp\/v2\/pages\/3853"}],"collection":[{"href":"https:\/\/investigaciones.ibero.edu.co\/index.php?rest_route=\/wp\/v2\/pages"}],"about":[{"href":"https:\/\/investigaciones.ibero.edu.co\/index.php?rest_route=\/wp\/v2\/types\/page"}],"author":[{"embeddable":true,"href":"https:\/\/investigaciones.ibero.edu.co\/index.php?rest_route=\/wp\/v2\/users\/2"}],"replies":[{"embeddable":true,"href":"https:\/\/investigaciones.ibero.edu.co\/index.php?rest_route=%2Fwp%2Fv2%2Fcomments&post=3853"}],"version-history":[{"count":10,"href":"https:\/\/investigaciones.ibero.edu.co\/index.php?rest_route=\/wp\/v2\/pages\/3853\/revisions"}],"predecessor-version":[{"id":3869,"href":"https:\/\/investigaciones.ibero.edu.co\/index.php?rest_route=\/wp\/v2\/pages\/3853\/revisions\/3869"}],"wp:attachment":[{"href":"https:\/\/investigaciones.ibero.edu.co\/index.php?rest_route=%2Fwp%2Fv2%2Fmedia&parent=3853"}],"curies":[{"name":"wp","href":"https:\/\/api.w.org\/{rel}","templated":true}]}}