{"id":4364,"date":"2024-08-28T23:11:52","date_gmt":"2024-08-29T04:11:52","guid":{"rendered":"https:\/\/investigaciones.ibero.edu.co\/?page_id=4364"},"modified":"2025-11-07T11:20:44","modified_gmt":"2025-11-07T16:20:44","slug":"convocatorias-ibero","status":"publish","type":"page","link":"https:\/\/investigaciones.ibero.edu.co\/?page_id=4364","title":{"rendered":"Convocatorias"},"content":{"rendered":"\n<p class=\"has-medium-font-size\">La Corporaci\u00f3n Universitaria Iberoamericana  &#8211; IBERO &#8211; orienta sus esfuerzos al fortalecimiento de la capacidad \/ producci\u00f3n investigativa y de innovaci\u00f3n de sus Programas Acad\u00e9micos y Grupos de Investigaci\u00f3n, a trav\u00e9s de la publicaci\u00f3n de convocatorias como una de las formas para el logro de esta acci\u00f3n<\/p>\n\n\n\n<h2 class=\"has-text-align-center has-white-color has-text-color has-background has-large-font-size\" style=\"background-color:#c5a648\">ABIERTAS<\/h2>\n\n\n\n<div class=\"wp-block-columns\">\n<div class=\"wp-block-column\" style=\"flex-basis:100%\">\n<h2 class=\"has-text-align-center has-white-color has-text-color has-background\" style=\"background-color:#4a4a48\"><strong>CERRADAS<\/strong><\/h2>\n\n\n\n<div class=\"wp-block-columns are-vertically-aligned-top\">\n<div class=\"wp-block-column is-vertically-aligned-top\" style=\"flex-basis:44%\">\n<div class=\"wp-block-columns\">\n<div class=\"wp-block-column\" style=\"flex-basis:100%\">\n<div class=\"wp-block-group has-black-color has-cyan-bluish-gray-background-color has-text-color has-background\"><div class=\"wp-block-group__inner-container\">\n<div id=\"block-6fe19c7f-cf61-43c7-835b-dde7cbaa9cab\" class=\"wp-block-image\"><figure class=\"aligncenter size-large is-resized\"><img loading=\"lazy\" src=\"https:\/\/investigaciones.ibero.edu.co\/wp-content\/uploads\/2025\/09\/Sello-con-cobranding-V-blanco-1024x467.png\" alt=\"\" class=\"wp-image-6383\" width=\"306\" height=\"136\"\/><\/figure><\/div>\n\n\n\n<p class=\"has-text-align-center has-black-color has-text-color has-background has-medium-font-size\" id=\"block-d65d482a-f90d-4de4-9158-42b4b61ce580\" style=\"background-color:#aaaaaa\"><strong>Convocatoria para la Conformaci\u00f3n  del Banco de Proyectos de Investigaci\u00f3n e Innovaci\u00f3n de la Corporaci\u00f3n Universitaria Iberoamericana A\u00f1o 2026<\/strong><\/p>\n\n\n\n<p id=\"block-54381b0e-a463-49ad-b21d-8ad135e5c21d\">Dirigida a Docentes de Pregrado, Posgrado e Int\u00e9rpretes con vinculaci\u00f3n activa con la IBERO en el 2025<\/p>\n<\/div><\/div>\n<\/div>\n<\/div>\n\n\n\n<div class=\"wp-block-buttons\">\n<div class=\"wp-block-button has-custom-width wp-block-button__width-100 is-style-fill\"><a class=\"wp-block-button__link has-background\" href=\"https:\/\/investigaciones.ibero.edu.co\/?page_id=6329\" style=\"border-radius:47px;background:linear-gradient(135deg,rgb(223,193,78) 0%,rgb(0,0,0) 100%)\">M\u00e1s Informaci\u00f3n Aqu\u00ed<\/a><\/div>\n<\/div>\n\n\n\n<p><\/p>\n<\/div>\n\n\n\n<div class=\"wp-block-column is-vertically-aligned-top\" style=\"flex-basis:4%\">\n<p><\/p>\n<\/div>\n\n\n\n<div class=\"wp-block-column is-vertically-aligned-top\" style=\"flex-basis:44%\"><\/div>\n<\/div>\n\n\n\n<div class=\"wp-block-columns\">\n<div class=\"wp-block-column is-vertically-aligned-top\" style=\"flex-basis:44%\">\n<div class=\"wp-block-columns\">\n<div class=\"wp-block-column\" style=\"flex-basis:100%\">\n<div class=\"wp-block-group has-cyan-bluish-gray-background-color has-background\"><div class=\"wp-block-group__inner-container\">\n<div class=\"wp-block-image\"><figure class=\"aligncenter size-large is-resized\"><img loading=\"lazy\" src=\"https:\/\/investigaciones.ibero.edu.co\/wp-content\/uploads\/2024\/07\/Logo-IBERO-Horizontal-V1-1024x341.png\" alt=\"\" class=\"wp-image-4012\" width=\"201\" height=\"66\" srcset=\"https:\/\/investigaciones.ibero.edu.co\/wp-content\/uploads\/2024\/07\/Logo-IBERO-Horizontal-V1-1024x341.png 1024w, https:\/\/investigaciones.ibero.edu.co\/wp-content\/uploads\/2024\/07\/Logo-IBERO-Horizontal-V1-300x100.png 300w, https:\/\/investigaciones.ibero.edu.co\/wp-content\/uploads\/2024\/07\/Logo-IBERO-Horizontal-V1-768x256.png 768w, https:\/\/investigaciones.ibero.edu.co\/wp-content\/uploads\/2024\/07\/Logo-IBERO-Horizontal-V1-1536x512.png 1536w, https:\/\/investigaciones.ibero.edu.co\/wp-content\/uploads\/2024\/07\/Logo-IBERO-Horizontal-V1.png 2016w\" sizes=\"(max-width: 201px) 100vw, 201px\" \/><\/figure><\/div>\n\n\n\n<p class=\"has-text-align-center has-white-color has-text-color has-background\" style=\"background-color:#4a4a48;font-size:14px\">Convocatoria para la Conformaci\u00f3n del Banco de Proyectos y Programas de Investigaci\u00f3n e Innovaci\u00f3n de la Corporaci\u00f3n Universitaria Iberoamericana A\u00f1o 2025<\/p>\n\n\n\n<p style=\"font-size:14px\">Dirigida a Docentes de Pregrado, Posgrado e Int\u00e9rpretes con vinculaci\u00f3n activa con la IBERO en el 2024.<\/p>\n<\/div><\/div>\n<\/div>\n<\/div>\n\n\n\n<div class=\"wp-block-buttons\">\n<div class=\"wp-block-button has-custom-width wp-block-button__width-100\"><a class=\"wp-block-button__link has-background\" href=\"https:\/\/investigaciones.ibero.edu.co\/?page_id=4399\" style=\"border-radius:50px;background:linear-gradient(135deg,rgb(197,166,73) 23%,rgb(74,74,72) 90%)\">M\u00e1s Informaci\u00f3n Aqu\u00ed<\/a><\/div>\n<\/div>\n<\/div>\n\n\n\n<div class=\"wp-block-column\" style=\"flex-basis:4%\">\n<div style=\"height:100px\" aria-hidden=\"true\" class=\"wp-block-spacer\"><\/div>\n<\/div>\n\n\n\n<div class=\"wp-block-column\" style=\"flex-basis:44%\">\n<div class=\"wp-block-columns\">\n<div class=\"wp-block-column\" style=\"flex-basis:100%\">\n<div class=\"wp-block-group has-background\" style=\"background-color:#ebedef\"><div class=\"wp-block-group__inner-container\">\n<div class=\"wp-block-image\"><figure class=\"aligncenter size-large is-resized\"><img loading=\"lazy\" src=\"https:\/\/investigaciones.ibero.edu.co\/wp-content\/uploads\/2022\/10\/Logo-IBEROHEXA_IBERO-Endoso-1024x1024.png\" alt=\"\" class=\"wp-image-2993\" width=\"78\" height=\"78\" srcset=\"https:\/\/investigaciones.ibero.edu.co\/wp-content\/uploads\/2022\/10\/Logo-IBEROHEXA_IBERO-Endoso-1024x1024.png 1024w, https:\/\/investigaciones.ibero.edu.co\/wp-content\/uploads\/2022\/10\/Logo-IBEROHEXA_IBERO-Endoso-300x300.png 300w, https:\/\/investigaciones.ibero.edu.co\/wp-content\/uploads\/2022\/10\/Logo-IBEROHEXA_IBERO-Endoso-150x150.png 150w, https:\/\/investigaciones.ibero.edu.co\/wp-content\/uploads\/2022\/10\/Logo-IBEROHEXA_IBERO-Endoso-768x768.png 768w, https:\/\/investigaciones.ibero.edu.co\/wp-content\/uploads\/2022\/10\/Logo-IBEROHEXA_IBERO-Endoso-1536x1536.png 1536w, https:\/\/investigaciones.ibero.edu.co\/wp-content\/uploads\/2022\/10\/Logo-IBEROHEXA_IBERO-Endoso-2048x2048.png 2048w\" sizes=\"(max-width: 78px) 100vw, 78px\" \/><\/figure><\/div>\n\n\n\n<p class=\"has-text-align-center has-background\" style=\"background-color:#c5a649;font-size:14px\">Convocatoria para la Conformaci\u00f3n del Banco de Proyectos y Programas de Investigaci\u00f3n e Innovaci\u00f3n de la Corporaci\u00f3n Universitaria Iberoamericana A\u00f1o 2024<\/p>\n\n\n\n<p class=\"has-text-align-justify\" style=\"font-size:14px\">Dirigida a Docentes de Pregrado, Posgrado e Int\u00e9rpretes con vinculaci\u00f3n activa con la IBERO en el 2023.<\/p>\n<\/div><\/div>\n<\/div>\n<\/div>\n\n\n\n<div class=\"wp-block-buttons\">\n<div class=\"wp-block-button has-custom-width wp-block-button__width-100\"><a class=\"wp-block-button__link has-background\" href=\"https:\/\/investigaciones.ibero.edu.co\/?page_id=3381(abre en una nueva pesta\u00f1a)\" style=\"border-radius:50px;background:linear-gradient(135deg,rgb(74,74,72) 15%,rgb(197,166,73) 85%)\">M\u00e1s Informaci\u00f3n Aqu\u00ed<\/a><\/div>\n<\/div>\n<\/div>\n<\/div>\n\n\n\n<div class=\"wp-block-columns are-vertically-aligned-center\">\n<div class=\"wp-block-column is-vertically-aligned-center\" style=\"flex-basis:44%\">\n<div class=\"wp-block-group has-background\" style=\"background-color:#dfc14e\"><div class=\"wp-block-group__inner-container\">\n<div id=\"block-6fe19c7f-cf61-43c7-835b-dde7cbaa9cab\" class=\"wp-block-image\"><figure class=\"aligncenter size-large is-resized\"><img loading=\"lazy\" src=\"https:\/\/investigaciones.ibero.edu.co\/wp-content\/uploads\/2025\/09\/Sello-con-cobranding-V-blanco-1024x467.png\" alt=\"\" class=\"wp-image-6383\" width=\"306\" height=\"136\"\/><\/figure><\/div>\n\n\n\n<p class=\"has-text-align-center has-black-color has-text-color has-background\" id=\"block-d65d482a-f90d-4de4-9158-42b4b61ce580\" style=\"background-color:#aaaaaa;font-size:14px\"><strong>Convocatoria de Est\u00edmulos e Incentivos Docentes 2025<\/strong><\/p>\n\n\n\n<p id=\"block-54381b0e-a463-49ad-b21d-8ad135e5c21d\" style=\"font-size:14px\">Identificar los productos acad\u00e9micos, investigativos, de extensi\u00f3n o proyecci\u00f3n social y de creaci\u00f3n art\u00edstica o cultural de autor\u00eda de docentes con vinculaci\u00f3n vigente con la IBERO, que cumplen los requisitos definidos en la Res. No. 471 de 2017 de Consejo Superior.<\/p>\n<\/div><\/div>\n\n\n\n<div class=\"wp-block-buttons\">\n<div class=\"wp-block-button has-custom-width wp-block-button__width-100 is-style-fill\"><a class=\"wp-block-button__link has-background\" href=\"https:\/\/investigaciones.ibero.edu.co\/?page_id=6236\" style=\"border-radius:47px;background:linear-gradient(135deg,rgb(223,193,78) 0%,rgb(0,0,0) 100%)\">M\u00e1s Informaci\u00f3n Aqu\u00ed<\/a><\/div>\n<\/div>\n\n\n\n<p><\/p>\n<\/div>\n\n\n\n<div class=\"wp-block-column is-vertically-aligned-center\" style=\"flex-basis:4%\">\n<p><\/p>\n<\/div>\n\n\n\n<div class=\"wp-block-column is-vertically-aligned-center\" style=\"flex-basis:44%\">\n<div class=\"wp-block-columns\">\n<div class=\"wp-block-column\" style=\"flex-basis:100%\">\n<div class=\"wp-block-group has-black-color has-cyan-bluish-gray-background-color has-text-color has-background\"><div class=\"wp-block-group__inner-container\">\n<div id=\"block-6fe19c7f-cf61-43c7-835b-dde7cbaa9cab\" class=\"wp-block-image\"><figure class=\"aligncenter size-large is-resized\"><img loading=\"lazy\" src=\"https:\/\/investigaciones.ibero.edu.co\/wp-content\/uploads\/2024\/09\/Logo-IBERO-BLANCO-Horizontal-V1-1024x341.png\" alt=\"\" class=\"wp-image-4546\" width=\"184\" height=\"61\" srcset=\"https:\/\/investigaciones.ibero.edu.co\/wp-content\/uploads\/2024\/09\/Logo-IBERO-BLANCO-Horizontal-V1-1024x341.png 1024w, https:\/\/investigaciones.ibero.edu.co\/wp-content\/uploads\/2024\/09\/Logo-IBERO-BLANCO-Horizontal-V1-300x100.png 300w, https:\/\/investigaciones.ibero.edu.co\/wp-content\/uploads\/2024\/09\/Logo-IBERO-BLANCO-Horizontal-V1-768x256.png 768w, https:\/\/investigaciones.ibero.edu.co\/wp-content\/uploads\/2024\/09\/Logo-IBERO-BLANCO-Horizontal-V1-1536x512.png 1536w, https:\/\/investigaciones.ibero.edu.co\/wp-content\/uploads\/2024\/09\/Logo-IBERO-BLANCO-Horizontal-V1.png 2016w\" sizes=\"(max-width: 184px) 100vw, 184px\" \/><\/figure><\/div>\n\n\n\n<p class=\"has-text-align-center has-black-color has-text-color has-background\" id=\"block-d65d482a-f90d-4de4-9158-42b4b61ce580\" style=\"background-color:#aaaaaa;font-size:14px\"><strong>Convocatoria de Est\u00edmulos e Incentivos Docentes 2024<\/strong><\/p>\n\n\n\n<p id=\"block-54381b0e-a463-49ad-b21d-8ad135e5c21d\" style=\"font-size:14px\">Identificar los productos acad\u00e9micos, investigativos, de extensi\u00f3n o proyecci\u00f3n social y de creaci\u00f3n art\u00edstica o cultural de autor\u00eda de docentes con vinculaci\u00f3n vigente con la IBERO, que cumplen los requisitos definidos en la Res. No. 471 de 2017 de Consejo Superior.<\/p>\n<\/div><\/div>\n<\/div>\n<\/div>\n\n\n\n<div class=\"wp-block-buttons\">\n<div class=\"wp-block-button has-custom-width wp-block-button__width-100 is-style-fill\"><a class=\"wp-block-button__link has-background\" href=\"https:\/\/investigaciones.ibero.edu.co\/?page_id=4522\" style=\"border-radius:47px;background:linear-gradient(135deg,rgb(223,193,78) 0%,rgb(0,0,0) 100%)\" rel=\"\">M\u00e1s Informaci\u00f3n Aqu\u00ed<\/a><\/div>\n<\/div>\n\n\n\n<p><\/p>\n<\/div>\n<\/div>\n<\/div>\n<\/div>\n\n\n\n<hr class=\"wp-block-separator\"\/>\n\n\n\n<div class=\"wp-block-buttons is-content-justification-center\">\n<div class=\"wp-block-button has-custom-width wp-block-button__width-50 is-style-outline\"><a class=\"wp-block-button__link has-text-color\" href=\"https:\/\/investigaciones.ibero.edu.co\/?page_id=3853\" style=\"border-radius:15px;color:#c5a649\"> TRANSFERENCIA DE CONOCIMIENTO<\/a><\/div>\n\n\n\n<div class=\"wp-block-button has-custom-width wp-block-button__width-50 is-style-fill\"><a class=\"wp-block-button__link has-text-color has-background\" href=\"https:\/\/investigaciones.ibero.edu.co\/?page_id=2449\" style=\"border-radius:15px;background-color:#d7b758;color:#fffffa\">VER \u00c9TICA EN INVESTIGACI\u00d3N<\/a><\/div>\n<\/div>\n\n\n\n<p><\/p>\n","protected":false},"excerpt":{"rendered":"<p>Observatorio de Innovaci\u00f3n Educativa<\/p>\n","protected":false},"author":2,"featured_media":0,"parent":0,"menu_order":0,"comment_status":"closed","ping_status":"closed","template":"","meta":{"spay_email":""},"_links":{"self":[{"href":"https:\/\/investigaciones.ibero.edu.co\/index.php?rest_route=\/wp\/v2\/pages\/4364"}],"collection":[{"href":"https:\/\/investigaciones.ibero.edu.co\/index.php?rest_route=\/wp\/v2\/pages"}],"about":[{"href":"https:\/\/investigaciones.ibero.edu.co\/index.php?rest_route=\/wp\/v2\/types\/page"}],"author":[{"embeddable":true,"href":"https:\/\/investigaciones.ibero.edu.co\/index.php?rest_route=\/wp\/v2\/users\/2"}],"replies":[{"embeddable":true,"href":"https:\/\/investigaciones.ibero.edu.co\/index.php?rest_route=%2Fwp%2Fv2%2Fcomments&post=4364"}],"version-history":[{"count":72,"href":"https:\/\/investigaciones.ibero.edu.co\/index.php?rest_route=\/wp\/v2\/pages\/4364\/revisions"}],"predecessor-version":[{"id":6520,"href":"https:\/\/investigaciones.ibero.edu.co\/index.php?rest_route=\/wp\/v2\/pages\/4364\/revisions\/6520"}],"wp:attachment":[{"href":"https:\/\/investigaciones.ibero.edu.co\/index.php?rest_route=%2Fwp%2Fv2%2Fmedia&parent=4364"}],"curies":[{"name":"wp","href":"https:\/\/api.w.org\/{rel}","templated":true}]}}