{"id":4399,"date":"2024-08-29T14:06:02","date_gmt":"2024-08-29T19:06:02","guid":{"rendered":"https:\/\/investigaciones.ibero.edu.co\/?page_id=4399"},"modified":"2025-12-02T10:02:21","modified_gmt":"2025-12-02T15:02:21","slug":"documentos-convocatoria-banco-de-proyectos-2025","status":"publish","type":"page","link":"https:\/\/investigaciones.ibero.edu.co\/?page_id=4399","title":{"rendered":"Documentos Convocatoria Banco de Proyectos 2025"},"content":{"rendered":"\n<div class=\"wp-block-group\"><div class=\"wp-block-group__inner-container\">\n<div class=\"wp-block-group\"><div class=\"wp-block-group__inner-container\">\n<h4>A continuaci\u00f3n usted encontrar\u00e1 la lista de gu\u00edas relacionadas a la Convocatoria para la Conformaci\u00f3n del Banco de Proyectos y Programas de Investigaci\u00f3n e Innovaci\u00f3n de la Corporaci\u00f3n Universitaria Iberoamericana A\u00f1o 2025, para su uso y consulta.<\/h4>\n<\/div><\/div>\n<\/div><\/div>\n\n\n\n<div class=\"wp-block-columns\">\n<div class=\"wp-block-column\" style=\"flex-basis:66.66%\">\n<h2 class=\"has-luminous-vivid-amber-color has-text-color\">Documentos Convocatoria<\/h2>\n\n\n\n<h3 class=\"has-luminous-vivid-amber-color has-text-color\">Adenda no.1 Convocatoria.<\/h3>\n\n\n\n<p style=\"font-size:18px\"><em>Ampliaci\u00f3n de fecha limite de postulaci\u00f3n a <strong>5 de noviembre de 2025 hastas las 5:00 pm (hora COP)<\/strong><\/em><strong> <\/strong><a href=\"https:\/\/investigaciones.ibero.edu.co\/wp-content\/uploads\/2024\/10\/Adenda-No.-1_Convocatoria-Proyectos-2025.pdf\">hacer clic ver adenda<\/a><\/p>\n\n\n\n<p><strong>T\u00e9rminos de la Convocatoria A\u00f1o 2025<\/strong> &#8211; <a href=\"https:\/\/investigaciones.ibero.edu.co\/wp-content\/uploads\/2024\/09\/Convocatoria-Proyectos_Programas_2025C-1.pdf\">hacer clic aqu\u00ed para PDF<\/a><\/p>\n\n\n\n<p><strong>Obligaciones de los proponentes vinculados a la iberoamericana<\/strong> <a href=\"https:\/\/investigaciones.ibero.edu.co\/wp-content\/uploads\/2025\/02\/convocatoria2024-Obligaciones.pdf\">&#8211; hacer clic aqu\u00ed para PDF<\/a><\/p>\n\n\n\n<p><strong>Video de Socializaci\u00f3n Convocatoria Proyectos Programas de Investigaci\u00f3n 2025<\/strong> &#8211; <a href=\"https:\/\/youtu.be\/UMziBAuOEF4\">ver video aqu\u00ed<\/a><\/p>\n\n\n\n<p><strong>Videos de Acompa\u00f1amiento Proyectos Programas de Investigaci\u00f3n 2025<\/strong> &#8211; <a href=\"https:\/\/investigaciones.ibero.edu.co\/wp-content\/uploads\/2024\/10\/capacitaciones-PPIi2025.pdf\">hacer clic aqu\u00ed para PDF<\/a><\/p>\n\n\n\n<p><strong>Gu\u00eda Proyecto de Investigaci\u00f3n<\/strong> &#8211; <a href=\"https:\/\/investigaciones.ibero.edu.co\/wp-content\/uploads\/2024\/09\/ANEXO-E1-Guia-Proy-Investigacion-2025C.pdf\">hacer clic aqu\u00ed para PDF<\/a><\/p>\n\n\n\n<p><strong>Gu\u00eda de Proyecto de Innovaci\u00f3n<\/strong> &#8211; <a href=\"https:\/\/investigaciones.ibero.edu.co\/wp-content\/uploads\/2024\/09\/ANEXO-E2-Guia-Proy-Innovacion-2025C-1.pdf\">hacer clic aqu\u00ed para PDF<\/a><\/p>\n\n\n\n<p><strong>Gu\u00eda de Programa de Investigaci\u00f3n<\/strong> &#8211; <a href=\"https:\/\/investigaciones.ibero.edu.co\/wp-content\/uploads\/2024\/09\/ANEXO-E3-Guia-Programa-Inves-2025C.pdf\">hacer clic aqu\u00ed para PDF<\/a><\/p>\n\n\n\n<p><strong>Consideraciones \u00c9ticas<\/strong> &#8211; <a href=\"https:\/\/investigaciones.ibero.edu.co\/wp-content\/uploads\/2024\/09\/consideraciones-eticas2025.pdf\">hacer clic aqu\u00ed para PDF<\/a><\/p>\n\n\n\n<p><strong>Manual SIGIIP<\/strong> &#8211; <a href=\"https:\/\/investigaciones.ibero.edu.co\/wp-content\/uploads\/2023\/09\/guia-sigiip.pdf\">hacer clic aqu\u00ed para PDF<\/a><\/p>\n\n\n\n<p><strong>Gu\u00eda Creaci\u00f3n Presupuesto  en SIGIIP<\/strong> &#8211; <a href=\"https:\/\/investigaciones.ibero.edu.co\/wp-content\/uploads\/2024\/09\/guia-creacion-presupuesto-2025.pdf\">hacer clic aqu\u00ed para PDF<\/a><\/p>\n\n\n\n<p><strong><em>Anexo A: <\/em>Carta de Intenci\u00f3n o compromiso de Participantes Externos (formato .docx).<\/strong><a href=\"https:\/\/investigaciones.ibero.edu.co\/wp-content\/uploads\/2024\/08\/ANEXO-A_-Formato-Carta-de-Intencion-o-compromiso-participantes-Ext-o-NO-PFU.docx\"> hacer clic aqu\u00ed para descargar<\/a><\/p>\n\n\n\n<p><strong><em>Anexo B: Carta de Intenci\u00f3n de egresados Ibero <\/em><\/strong> &#8211; No tiene formato definido<\/p>\n\n\n\n<p><strong><em>Anexo C: <\/em>Reporte de Propiedad Intelectual Derivada del Proyecto<\/strong>. <strong><em>(formato .docx)<\/em><\/strong> <a href=\"https:\/\/investigaciones.ibero.edu.co\/wp-content\/uploads\/2024\/08\/Anexo-C_-Propiedad-Intelectual.docx\">hacer clic aqu\u00ed para descargar<\/a><\/p>\n\n\n\n<p><strong>Anexo D: Declaraci\u00f3n de originalidad (formato .docx)<\/strong> <a href=\"https:\/\/investigaciones.ibero.edu.co\/wp-content\/uploads\/2024\/08\/Anexo-D_-Declaracion-de-originalidad-de-la-propuesta-y-comunicacion-de-conflictos-de-interes.docx\">hacer clic aqu\u00ed para descargar<\/a><\/p>\n\n\n\n<p><strong>Programaci\u00f3n de Capacitaciones en SIGIIP<\/strong> &#8211; <a href=\"https:\/\/investigaciones.ibero.edu.co\/wp-content\/uploads\/2024\/10\/cronograma-capacitaiones-sigiip-anexo1-1.pdf\">hacer clic aqu\u00ed para descargar<\/a><\/p>\n<\/div>\n\n\n\n<div class=\"wp-block-column\" style=\"flex-basis:2%\"><\/div>\n\n\n\n<div class=\"wp-block-column\" style=\"flex-basis:33.33%\">\n<h2 class=\"has-black-color has-text-color\">Preguntas Frecuentes<\/h2>\n\n\n\n<ul><li>Como cargo los avances, informe final y soportes del proyecto, <a href=\"https:\/\/investigaciones.ibero.edu.co\/wp-content\/uploads\/2025\/12\/infografia14.pdf\">Guia carga de informe. clic aqu\u00ed<\/a><\/li><\/ul>\n<\/div>\n<\/div>\n","protected":false},"excerpt":{"rendered":"<p>Documentos Convocatoria Adenda no.1 Convocatoria. Ampliaci\u00f3n de fecha limite de postulaci\u00f3n a 5 de noviembre de 2025 hastas las 5:00 pm (hora COP) hacer clic&hellip;<\/p>\n","protected":false},"author":2,"featured_media":0,"parent":4364,"menu_order":1,"comment_status":"closed","ping_status":"closed","template":"","meta":{"spay_email":""},"_links":{"self":[{"href":"https:\/\/investigaciones.ibero.edu.co\/index.php?rest_route=\/wp\/v2\/pages\/4399"}],"collection":[{"href":"https:\/\/investigaciones.ibero.edu.co\/index.php?rest_route=\/wp\/v2\/pages"}],"about":[{"href":"https:\/\/investigaciones.ibero.edu.co\/index.php?rest_route=\/wp\/v2\/types\/page"}],"author":[{"embeddable":true,"href":"https:\/\/investigaciones.ibero.edu.co\/index.php?rest_route=\/wp\/v2\/users\/2"}],"replies":[{"embeddable":true,"href":"https:\/\/investigaciones.ibero.edu.co\/index.php?rest_route=%2Fwp%2Fv2%2Fcomments&post=4399"}],"version-history":[{"count":33,"href":"https:\/\/investigaciones.ibero.edu.co\/index.php?rest_route=\/wp\/v2\/pages\/4399\/revisions"}],"predecessor-version":[{"id":6594,"href":"https:\/\/investigaciones.ibero.edu.co\/index.php?rest_route=\/wp\/v2\/pages\/4399\/revisions\/6594"}],"up":[{"embeddable":true,"href":"https:\/\/investigaciones.ibero.edu.co\/index.php?rest_route=\/wp\/v2\/pages\/4364"}],"wp:attachment":[{"href":"https:\/\/investigaciones.ibero.edu.co\/index.php?rest_route=%2Fwp%2Fv2%2Fmedia&parent=4399"}],"curies":[{"name":"wp","href":"https:\/\/api.w.org\/{rel}","templated":true}]}}