{"id":4522,"date":"2024-09-16T16:16:55","date_gmt":"2024-09-16T21:16:55","guid":{"rendered":"https:\/\/investigaciones.ibero.edu.co\/?page_id=4522"},"modified":"2025-09-01T12:21:55","modified_gmt":"2025-09-01T17:21:55","slug":"documentos-convocatoria-incentivos-2024","status":"publish","type":"page","link":"https:\/\/investigaciones.ibero.edu.co\/?page_id=4522","title":{"rendered":"Documentos Convocatoria de Est\u00edmulos e Incentivos Docentes 2024"},"content":{"rendered":"\n<div class=\"wp-block-group\"><div class=\"wp-block-group__inner-container\">\n<div class=\"wp-block-group\"><div class=\"wp-block-group__inner-container\">\n<h4 class=\"has-text-color\" style=\"color:#5f5f5e\"><span style=\"color:#4a4a48\" class=\"has-inline-color\">Identificar los productos acad\u00e9micos, investigativos, de extensi\u00f3n o proyecci\u00f3n social y de creaci\u00f3n art\u00edstica o cultural de autor\u00eda de docentes con vinculaci\u00f3n vigente con la IBERO, que cumplen los requisitos definidos en la Res. No. 471 de 2017 de Consejo Superior, con el fin de recomendar el reconocimiento de los incentivos econ\u00f3micos correspondientes para los productos obtenidos o publicados de <strong><u>agosto 01 de 2023 a julio 31 de 2024<\/u>.<\/strong><\/span><\/h4>\n\n\n\n<h4 class=\"has-text-color\" style=\"color:#c5a649;font-size:22px\"><em><strong><span style=\"color:#c5a649\" class=\"has-inline-color\">Fecha limite de postulaci\u00f3n 11de octubre 2024.<\/span><\/strong><\/em><\/h4>\n\n\n\n<h4 class=\"has-text-color\" style=\"color:#c5a649\"><strong><em>ADENDA no. 1: Ampliaci\u00f3n de Plazo para Postulaci\u00f3n 20 de octubre de 2024<\/em><\/strong><\/h4>\n\n\n\n<p class=\"has-medium-font-size\"><em><strong>NOTA<\/strong>:<\/em> Tenga en cuenta que para postularse debe tener actualizado su <strong>CvLAC<\/strong> y el perfil de productividad en <strong>SIGIIP<\/strong><\/p>\n\n\n\n<p><strong>T\u00e9rminos de la Convocatoria Incentivos 2024<\/strong> &#8211; <a href=\"https:\/\/investigaciones.ibero.edu.co\/wp-content\/uploads\/2024\/10\/TERMINOS-CONVOCATORIA-ESTIMULOS-DOCENTES_16SEP_2024.pdf\">Hacer clic aqu\u00ed para PDF<\/a><\/p>\n\n\n\n<p><strong>Anexo 1. Carta de Sometimiento<\/strong> &#8211; <a href=\"https:\/\/investigaciones.ibero.edu.co\/wp-content\/uploads\/2024\/09\/ANEXO-1_CONVOCATORIA-ESTIMULOS-DOCENTES_v2024-OTH.docx\">Hacer clic aqu\u00ed para descargar<\/a><\/p>\n\n\n\n<p><strong>Anexo 2. Cr\u00e9ditos de Obra<\/strong> &#8211; <a href=\"https:\/\/investigaciones.ibero.edu.co\/wp-content\/uploads\/2024\/09\/ANEXO-2_CONVOCATORIA-ESTIMULOS-DOCENTES_v2024.docx\">Hace clic aqu\u00ed para descargar<\/a><\/p>\n\n\n\n<p><strong>Anexo 3. Descripci\u00f3n de Intervenci\u00f3n Pedag\u00f3gica<\/strong>&#8211; <a href=\"https:\/\/investigaciones.ibero.edu.co\/wp-content\/uploads\/2024\/09\/ANEXO-3_CONVOCATORIA-ESTIMULOS-DOCENTES_v2024.docx\">Hace clic aqu\u00ed para descargar<\/a><\/p>\n\n\n\n<p><strong>Gu\u00eda cargue datos en SIGIIP <\/strong>&#8211; <a href=\"https:\/\/investigaciones.ibero.edu.co\/wp-content\/uploads\/2025\/09\/infografia4.pdf\">Hacer clic aqu\u00ed para PDF<\/a><\/p>\n\n\n\n<p><strong>Postulaci\u00f3n a la Convocatoria &#8211;<\/strong> <a href=\"https:\/\/investigaciones.ibero.edu.co\/wp-content\/uploads\/2024\/09\/Infografia5.png\">Hacer clic aqu\u00ed para PDF <\/a><\/p>\n\n\n\n<p><strong>Resoluci\u00f3n 471 de 2017 (versi\u00f3n firmada)<\/strong> &#8211; <a href=\"https:\/\/investigaciones.ibero.edu.co\/wp-content\/uploads\/2020\/07\/Resoluci%C3%B3n-471-Incentivos-Docentes.pdf\">Hacer clic aqu\u00ed para PDF<\/a><\/p>\n<\/div><\/div>\n<\/div><\/div>\n\n\n\n<p><\/p>\n","protected":false},"excerpt":{"rendered":"","protected":false},"author":2,"featured_media":0,"parent":4364,"menu_order":1,"comment_status":"closed","ping_status":"closed","template":"","meta":{"spay_email":""},"_links":{"self":[{"href":"https:\/\/investigaciones.ibero.edu.co\/index.php?rest_route=\/wp\/v2\/pages\/4522"}],"collection":[{"href":"https:\/\/investigaciones.ibero.edu.co\/index.php?rest_route=\/wp\/v2\/pages"}],"about":[{"href":"https:\/\/investigaciones.ibero.edu.co\/index.php?rest_route=\/wp\/v2\/types\/page"}],"author":[{"embeddable":true,"href":"https:\/\/investigaciones.ibero.edu.co\/index.php?rest_route=\/wp\/v2\/users\/2"}],"replies":[{"embeddable":true,"href":"https:\/\/investigaciones.ibero.edu.co\/index.php?rest_route=%2Fwp%2Fv2%2Fcomments&post=4522"}],"version-history":[{"count":18,"href":"https:\/\/investigaciones.ibero.edu.co\/index.php?rest_route=\/wp\/v2\/pages\/4522\/revisions"}],"predecessor-version":[{"id":6259,"href":"https:\/\/investigaciones.ibero.edu.co\/index.php?rest_route=\/wp\/v2\/pages\/4522\/revisions\/6259"}],"up":[{"embeddable":true,"href":"https:\/\/investigaciones.ibero.edu.co\/index.php?rest_route=\/wp\/v2\/pages\/4364"}],"wp:attachment":[{"href":"https:\/\/investigaciones.ibero.edu.co\/index.php?rest_route=%2Fwp%2Fv2%2Fmedia&parent=4522"}],"curies":[{"name":"wp","href":"https:\/\/api.w.org\/{rel}","templated":true}]}}