{"id":4600,"date":"2024-09-19T16:43:46","date_gmt":"2024-09-19T21:43:46","guid":{"rendered":"https:\/\/investigaciones.ibero.edu.co\/?page_id=4600"},"modified":"2025-09-16T16:41:43","modified_gmt":"2025-09-16T21:41:43","slug":"technopro-sst","status":"publish","type":"page","link":"https:\/\/investigaciones.ibero.edu.co\/?page_id=4600","title":{"rendered":"TECHNOPRO-SST"},"content":{"rendered":"\n<h3 class=\"has-text-align-center\"><span style=\"color:#872f40\" class=\"has-inline-color\">Facultad de Ciencias de la Salud<\/span><\/h3>\n\n\n\n<h4 class=\"has-text-align-center\"><span style=\"color:#f2a900\" class=\"has-inline-color\">Programa de Seguridad y Salud en el Trabajo<\/span><\/h4>\n\n\n\n<div class=\"wp-block-image\"><figure class=\"aligncenter size-large is-resized\"><img src=\"https:\/\/investigaciones.ibero.edu.co\/wp-content\/uploads\/2020\/08\/seminv.png\" alt=\"\" class=\"wp-image-1486\" width=\"368\" srcset=\"https:\/\/investigaciones.ibero.edu.co\/wp-content\/uploads\/2020\/08\/seminv.png 539w, https:\/\/investigaciones.ibero.edu.co\/wp-content\/uploads\/2020\/08\/seminv-276x300.png 276w\" sizes=\"(max-width: 539px) 100vw, 539px\" \/><\/figure><\/div>\n\n\n\n<h3 class=\"has-text-align-center\"><span style=\"color:#872f40\" class=\"has-inline-color\">TECHNOPRO-SST<\/span><\/h3>\n\n\n\n<p><strong>Modalidad<\/strong>: <\/p>\n\n\n\n<p><strong>Lider:<\/strong> Karen Lorena Tique Aguilar<\/p>\n\n\n\n<p><strong>Contacto<\/strong>: <a href=\"mailto:karen.tique@docente.ibero.edu.co\">karen.tique@docente.ibero.edu.co<\/a><\/p>\n\n\n\n<p><strong>Formulario de inscripci\u00f3n<\/strong><a href=\"https:\/\/sigiip.ibero.edu.co\/PSemilleros\/\"> (hacer clic aqui)<\/a><\/p>\n\n\n\n<h4>Mision<\/h4>\n\n\n\n<p>Busca promover la formaci\u00f3n investigativa en estudiantes de pregrado del programa de Seguridad y Salud en el Trabajo a trav\u00e9s de la articulaci\u00f3n entre tecnolog\u00edas e innovaci\u00f3n por medio del desarrollo de proyectos investigativos que respondan a las necesidades actuales en contextos organizacionales donde se mejoren las pr\u00e1cticas de salud y seguridad en los empleados. Adem\u00e1s, fomentar el trabajo en equipo y de corresponsabilidad por medio del intercambio de conocimiento entre estudiantes, docentes y profesionales del \u00e1rea fomentando una cultura investigativa en el campo de la salud p\u00fablica.  <\/p>\n\n\n\n<h4>Vision<\/h4>\n\n\n\n<p>El semillero formativo \u201cTECHPRO-SST\u201d se proyecta como un referente acad\u00e9mico en la investigaci\u00f3n desde el programa de Seguridad y Salud en el Trabajo, promoviendo la innovaci\u00f3n, el reconocimiento del impacto de la tecnolog\u00eda y su uso actual desde enfoques interdisciplinarios del programa con el fin de transformar y contribuir a la calidad de vida en los entornos laborales a trav\u00e9s de la formaci\u00f3n de profesionales en su desarrollo de competencias investigativas con reconocimiento nacional e internacional desde sus productos investigativos y contribuci\u00f3n a la academia<\/p>\n\n\n\n<h4>Objetivo General<\/h4>\n\n\n\n<p>Desarrollar competencias investigativas en estudiantes de pregrado que actualmente se encuentran en el programa de la Seguridad y Salud en el Trabajo por medio del reconocimiento de la articulaci\u00f3n entre: Tecnolog\u00edas e innovaci\u00f3n, en el contexto de la Seguridad y Salud desde un enfoque interdisciplinario donde se aporte con nuevos conocimientos al evaluar riesgos y condiciones laborales que requieren una mejora en la calidad de vida del trabajador y su entorno.<\/p>\n\n\n\n<h4>Objetivos Especificos<\/h4>\n\n\n\n<ol><li>Comprender el impacto de las tecnolog\u00edas emergentes y la innovaci\u00f3n en materia de la seguridad y salud en el trabajo, promoviendo su relevancia y uso adecuado en contextos organizacionales.<\/li><li>Proponer proyectos investigativos que aporten a la comprensi\u00f3n de la innovaci\u00f3n y la tecnolog\u00eda a problemas espec\u00edficos que se reconozcan, evaluando su efectividad en las condiciones de trabajo.<\/li><li>Promover las competencias investigativas desde el trabajo en equipo y la corresponsabilidad entre estudiantes, docentes y profesionales del \u00e1rea por medio del intercambio de conocimiento, el an\u00e1lisis y la propuesta que crea ante nuevas estrategias desde el campo de la salud p\u00fablica.<\/li><\/ol>\n","protected":false},"excerpt":{"rendered":"<p>Facultad de Ciencias de la Salud Programa de Seguridad y Salud en el Trabajo TECHNOPRO-SST Modalidad: Lider: Karen Lorena Tique Aguilar Contacto: karen.tique@docente.ibero.edu.co Formulario de&hellip;<\/p>\n","protected":false},"author":2,"featured_media":0,"parent":290,"menu_order":0,"comment_status":"closed","ping_status":"closed","template":"","meta":{"spay_email":""},"_links":{"self":[{"href":"https:\/\/investigaciones.ibero.edu.co\/index.php?rest_route=\/wp\/v2\/pages\/4600"}],"collection":[{"href":"https:\/\/investigaciones.ibero.edu.co\/index.php?rest_route=\/wp\/v2\/pages"}],"about":[{"href":"https:\/\/investigaciones.ibero.edu.co\/index.php?rest_route=\/wp\/v2\/types\/page"}],"author":[{"embeddable":true,"href":"https:\/\/investigaciones.ibero.edu.co\/index.php?rest_route=\/wp\/v2\/users\/2"}],"replies":[{"embeddable":true,"href":"https:\/\/investigaciones.ibero.edu.co\/index.php?rest_route=%2Fwp%2Fv2%2Fcomments&post=4600"}],"version-history":[{"count":4,"href":"https:\/\/investigaciones.ibero.edu.co\/index.php?rest_route=\/wp\/v2\/pages\/4600\/revisions"}],"predecessor-version":[{"id":6463,"href":"https:\/\/investigaciones.ibero.edu.co\/index.php?rest_route=\/wp\/v2\/pages\/4600\/revisions\/6463"}],"up":[{"embeddable":true,"href":"https:\/\/investigaciones.ibero.edu.co\/index.php?rest_route=\/wp\/v2\/pages\/290"}],"wp:attachment":[{"href":"https:\/\/investigaciones.ibero.edu.co\/index.php?rest_route=%2Fwp%2Fv2%2Fmedia&parent=4600"}],"curies":[{"name":"wp","href":"https:\/\/api.w.org\/{rel}","templated":true}]}}