{"id":52,"date":"2020-05-27T18:27:08","date_gmt":"2020-05-27T23:27:08","guid":{"rendered":"http:\/\/localhost\/wordpress\/?page_id=52"},"modified":"2026-05-12T09:17:54","modified_gmt":"2026-05-12T14:17:54","slug":"inicio","status":"publish","type":"page","link":"https:\/\/investigaciones.ibero.edu.co\/","title":{"rendered":"Inicio"},"content":{"rendered":"\n<div id=\"metaslider-id-1878\" style=\"width: 100%;\" class=\"ml-slider-3-27-2 metaslider metaslider-flex metaslider-1878 ml-slider\">\n    <div id=\"metaslider_container_1878\">\n        <div id=\"metaslider_1878\">\n            <ul aria-live=\"polite\" class=\"slides\">\n                <li style=\"display: block; width: 100%;\" class=\"slide-1881 ms-image\"><a href=\"https:\/\/investigaciones.ibero.edu.co\/?page_id=294\" target=\"_self\"><img src=\"https:\/\/investigaciones.ibero.edu.co\/wp-content\/uploads\/2021\/04\/inves-3-1-1027x300.png\" height=\"300\" width=\"1027\" alt=\"\" class=\"slider-1878 slide-1881\" title=\"inves-3\" \/><\/a><\/li>\n                <li style=\"display: none; width: 100%;\" class=\"slide-1882 ms-image\"><a href=\"https:\/\/investigaciones.ibero.edu.co\/?page_id=290\" target=\"_self\"><img src=\"https:\/\/investigaciones.ibero.edu.co\/wp-content\/uploads\/2021\/04\/inves-2-1-1027x300.png\" height=\"300\" width=\"1027\" alt=\"\" class=\"slider-1878 slide-1882\" title=\"inves-2\" \/><\/a><\/li>\n                <li style=\"display: none; width: 100%;\" class=\"slide-1880 ms-image\"><a href=\"https:\/\/investigaciones.ibero.edu.co\/?page_id=292\/\" target=\"_self\"><img src=\"https:\/\/investigaciones.ibero.edu.co\/wp-content\/uploads\/2021\/04\/inves-4-1027x300.png\" height=\"300\" width=\"1027\" alt=\"\" class=\"slider-1878 slide-1880\" title=\"inves-4\" \/><\/a><\/li>\n                <li style=\"display: none; width: 100%;\" class=\"slide-1879 ms-image\"><a href=\"https:\/\/investigaciones.ibero.edu.co\/?page_id=298\" target=\"_self\"><img src=\"https:\/\/investigaciones.ibero.edu.co\/wp-content\/uploads\/2021\/04\/inves-5-1027x300.png\" height=\"300\" width=\"1027\" alt=\"\" class=\"slider-1878 slide-1879\" title=\"inves-5\" \/><\/a><\/li>\n            <\/ul>\n        <\/div>\n        \n    <\/div>\n<\/div>\n\n\n\n<div class=\"wp-block-group\">\n<div class=\"wp-block-group__inner-container\">\n<div class=\"row blockDisplay\">\n<div class=\"column_half left_half\"><a href=\"https:\/\/investigaciones.ibero.edu.co\/?cat=2\" target=\"_blank\" rel=\"noopener noreferrer\">\n<h2 class=\"column_title\" style=\"text-align: center;\">NOTICIAS<\/h2>\n<\/a><\/div>\n<div class=\"column_half right_half\"><a href=\"https:\/\/investigaciones.ibero.edu.co\/?cat=5\" target=\"_blank\" rel=\"noopener noreferrer\">\n<h2 class=\"column_title\" style=\"text-align: center;\">IBERO REPORTS<\/h2><\/a>\n<\/div>\n<\/div>\n<\/div>\n<\/div>\n<\/div>\n<\/div><br>\n\n\n\n<div id=\"metaslider-id-2004\" style=\"max-width: 1050px; margin: 0 auto;\" class=\"ml-slider-3-27-2 metaslider metaslider-flex metaslider-2004 ml-slider\">\n    <div id=\"metaslider_container_2004\">\n        <div id=\"metaslider_2004\" class=\"flexslider\">\n            <ul aria-live=\"polite\" class=\"slides\">\n                <li style=\"display: block; width: 100%;\" class=\"slide-2027 ms-image\"><a href=\"https:\/\/sigiip.ibero.edu.co\/PSemilleros\/\" target=\"_self\"><img width=\"6635\" height=\"1042\" src=\"https:\/\/investigaciones.ibero.edu.co\/wp-content\/uploads\/2021\/05\/sem02-02.png\" class=\"slider-2004 slide-2027\" alt=\"\" loading=\"lazy\" rel=\"\" title=\"sem02-02\" srcset=\"https:\/\/investigaciones.ibero.edu.co\/wp-content\/uploads\/2021\/05\/sem02-02.png 6635w, https:\/\/investigaciones.ibero.edu.co\/wp-content\/uploads\/2021\/05\/sem02-02-300x47.png 300w, https:\/\/investigaciones.ibero.edu.co\/wp-content\/uploads\/2021\/05\/sem02-02-1024x161.png 1024w, https:\/\/investigaciones.ibero.edu.co\/wp-content\/uploads\/2021\/05\/sem02-02-768x121.png 768w, https:\/\/investigaciones.ibero.edu.co\/wp-content\/uploads\/2021\/05\/sem02-02-1536x241.png 1536w, https:\/\/investigaciones.ibero.edu.co\/wp-content\/uploads\/2021\/05\/sem02-02-2048x322.png 2048w\" sizes=\"(max-width: 6635px) 100vw, 6635px\" \/><\/a><\/li>\n                <li style=\"display: none; width: 100%;\" class=\"slide-2028 ms-image\"><a href=\"https:\/\/sigiip.ibero.edu.co\/PSemilleros\/\" target=\"_self\"><img width=\"6818\" height=\"1068\" src=\"https:\/\/investigaciones.ibero.edu.co\/wp-content\/uploads\/2021\/05\/sem03-03.png\" class=\"slider-2004 slide-2028\" alt=\"\" loading=\"lazy\" rel=\"\" title=\"sem03-03\" srcset=\"https:\/\/investigaciones.ibero.edu.co\/wp-content\/uploads\/2021\/05\/sem03-03.png 6818w, https:\/\/investigaciones.ibero.edu.co\/wp-content\/uploads\/2021\/05\/sem03-03-300x47.png 300w, https:\/\/investigaciones.ibero.edu.co\/wp-content\/uploads\/2021\/05\/sem03-03-1024x160.png 1024w, https:\/\/investigaciones.ibero.edu.co\/wp-content\/uploads\/2021\/05\/sem03-03-768x120.png 768w, https:\/\/investigaciones.ibero.edu.co\/wp-content\/uploads\/2021\/05\/sem03-03-1536x241.png 1536w, https:\/\/investigaciones.ibero.edu.co\/wp-content\/uploads\/2021\/05\/sem03-03-2048x321.png 2048w\" sizes=\"(max-width: 6818px) 100vw, 6818px\" \/><\/a><\/li>\n                <li style=\"display: none; width: 100%;\" class=\"slide-2026 ms-image\"><a href=\"https:\/\/sigiip.ibero.edu.co\/PSemilleros\/\" target=\"_self\"><img width=\"6550\" height=\"1067\" src=\"https:\/\/investigaciones.ibero.edu.co\/wp-content\/uploads\/2021\/05\/sem01_Mesa-de-trabajo-1.png\" class=\"slider-2004 slide-2026\" alt=\"\" loading=\"lazy\" rel=\"\" title=\"sem01_Mesa de trabajo 1\" srcset=\"https:\/\/investigaciones.ibero.edu.co\/wp-content\/uploads\/2021\/05\/sem01_Mesa-de-trabajo-1.png 6550w, https:\/\/investigaciones.ibero.edu.co\/wp-content\/uploads\/2021\/05\/sem01_Mesa-de-trabajo-1-300x49.png 300w, https:\/\/investigaciones.ibero.edu.co\/wp-content\/uploads\/2021\/05\/sem01_Mesa-de-trabajo-1-1024x167.png 1024w, https:\/\/investigaciones.ibero.edu.co\/wp-content\/uploads\/2021\/05\/sem01_Mesa-de-trabajo-1-768x125.png 768w, https:\/\/investigaciones.ibero.edu.co\/wp-content\/uploads\/2021\/05\/sem01_Mesa-de-trabajo-1-1536x250.png 1536w, https:\/\/investigaciones.ibero.edu.co\/wp-content\/uploads\/2021\/05\/sem01_Mesa-de-trabajo-1-2048x334.png 2048w\" sizes=\"(max-width: 6550px) 100vw, 6550px\" \/><\/a><\/li>\n            <\/ul>\n        <\/div>\n        \n    <\/div>\n<\/div>\n\n\n\n<div class=\"wp-block-group\"><div class=\"wp-block-group__inner-container\">\n<div class=\"wp-block-group\"><div class=\"wp-block-group__inner-container\">\n<figure class=\"wp-block-table\">\n<div>\n<div>\n<\/div><\/div><table>\n<tbody><tr>\n<td class=\"has-text-align-center\" data-align=\"center\"><a href=\"https:\/\/investigaciones.ibero.edu.co\/?page_id=290\" target=\"_blank\" rel=\"noopener noreferrer\"><img class=\"wp-image-452\" style=\"width: 80px;\" src=\"https:\/\/investigaciones.ibero.edu.co\/wp-content\/uploads\/2020\/08\/seminv.png\" alt=\"\"><br><h4><strong>Semilleros de Investigaci\u00f3n<br>e Innovaci\u00f3n<\/strong><\/h4><br><\/a><\/td>\n<td class=\"has-text-align-center\" data-align=\"center\"><a href=\"https:\/\/investigaciones.ibero.edu.co\/?page_id=292\/\" target=\"_blank\" rel=\"noopener noreferrer\"><img class=\"wp-image-452\" style=\"width: 80px;\" src=\"https:\/\/investigaciones.ibero.edu.co\/wp-content\/uploads\/2020\/08\/grinve.png\" alt=\"\"><br><h4><strong>Grupos de Investigaci\u00f3n<\/strong><\/h4><br><\/a><\/td>\n<td class=\"has-text-align-center\" data-align=\"center\"><a href=\"https:\/\/investigaciones.ibero.edu.co\/?page_id=3853\" target=\"_blank\" rel=\"noopener noreferrer\"><img class=\"wp-image-452\" style=\"width: 80px;\" src=\"https:\/\/investigaciones.ibero.edu.co\/wp-content\/uploads\/2024\/06\/transfer.png\" alt=\"\"><br><h4><strong>Transferencia de Conocimiento<br>y Tecnolog\u00eda<\/strong><\/h4><br><\/a><\/td>\n<td class=\"has-text-align-center\" data-align=\"center\"><a href=\"https:\/\/investigaciones.ibero.edu.co\/?page_id=300\" target=\"_blank\" rel=\"noopener noreferrer\"><img class=\"wp-image-452\" style=\"width: 80px;\" src=\"https:\/\/investigaciones.ibero.edu.co\/wp-content\/uploads\/2020\/08\/opgrado.png\" alt=\"\"><br><h4><strong>Opciones de Grado<\/strong><\/h4><br><\/a><\/td>\n<\/tr>\n<tr>\n<td class=\"has-text-align-center\" data-align=\"center\"><a href=\"https:\/\/investigaciones.ibero.edu.co\/?page_id=294\" target=\"_blank\" rel=\"noopener noreferrer\"><img class=\"wp-image-452\" style=\"width: 80px;\" src=\"https:\/\/investigaciones.ibero.edu.co\/wp-content\/uploads\/2020\/08\/ged.png\" alt=\"\"><br><h4><strong>Grupos de Estudio Docente<\/strong><\/h4><br><\/a><\/td>\n<td class=\"has-text-align-center\" data-align=\"center\"><a href=\"https:\/\/investigaciones.ibero.edu.co\/?page_id=296\" target=\"_blank\" rel=\"noopener noreferrer\"><img class=\"wp-image-452\" style=\"width: 120px;\" src=\"https:\/\/investigaciones.ibero.edu.co\/wp-content\/uploads\/2022\/05\/normativa.png\" alt=\"\"><br><h4><strong>Normatividad<\/strong><\/h4><br><\/a><\/td>\n<td class=\"has-text-align-center\" data-align=\"center\"><a href=\"https:\/\/investigaciones.ibero.edu.co\/?page_id=2449\" target=\"_blank\" rel=\"noopener noreferrer\"><img class=\"wp-image-452\" style=\"width: 80px;\" src=\"https:\/\/investigaciones.ibero.edu.co\/wp-content\/uploads\/2022\/05\/etica2.png\" alt=\"\"><br><h4><strong>\u00c9tica en Investigaci\u00f3n<\/strong><\/h4><br><\/a><\/td>\n<td class=\"has-text-align-center\" data-align=\"center\"><a href=\"https:\/\/investigaciones.ibero.edu.co\/?page_id=2060\" target=\"_blank\" rel=\"noopener noreferrer\"><img class=\"wp-image-452\" style=\"width: 80px;\" src=\"https:\/\/investigaciones.ibero.edu.co\/wp-content\/uploads\/2020\/08\/ils02.png\" alt=\"\"><br><h4><strong>J\u00f3venes Investigadores<\/strong><\/h4><br><\/a><\/td>\n<\/tr>\n<tr>\n<td class=\"has-text-align-center\" data-align=\"center\"><a href=\"https:\/\/investigaciones.ibero.edu.co\/?page_id=298\" target=\"_blank\" rel=\"noopener noreferrer\"><img class=\"wp-image-452\" style=\"width: 80px;\" src=\"https:\/\/investigaciones.ibero.edu.co\/wp-content\/uploads\/2020\/08\/proint.png\" alt=\"\"><br><h4><strong>Producci\u00f3n Intelectual<\/strong><\/h4><br><\/a><\/td>\n<td class=\"has-text-align-center\" data-align=\"center\"><a href=\"https:\/\/investigaciones.ibero.edu.co\/?cat=29\" target=\"_blank\" rel=\"noopener noreferrer\"><img class=\"wp-image-452\" style=\"width: 80px;\" src=\"https:\/\/investigaciones.ibero.edu.co\/wp-content\/uploads\/2022\/04\/etica1-02.png\" alt=\"\"><br><h4><strong>Notas de Inter\u00e9s<\/strong><\/h4><br><\/a><\/td>\n<td class=\"has-text-align-center\" data-align=\"center\"><a href=\"https:\/\/investigaciones.ibero.edu.co\/?page_id=3251\" target=\"_blank\" rel=\"noopener noreferrer\"><img class=\"wp-image-452\" style=\"width: 80px;\" src=\"https:\/\/investigaciones.ibero.edu.co\/wp-content\/uploads\/2023\/05\/redes-sitio_Mesa-de-trabajo-1.png\" alt=\"\"><br><h4><strong>Redes de Investigaci\u00f3n<\/strong><\/h4><br><\/a><\/td>\n<td class=\"has-text-align-center\" data-align=\"center\"><a href=\"https:\/\/investigaciones.ibero.edu.co\/?page_id=5713\" target=\"_blank\" rel=\"noopener noreferrer\"><img class=\"wp-image-452\" style=\"width: 100px;\" src=\"https:\/\/investigaciones.ibero.edu.co\/wp-content\/uploads\/2025\/02\/delfin.png\" alt=\"\"><br><h4><strong>Programa DELFIN<\/strong><\/h4><br><\/a><\/td>\n<\/tr>\n<\/tbody>\n<\/table>\n<\/figure>\n\n\n\n<p><\/p>\n<\/div><\/div>\n<\/div><\/div>\n\n\n\n<h3 class=\"has-text-align-center\">Contacto<\/h3>\n\n\n\n<p class=\"has-text-align-center\">La Direcci\u00f3n de Investigaci\u00f3n y Transferencia de IBERO est\u00e1 ubicada en la Calle 67 # 5 \u2013 27. ofc.524 y 627.<\/p>\n\n\n<figure class=\"wp-block-table is-style-stripes\">\n<table>\n<tbody>\n<tr>\n<td class=\"has-text-align-center\" data-align=\"center\"><img class=\"wp-image-1863 aligncenter\" style=\"width: 150px;\" src=\"https:\/\/investigaciones.ibero.edu.co\/wp-content\/uploads\/2025\/07\/gloria-rodriguez2025C.png\" alt=\"Gloria Elsa Rodr\u00edguez Jim\u00e9nez\" \/><br \/><strong>Gloria Elsa Rodr\u00edguez Jim\u00e9nez<\/strong><br \/><em>Directora de Investigaci\u00f3n y Transferencia<\/em><br \/><a href=\"mailto:dir.investigaciones@academico.ibero.edu.co\">dir.investigaciones@academico.ibero.edu.co<\/a><\/td>\n<td class=\"has-text-align-center\" data-align=\"center\"><img class=\" wp-image-1863 aligcenbter\" style=\"width: 150px;\" src=\"https:\/\/investigaciones.ibero.edu.co\/wp-content\/uploads\/2026\/05\/maria-fernanda.png\" alt=\"Mar\u00eda Fernanda Avellaneda Romero\" \/><br \/><strong>Mar\u00eda Fernanda Avellaneda Romero<\/strong><br \/><em>Coordinaci\u00f3n de Investigaci\u00f3n y Creaci\u00f3n<\/em><br \/><a href=\"mailto:coord.investigaciones@academico.ibero.edu.co\">coord.investigaciones@academico.ibero.edu.co<\/a><\/td>\n<td class=\"has-text-align-center\" data-align=\"center\"><br \/><br \/><em>Coordinaci\u00f3n de Transferencia<\/em><br \/><a href=\"mailto:coord.transferenciaconocimiento@academico.ibero.edu.co\">coord.transferenciaconocimiento@academico.ibero.edu.co<\/a><\/td>\n<\/tr>\n<tr>\n<td class=\"has-text-align-center\" data-align=\"center\"><img class=\" wp-image-1863 aligcenbter\" style=\"width: 150px;\" src=\"https:\/\/investigaciones.ibero.edu.co\/wp-content\/uploads\/2025\/07\/edgar2025B.png\" alt=\"Edgar Eduar Rubiano Barrera\" \/><br \/><strong>Edgar Eduar Rubiano Barrera<\/strong><br \/><em>Coordinaci\u00f3n de Gesti\u00f3n del Conocimiento<br \/>y Divulgaci\u00f3n de la Ciencia<\/em><br \/><a href=\"mailto:coord.gestionconocimiento_divulgacion@academico.ibero.edu.co\">coord.gestionconocimiento_divulgacion@academico.ibero.edu.co<\/a><\/td>\n<td class=\"has-text-align-center\" data-align=\"center\"><img class=\" wp-image-1863 aligcenbter\" style=\"width: 150px;\" src=\"https:\/\/investigaciones.ibero.edu.co\/wp-content\/uploads\/2025\/07\/sofia2025B.png\" alt=\"Laura Sofia Rojas Montoya\" \/><br \/><strong>Laura Sofia Rojas Montoya<\/strong><br \/><em>Analista de Investigaciones<\/em><br \/><a href=\"mailto:analista.investigaciones@academico.ibero.edu.co\">analista.investigaciones@academico.ibero.edu.co<\/a><\/td>\n<td class=\"has-text-align-center\" data-align=\"center\"><img class=\" wp-image-1863 aligcenbter\" style=\"width: 150px;\" src=\"https:\/\/investigaciones.ibero.edu.co\/wp-content\/uploads\/2026\/05\/kimbrely.png\" alt=\"\" \/><br \/><strong>Kimberli Dayan Sarmiento Mu\u00f1oz<\/strong><br \/><em>Auxiliar de Investigaciones<\/em><br \/><a href=\"mailto:auxiliar.investigaciones@academico.ibero.edu.co\">auxiliar.investigaciones@academico.ibero.edu.co<\/a><\/td>\n<\/tr>\n<\/tbody>\n<\/table>\n<\/figure>\n\n\n<p><\/p>\n","protected":false},"excerpt":{"rendered":"<p>NOTICIAS IBERO REPORTS Contacto La Direcci\u00f3n de Investigaci\u00f3n y Transferencia de IBERO est\u00e1 ubicada en la Calle 67 # 5 \u2013 27. ofc.524 y 627.&hellip;<\/p>\n","protected":false},"author":2,"featured_media":0,"parent":0,"menu_order":0,"comment_status":"closed","ping_status":"closed","template":"","meta":{"spay_email":""},"_links":{"self":[{"href":"https:\/\/investigaciones.ibero.edu.co\/index.php?rest_route=\/wp\/v2\/pages\/52"}],"collection":[{"href":"https:\/\/investigaciones.ibero.edu.co\/index.php?rest_route=\/wp\/v2\/pages"}],"about":[{"href":"https:\/\/investigaciones.ibero.edu.co\/index.php?rest_route=\/wp\/v2\/types\/page"}],"author":[{"embeddable":true,"href":"https:\/\/investigaciones.ibero.edu.co\/index.php?rest_route=\/wp\/v2\/users\/2"}],"replies":[{"embeddable":true,"href":"https:\/\/investigaciones.ibero.edu.co\/index.php?rest_route=%2Fwp%2Fv2%2Fcomments&post=52"}],"version-history":[{"count":119,"href":"https:\/\/investigaciones.ibero.edu.co\/index.php?rest_route=\/wp\/v2\/pages\/52\/revisions"}],"predecessor-version":[{"id":6961,"href":"https:\/\/investigaciones.ibero.edu.co\/index.php?rest_route=\/wp\/v2\/pages\/52\/revisions\/6961"}],"wp:attachment":[{"href":"https:\/\/investigaciones.ibero.edu.co\/index.php?rest_route=%2Fwp%2Fv2%2Fmedia&parent=52"}],"curies":[{"name":"wp","href":"https:\/\/api.w.org\/{rel}","templated":true}]}}