{"id":6329,"date":"2025-09-08T16:23:50","date_gmt":"2025-09-08T21:23:50","guid":{"rendered":"https:\/\/investigaciones.ibero.edu.co\/?page_id=6329"},"modified":"2026-02-02T12:09:50","modified_gmt":"2026-02-02T17:09:50","slug":"documentos-convocatoria-banco-de-proyectos-2026","status":"publish","type":"page","link":"https:\/\/investigaciones.ibero.edu.co\/?page_id=6329","title":{"rendered":"Documentos Convocatoria Banco de Proyectos 2026"},"content":{"rendered":"\n<div class=\"wp-block-group\"><div class=\"wp-block-group__inner-container\">\n<div class=\"wp-block-group\"><div class=\"wp-block-group__inner-container\">\n<h4>A continuaci\u00f3n, encontrar\u00e1 los T\u00e9rminos de Referencia y los documentos relacionados con la Convocatoria para la Conformaci\u00f3n del Banco de Proyectos de Investigaci\u00f3n e Innovaci\u00f3n de la Corporaci\u00f3n Universitaria Iberoamericana para el a\u00f1o 2026, que podr\u00e1 usar y consultar para una postulaci\u00f3n efectiva.<\/h4>\n\n\n\n<h4 class=\"has-black-color has-text-color\">El cierre de la convocatoria ser\u00e1 el d\u00eda 29 de octubre y como es tradicional a las 11:55 pm. Hora local Bogot\u00e1 Colombia.<\/h4>\n<\/div><\/div>\n<\/div><\/div>\n\n\n\n<div class=\"wp-block-columns\">\n<div class=\"wp-block-column\" style=\"flex-basis:66.66%\">\n<h2 class=\"has-luminous-vivid-amber-color has-text-color\">Documentos Convocatoria<\/h2>\n\n\n\n<h3 class=\"has-luminous-vivid-amber-color has-text-color\"><em>Adenda no.1 Convocatoria.<\/em><\/h3>\n\n\n\n<p style=\"font-size:18px\"><em>Ampliaci\u00f3n de fecha limite de postulaci\u00f3n a <strong>6 de noviembre de 2026 hastas las 5:00 pm (hora COP)<\/strong><\/em><strong> <\/strong><a href=\"https:\/\/investigaciones.ibero.edu.co\/wp-content\/uploads\/2025\/10\/VA-Adenda-n-1_Convocatoria-Proyectos-Ii_2026.pdf\">hacer clic ver adenda<\/a><\/p>\n\n\n\n<p><strong>T\u00e9rminos de la Convocatoria A\u00f1o 2026<\/strong> &#8211; <a href=\"https:\/\/investigaciones.ibero.edu.co\/wp-content\/uploads\/2026\/02\/TdR_Convocatoria-2026_Septiembre-04-2025-ver1.pdf\">hacer clic aqu\u00ed para PDF<\/a><\/p>\n\n\n\n<p><strong>Seguimiento y Supervisi\u00f3n de los Proponentes IBERO<\/strong> &#8211; <a href=\"https:\/\/investigaciones.ibero.edu.co\/wp-content\/uploads\/2025\/09\/convocatoria2025-Obligaciones.pdf\">hacer clic aqu\u00ed para PDF<\/a><\/p>\n\n\n\n<p><strong>Grupos y L\u00edneas de Investigaci\u00f3n, Corporaci\u00f3n Universitaria Iberoamericana<\/strong> <a href=\"https:\/\/investigaciones.ibero.edu.co\/wp-content\/uploads\/2025\/09\/lineas-de-investigacion.pdf\">hacer clic aqu\u00ed para PDF<\/a><\/p>\n\n\n\n<p><strong>Gu\u00eda Proyecto de Investigaci\u00f3n<\/strong> &#8211; <a href=\"https:\/\/investigaciones.ibero.edu.co\/wp-content\/uploads\/2025\/09\/ANEXO-E1-Guia-Proy-Investigacion-2026.pdf\">hacer clic aqu\u00ed para PDF<\/a><\/p>\n\n\n\n<p><strong>Gu\u00eda de Proyecto de Innovaci\u00f3n<\/strong> &#8211; <a href=\"https:\/\/investigaciones.ibero.edu.co\/wp-content\/uploads\/2025\/09\/ANEXO-E2-Guia-Proy-Innovacion-2026.pdf\">hacer clic aqu\u00ed para PDF<\/a><\/p>\n\n\n\n<p><strong>Gu\u00eda de Macroproyecto de Investigaci\u00f3n<\/strong> &#8211; <a href=\"https:\/\/investigaciones.ibero.edu.co\/wp-content\/uploads\/2025\/09\/ANEXO-E3-Guia-Programa-Inves-2026.pdf\">hacer clic aqu\u00ed para PDF<\/a><\/p>\n\n\n\n<p><strong>Consideraciones \u00c9ticas<\/strong> &#8211; <a href=\"https:\/\/investigaciones.ibero.edu.co\/wp-content\/uploads\/2025\/09\/consideraciones-eticas-2026.pdf\">hacer clic aqu\u00ed para PDF<\/a><\/p>\n\n\n\n<p><strong>Manual SIGIIP<\/strong> &#8211; <a href=\"https:\/\/investigaciones.ibero.edu.co\/wp-content\/uploads\/2025\/09\/guia-sigiip-actualizada-a-08-2025.pdf\">hacer clic aqu\u00ed para PDF<\/a><\/p>\n\n\n\n<p><strong>Gu\u00eda Creaci\u00f3n Presupuesto  en SIGIIP<\/strong> &#8211; <a href=\"https:\/\/investigaciones.ibero.edu.co\/wp-content\/uploads\/2025\/09\/guia-creacion-presupuesto-2026.pdf\">hacer clic aqu\u00ed para PDF<\/a><\/p>\n\n\n\n<p><strong>Rubrica de Evaluaci\u00f3n<\/strong> \u2013 <a href=\"https:\/\/investigaciones.ibero.edu.co\/wp-content\/uploads\/2026\/02\/Rubrica-evaluacion-2026.pdf\">hacer clic aqu\u00ed PDF<\/a><\/p>\n\n\n\n<p><strong><em>Anexo A: <\/em><\/strong><em>Declaraci\u00f3n de originalidad (formato .docx)<\/em> &#8211; <a href=\"https:\/\/investigaciones.ibero.edu.co\/wp-content\/uploads\/2025\/09\/Anexo-A_-Declaracion-de-originalidad.docx\">hacer clic aqu\u00ed para descargar<\/a><\/p>\n\n\n\n<p><strong><em>Anexo B:<\/em><\/strong><em> Carta de Intenci\u00f3n o compromiso de Participantes Externos (formato .docx)<\/em> &#8211; <a href=\"https:\/\/investigaciones.ibero.edu.co\/wp-content\/uploads\/2025\/09\/ANEXO-B_-Carta-de-Intencion-o-compromiso-part-Ext-o-NO-PFU-2025.docx\">hacer clic aqu\u00ed para descargar<\/a><\/p>\n\n\n\n<p><strong><em>Anexo C:<\/em><\/strong> <em>Carta de Intenci\u00f3n de egresados Ibero <\/em> &#8211; No tiene formato definido<\/p>\n\n\n\n<p><strong><em>Anexo D:<\/em><\/strong> <em>Reporte de Propiedad Intelectual Derivada del Proyecto. (formato .docx)<\/em> &#8211; <a href=\"https:\/\/investigaciones.ibero.edu.co\/wp-content\/uploads\/2025\/09\/Anexo-D-propiedad-Intelectual.docx\">hacer clic aqu\u00ed para descargar<\/a><\/p>\n\n\n\n<p><strong><em>Anexo E<\/em><\/strong>: <em>Reporte de publicaciones tipo art\u00edculo (Wos\/Scopus\/ Publindex, D) de los proponentes Ibero resultado de investigaci\u00f3n en los \u00faltimos 5 a\u00f1os<\/em> &#8211; <a href=\"https:\/\/forms.office.com\/Pages\/ResponsePage.aspx?id=TQpbumhsw0qdbsW1oSqdaRgbVLKcwSlEp1rSjFkRLz9UOTAxVENHNjJHUjNJTFRJUlc1STJOUzM2OC4u\">(Diligenciar un Formato Forms, uno a uno)<\/a><\/p>\n\n\n\n<p><strong>Programaci\u00f3n de Capacitaciones en SIGIIP<\/strong> &#8211;<a href=\"https:\/\/investigaciones.ibero.edu.co\/wp-content\/uploads\/2025\/09\/cronograma-capacitaiones-sigiip-2025.pdf\"> hacer clic aqu\u00ed para descargar<\/a><\/p>\n<\/div>\n\n\n\n<div class=\"wp-block-column\" style=\"flex-basis:2%\"><\/div>\n\n\n\n<div class=\"wp-block-column\" style=\"flex-basis:33.33%\">\n<h2 class=\"has-black-color has-text-color\">Preguntas Frecuentes<\/h2>\n<\/div>\n<\/div>\n\n\n\n<p><\/p>\n","protected":false},"excerpt":{"rendered":"<p>Documentos Convocatoria Adenda no.1 Convocatoria. Ampliaci\u00f3n de fecha limite de postulaci\u00f3n a 6 de noviembre de 2026 hastas las 5:00 pm (hora COP) hacer clic&hellip;<\/p>\n","protected":false},"author":2,"featured_media":0,"parent":4364,"menu_order":1,"comment_status":"closed","ping_status":"closed","template":"","meta":{"spay_email":""},"_links":{"self":[{"href":"https:\/\/investigaciones.ibero.edu.co\/index.php?rest_route=\/wp\/v2\/pages\/6329"}],"collection":[{"href":"https:\/\/investigaciones.ibero.edu.co\/index.php?rest_route=\/wp\/v2\/pages"}],"about":[{"href":"https:\/\/investigaciones.ibero.edu.co\/index.php?rest_route=\/wp\/v2\/types\/page"}],"author":[{"embeddable":true,"href":"https:\/\/investigaciones.ibero.edu.co\/index.php?rest_route=\/wp\/v2\/users\/2"}],"replies":[{"embeddable":true,"href":"https:\/\/investigaciones.ibero.edu.co\/index.php?rest_route=%2Fwp%2Fv2%2Fcomments&post=6329"}],"version-history":[{"count":28,"href":"https:\/\/investigaciones.ibero.edu.co\/index.php?rest_route=\/wp\/v2\/pages\/6329\/revisions"}],"predecessor-version":[{"id":6601,"href":"https:\/\/investigaciones.ibero.edu.co\/index.php?rest_route=\/wp\/v2\/pages\/6329\/revisions\/6601"}],"up":[{"embeddable":true,"href":"https:\/\/investigaciones.ibero.edu.co\/index.php?rest_route=\/wp\/v2\/pages\/4364"}],"wp:attachment":[{"href":"https:\/\/investigaciones.ibero.edu.co\/index.php?rest_route=%2Fwp%2Fv2%2Fmedia&parent=6329"}],"curies":[{"name":"wp","href":"https:\/\/api.w.org\/{rel}","templated":true}]}}