{"id":6466,"date":"2025-09-16T17:11:16","date_gmt":"2025-09-16T22:11:16","guid":{"rendered":"https:\/\/investigaciones.ibero.edu.co\/?page_id=6466"},"modified":"2025-09-16T17:11:16","modified_gmt":"2025-09-16T22:11:16","slug":"adminsalud","status":"publish","type":"page","link":"https:\/\/investigaciones.ibero.edu.co\/?page_id=6466","title":{"rendered":"ADMINSALUD"},"content":{"rendered":"\n<h3 align=\"center\" style=\"color:#872f40;\">Facultad de Ciencias de la Salud<\/h3>\n<h4 align=\"center\" style=\"color:#F2A900;\">Programa de Administraci\u00f3n en Salud \u2013 Virtual \n<\/h4>\n<p align=\"center\"><img class=\"wp-image-452\" style=\"width: 380px;\" src=\"https:\/\/investigaciones.ibero.edu.co\/wp-content\/uploads\/2020\/08\/seminv.png\" alt=\"\"><\/p>\n<h3 class=\"has-text-align-center\" style=\"color:#872f40;\">ADMINSALUD<\/h3>\n<p><strong>Modalidad<\/strong>: Virtual<\/p>\n<p><strong>Lider:<\/strong> Alexander Almeida Espinosa<\/p>\n<p><strong>Contacto<\/strong>: <a href=\"mailto:alexander.almeida@docente.ibero.edu.co\">alexander.almeida@docente.ibero.edu.co<\/a><\/p><p><strong>Formulario de inscripci\u00f3n<\/strong><a href=\"https:\/\/sigiip.ibero.edu.co\/PSemilleros\/\"> (hacer clic aqui)<\/a><\/p>\n<h4>Mision<\/h4>\n<p>Desarrollar y fomentar el conocimiento a trav\u00e9s de investigaciones y proyectos colaborativos que involucren la interacci\u00f3n activa entre docentes y estudiantes. \nEste enfoque busca no solo la creaci\u00f3n de nuevo conocimiento, sino tambi\u00e9n el impulso del desarrollo social y el avance cient\u00edfico en tem\u00e1ticas relevantes del sector salud. \nA trav\u00e9s de la investigaci\u00f3n aplicada y la innovaci\u00f3n, nuestro semillero se compromete a contribuir de manera significativa a la mejora de la calidad de vida y a la sostenibilidad del sistema de salud.<\/p>\n<h4>Vision<\/h4>\n<p>Para el a\u00f1o 2026, el semillero de investigaci\u00f3n administraci\u00f3n en salud aspira a estar plenamente consolidado como un referente en la promoci\u00f3n de la cultura de investigaci\u00f3n a nivel local, nacional e internacional. \nNuestro objetivo es generar un impacto positivo en la comunidad cient\u00edfica y en el sector salud, contribuyendo con aportes significativos y relevantes que fortalezcan las bases del conocimiento y la pr\u00e1ctica en administraci\u00f3n en salud.<\/h4>\n","protected":false},"excerpt":{"rendered":"<p>Facultad de Ciencias de la Salud Programa de Administraci\u00f3n en Salud \u2013 Virtual ADMINSALUD Modalidad: Virtual Lider: Alexander Almeida Espinosa Contacto: alexander.almeida@docente.ibero.edu.co Formulario de inscripci\u00f3n&hellip;<\/p>\n","protected":false},"author":2,"featured_media":0,"parent":290,"menu_order":0,"comment_status":"closed","ping_status":"closed","template":"","meta":{"spay_email":""},"_links":{"self":[{"href":"https:\/\/investigaciones.ibero.edu.co\/index.php?rest_route=\/wp\/v2\/pages\/6466"}],"collection":[{"href":"https:\/\/investigaciones.ibero.edu.co\/index.php?rest_route=\/wp\/v2\/pages"}],"about":[{"href":"https:\/\/investigaciones.ibero.edu.co\/index.php?rest_route=\/wp\/v2\/types\/page"}],"author":[{"embeddable":true,"href":"https:\/\/investigaciones.ibero.edu.co\/index.php?rest_route=\/wp\/v2\/users\/2"}],"replies":[{"embeddable":true,"href":"https:\/\/investigaciones.ibero.edu.co\/index.php?rest_route=%2Fwp%2Fv2%2Fcomments&post=6466"}],"version-history":[{"count":1,"href":"https:\/\/investigaciones.ibero.edu.co\/index.php?rest_route=\/wp\/v2\/pages\/6466\/revisions"}],"predecessor-version":[{"id":6467,"href":"https:\/\/investigaciones.ibero.edu.co\/index.php?rest_route=\/wp\/v2\/pages\/6466\/revisions\/6467"}],"up":[{"embeddable":true,"href":"https:\/\/investigaciones.ibero.edu.co\/index.php?rest_route=\/wp\/v2\/pages\/290"}],"wp:attachment":[{"href":"https:\/\/investigaciones.ibero.edu.co\/index.php?rest_route=%2Fwp%2Fv2%2Fmedia&parent=6466"}],"curies":[{"name":"wp","href":"https:\/\/api.w.org\/{rel}","templated":true}]}}