{"id":6641,"date":"2026-02-16T15:26:36","date_gmt":"2026-02-16T20:26:36","guid":{"rendered":"https:\/\/investigaciones.ibero.edu.co\/?page_id=6641"},"modified":"2026-02-16T15:26:36","modified_gmt":"2026-02-16T20:26:36","slug":"programa-delfin-2026-2","status":"publish","type":"page","link":"https:\/\/investigaciones.ibero.edu.co\/?page_id=6641","title":{"rendered":"Programa DELFIN 2026"},"content":{"rendered":"\n<h1><strong>Convocatoria del Programa Delf\u00edn- Estancia Investigativa \u2013 Verano 2026. <\/strong><\/h1>\n\n\n\n<h2 class=\"has-text-align-center has-large-font-size\"><strong>Movilidad saliente<\/strong><\/h2>\n\n\n\n<p style=\"font-size:23px\">Te invita a participar en el Verano de la Investigaci\u00f3n Cient\u00edfica y Tecnol\u00f3gica del Pac\u00edfico 2026<\/p>\n\n\n\n<p class=\"has-medium-font-size\">En el siguiente enlace pueden revisar la\u00a0<strong>Convocatoria 2026:<\/strong> <\/p>\n\n\n\n<p><a href=\"https:\/\/programadelfin.org.mx\/sitio\/estudiantes-verano-convocatoria2026.php\">https:\/\/programadelfin.org.mx\/sitio\/estudiantes-verano-convocatoria2026.php<\/a><\/p>\n\n\n\n<h4>Requisitos para participar:<\/h4>\n\n\n\n<ol type=\"a\"><li>Estudiantes de IBERO vinculados a los semilleros de Investigaci\u00f3n e innovaci\u00f3n Institucional.<\/li><li>Estar cursando m\u00ednimo en cuarto semestre.<\/li><li>Estudiantes de maestr\u00eda seg\u00fan plan de estudios.<\/li><li>Contar con promedio general m\u00ednimo de 3,5.<\/li><li>No haber realizado dos pasant\u00edas investigativas previas en Programa Delf\u00edn.<\/li><li>Consultar y cumplir los lineamientos de la convocatoria.<\/li><li>No postularse con docentes de IBERO.<\/li><\/ol>\n\n\n\n<h3>Modalidad de participaci\u00f3n<\/h3>\n\n\n\n<ul><li><strong>Presencial:<\/strong> el estudiante realizar\u00e1 su estancia de investigaci\u00f3n en la instituci\u00f3n donde est\u00e1 registrado el asesor seleccionado.<\/li><li><strong>Virtual:<\/strong> el estudiante trabajar\u00e1 en l\u00ednea con el asesor que oferte proyectos a distancia, a trav\u00e9s de la plataforma digital que este indique.<\/li><\/ul>\n\n\n\n<h3>Proceso de Postulaci\u00f3n:<\/h3>\n\n\n\n<ol type=\"a\"><li>Registrarse en la plataforma.<\/li><\/ol>\n\n\n\n<ol type=\"1\"><li>Identificar una instituci\u00f3n, proyecto y docente investigador de inter\u00e9s.<\/li><li>Establecer el primer contacto con el docente a trav\u00e9s de la plataforma Delf\u00edn.<\/li><li>Esperar respuesta del docente (aceptaci\u00f3n o rechazo)<\/li><li>Si es rechazado, podr\u00e1 realizar una nueva postulaci\u00f3n.<\/li><li>Si es aceptado, se generar\u00e1 una carta de aceptaci\u00f3n. Luego deber\u00e1 cargar:<\/li><\/ol>\n\n\n\n<ul type=\"a\"><li>Carta de motivos firmada por el estudiante (pr\u00f3ximamente remitiremos una preforma)<\/li><li>Carta de recomendaci\u00f3n de un docente investigador (pr\u00f3ximamente remitiremos una preforma)<\/li><li>Certificado de notas institucional (Desde la instituci\u00f3n se apoyar\u00e1, y se entregar\u00e1 entre el 09 y 13 de marzo)<\/li><li>Copia de documento de identidad<\/li><li>Copia de afiliaci\u00f3n a Sistema de Salud<\/li><\/ul>\n\n\n\n<h3><strong>Para pasant\u00edas internacionales, adem\u00e1s:<\/strong><\/h3>\n\n\n\n<ul><li>Pasaporte con vigencia m\u00ednima de un a\u00f1o.<\/li><li>Certificado de Idioma ingl\u00e9s (Si la instituci\u00f3n de destino lo solicita).<\/li><li>Visa (de ser solicitada por el pa\u00eds destino).<\/li><\/ul>\n\n\n\n<h3><strong>Enlaces de registro:<\/strong><\/h3>\n\n\n\n<p>En el siguiente enlace pueden realizar el preregistro:<\/p>\n\n\n\n<p><a href=\"https:\/\/programadelfin.org.mx\/usuarios\/inicio-registroestudiante-abrir.php\">https:\/\/programadelfin.org.mx\/usuarios\/inicio-registroestudiante-abrir.php<\/a><\/p>\n\n\n\n<p>En el siguiente enlace pueden identificar la instituci\u00f3n y el proyecto de inter\u00e9s:<\/p>\n\n\n\n<p><a href=\"https:\/\/programadelfin.org.mx\/usuarios\/inicio-catalogoasesores-ver.php\">https:\/\/programadelfin.org.mx\/usuarios\/inicio-catalogoasesores-ver.php<\/a><\/p>\n\n\n\n<h3><strong>Cronograma:<\/strong><\/h3>\n\n\n\n<ul><li>Apertura de convocatoria:\u00a0\u00a0\u00a0\u00a0\u00a0\u00a0\u00a0\u00a0\u00a0\u00a0\u00a0\u00a0\u00a0\u00a0\u00a0\u00a0\u00a0\u00a0\u00a0\u00a0\u00a0\u00a0\u00a0\u00a0\u00a0\u00a0\u00a0\u00a0\u00a0\u00a0\u00a0\u00a0\u00a0\u00a0\u00a0\u00a0\u00a0\u00a0\u00a0\u00a0\u00a0\u00a0\u00a0\u00a0\u00a0\u00a0\u00a0\u00a0\u00a0\u00a0\u00a0\u00a0\u00a0\u00a0\u00a0\u00a0 \u00a0\u00a0\u00a0\u00a0\u00a0\u00a0\u00a0\u00a0\u00a0\u00a0\u00a0<strong> 09 febrero<\/strong><\/li><li>Cierre de postulaciones:\u00a0\u00a0\u00a0\u00a0\u00a0\u00a0\u00a0\u00a0\u00a0\u00a0\u00a0\u00a0\u00a0\u00a0\u00a0\u00a0\u00a0\u00a0\u00a0\u00a0\u00a0\u00a0\u00a0\u00a0\u00a0\u00a0\u00a0\u00a0\u00a0\u00a0\u00a0\u00a0\u00a0\u00a0\u00a0\u00a0\u00a0\u00a0\u00a0\u00a0\u00a0\u00a0\u00a0\u00a0\u00a0\u00a0\u00a0\u00a0\u00a0\u00a0\u00a0\u00a0\u00a0\u00a0\u00a0\u00a0\u00a0\u00a0\u00a0\u00a0\u00a0\u00a0\u00a0\u00a0\u00a0\u00a0\u00a0\u00a0\u00a0\u00a0\u00a0<strong>\u00a006 marzo<\/strong><\/li><li>Plazo para el cargue de documentos y aval institucional: \u00a0\u00a0\u00a0                <strong> 13 marzo<\/strong><\/li><li>Reporte de resultados: \u00a0\u00a0\u00a0\u00a0\u00a0\u00a0\u00a0\u00a0\u00a0\u00a0\u00a0\u00a0\u00a0\u00a0\u00a0\u00a0\u00a0\u00a0\u00a0\u00a0\u00a0\u00a0\u00a0\u00a0\u00a0\u00a0\u00a0\u00a0\u00a0\u00a0\u00a0\u00a0\u00a0\u00a0\u00a0\u00a0\u00a0\u00a0\u00a0\u00a0\u00a0\u00a0\u00a0\u00a0\u00a0\u00a0\u00a0\u00a0\u00a0\u00a0\u00a0\u00a0\u00a0\u00a0\u00a0\u00a0\u00a0\u00a0\u00a0\u00a0\u00a0\u00a0\u00a0\u00a0\u00a0\u00a0\u00a0\u00a0\u00a0\u00a0\u00a0\u00a0<strong>\u00a014 de abril al 03 mayo<\/strong><\/li><li>Desarrollo de la pasant\u00eda:\u00a0\u00a0\u00a0\u00a0\u00a0\u00a0\u00a0\u00a0\u00a0\u00a0\u00a0\u00a0 \u00a0\u00a0\u00a0\u00a0\u00a0\u00a0\u00a0\u00a0\u00a0\u00a0\u00a0\u00a0\u00a0\u00a0\u00a0\u00a0\u00a0\u00a0\u00a0\u00a0\u00a0\u00a0\u00a0\u00a0\u00a0\u00a0\u00a0\u00a0\u00a0\u00a0\u00a0\u00a0\u00a0\u00a0\u00a0\u00a0\u00a0\u00a0\u00a0\u00a0\u00a0\u00a0\u00a0\u00a0\u00a0\u00a0\u00a0\u00a0\u00a0\u00a0\u00a0\u00a0\u00a0\u00a0\u00a0\u00a0<strong> 08 de junio \u2013 24 de julio<\/strong><\/li><\/ul>\n\n\n\n<h3><strong>Compromisos del estudiante (08 de junio- 24 julio)<\/strong><\/h3>\n\n\n\n<ul><li>Presentarse con el docente investigador al inicio de la pasant\u00eda.<\/li><li>Desarrollar el plan de trabajo acordado.<\/li><li>Reporte avances en la plataforma Delf\u00edn.<\/li><li>Entregar y cargar los productos definidos en los tiempos establecidos.<\/li><li>Participar como ponente en el Congreso, sea presencial o virtual<\/li><\/ul>\n\n\n\n<h3><strong>Charlas informativas:<\/strong><\/h3>\n\n\n\n<ul><li>Mi\u00e9rcoles 18 de febrero a las 6:00 pm<\/li><li>Martes 24 de febrero a las 12:00 m<\/li><li>Martes 3 de Marzo a las 5:00 pm<\/li><li>Jueves 5 de Marzo a la 12:00 m<\/li><\/ul>\n\n\n\n<h3><strong>Enlace de conexi\u00f3n a las sesiones informativas<\/strong><\/h3>\n\n\n\n<p><a href=\"https:\/\/teams.microsoft.com\/meet\/27500399310281?p=TZRMxjnMivTjvQ95XQ\">https:\/\/teams.microsoft.com\/meet\/27500399310281?p=TZRMxjnMivTjvQ95XQ<\/a><\/p>\n\n\n\n<p class=\"has-medium-font-size\">Esperamos que se animen a participar en esta convocatoria. Estaremos atentos a cualquier inquietud.<br>Recuerden que quienes cumplan los requisitos pueden solicitar&nbsp;<strong>homologaci\u00f3n de la pasant\u00eda como opci\u00f3n de grado<\/strong>, previa revisi\u00f3n y aval del&nbsp;<strong>Programa Acad\u00e9mico<\/strong>&nbsp;y de la&nbsp;<strong>Coordinaci\u00f3n de Investigaciones<\/strong>.<\/p>\n\n\n\n<p class=\"has-medium-font-size\">Deseamos muchos \u00e9xitos en sus postulaciones.<\/p>\n\n\n\n<p class=\"has-text-align-center has-medium-font-size\">Si requiere mayor informaci\u00f3n dir\u00edjase a los correos a Direcci\u00f3n de Investigaciones en los correos <a href=\"mailto:gloria.rodriguez@ibero.edu.co\">gloria.rodriguez@ibero.edu.co<\/a> o <a href=\"mailto:edgar.rubiano@ibero.edu.co\">edgar.rubiano@ibero.edu.co<\/a><\/p>\n","protected":false},"excerpt":{"rendered":"<p>Convocatoria del Programa Delf\u00edn- Estancia Investigativa \u2013 Verano 2026. Movilidad saliente Te invita a participar en el Verano de la Investigaci\u00f3n Cient\u00edfica y Tecnol\u00f3gica del&hellip;<\/p>\n","protected":false},"author":2,"featured_media":0,"parent":0,"menu_order":0,"comment_status":"closed","ping_status":"closed","template":"","meta":{"spay_email":""},"_links":{"self":[{"href":"https:\/\/investigaciones.ibero.edu.co\/index.php?rest_route=\/wp\/v2\/pages\/6641"}],"collection":[{"href":"https:\/\/investigaciones.ibero.edu.co\/index.php?rest_route=\/wp\/v2\/pages"}],"about":[{"href":"https:\/\/investigaciones.ibero.edu.co\/index.php?rest_route=\/wp\/v2\/types\/page"}],"author":[{"embeddable":true,"href":"https:\/\/investigaciones.ibero.edu.co\/index.php?rest_route=\/wp\/v2\/users\/2"}],"replies":[{"embeddable":true,"href":"https:\/\/investigaciones.ibero.edu.co\/index.php?rest_route=%2Fwp%2Fv2%2Fcomments&post=6641"}],"version-history":[{"count":6,"href":"https:\/\/investigaciones.ibero.edu.co\/index.php?rest_route=\/wp\/v2\/pages\/6641\/revisions"}],"predecessor-version":[{"id":6650,"href":"https:\/\/investigaciones.ibero.edu.co\/index.php?rest_route=\/wp\/v2\/pages\/6641\/revisions\/6650"}],"wp:attachment":[{"href":"https:\/\/investigaciones.ibero.edu.co\/index.php?rest_route=%2Fwp%2Fv2%2Fmedia&parent=6641"}],"curies":[{"name":"wp","href":"https:\/\/api.w.org\/{rel}","templated":true}]}}