{"id":6766,"date":"2026-02-24T12:57:09","date_gmt":"2026-02-24T17:57:09","guid":{"rendered":"https:\/\/investigaciones.ibero.edu.co\/?page_id=6766"},"modified":"2026-02-24T13:01:05","modified_gmt":"2026-02-24T18:01:05","slug":"aureo","status":"publish","type":"page","link":"https:\/\/investigaciones.ibero.edu.co\/?page_id=6766","title":{"rendered":"AUREO"},"content":{"rendered":"\n<h3 align=\"center\" style=\"color:#872f40;\">Facultad de Educaci\u00f3n<\/h3>\n\n\n<p align=\"center\"><img class=\"wp-image-452\" style=\"width: 281px;\" src=\"https:\/\/investigaciones.ibero.edu.co\/wp-content\/uploads\/2020\/08\/seminv.png\" alt=\"\" height=\"300\" \/><\/p>\n\n\n<h4 align=\"center\" style=\"color:#F2A900;\"> Programa de Licenciatura en Matem\u00e1ticas Virtual<\/h4>\n\n\n\n<h3 class=\"has-text-align-center\" style=\"color:#872f40;\">AUREO<\/h3>\n\n\n\n<p><strong>Modalidad<\/strong>: Virtual<\/p>\n\n\n\n<p><strong>Lider:<\/strong> Daniel Gustavo Cristancho Rojas<\/p>\n\n\n\n<p><strong>Contacto<\/strong>: <a href=\"mailto:Daniel.cristancho@docente.ibero.eud.co\">Daniel.cristancho@docente.ibero.eud.co<\/a><\/p>\n\n\n\n<p><strong>Formulario de inscripci\u00f3n<\/strong><a href=\"https:\/\/sigiip.ibero.edu.co\/PSemilleros\/\"> (hacer clic aqui)<\/a><\/p>\n\n\n\n<h4>Mision<\/h4>\n\n\n\n<p>Fomentar espacios de investigaci\u00f3n e innovaci\u00f3n en la Licenciatura en Matem\u00e1ticas (modalidad virtual) y otros programas acad\u00e9micos, mediante la participaci\u00f3n y aut\u00f3noma en procesos de indagaci\u00f3n situados en la perspectiva sociocultural de la educaci\u00f3n matem\u00e1tica y en el uso cr\u00edtico y creativo de las TIC, con el prop\u00f3sito de generar, difundir y apropiar socialmente conocimiento matem\u00e1tico que contribuya a la transformaci\u00f3n de pr\u00e1cticas pedag\u00f3gicas inclusivas y digitales en diversos contextos educativos del pa\u00eds.<\/p>\n\n\n\n<h4>Vision<\/h4>\n\n\n\n<p>En el a\u00f1o 2030 el Semillero \u00c1ureo ser\u00e1 reconocido a nivel local y nacional como referente en formaci\u00f3n investigativa virtual en educaci\u00f3n matem\u00e1tica, con productos de alto impacto (art\u00edculos, ponencias, recursos educativos abiertos y proyectos de innovaci\u00f3n) que articulen la perspectiva sociocultural y las TIC, y que sean apropiados por comunidades docentes y estudiantes de todo Colombia, contribuyendo visiblemente a la calidad de la ense\u00f1anza de las matem\u00e1ticas y a los Objetivos de Desarrollo Sostenible (especialmente ODS 4: Educaci\u00f3n de calidad).<\/p>\n\n\n\n<h4>Objetivos<\/h4>\n\n\n\n<p><strong>General<\/strong><\/p>\n\n\n\n<p>Promover la investigaci\u00f3n e innovaci\u00f3n de los estudiantes de la Licenciatura en Matem\u00e1ticas (modalidad virtual) y otros, a trav\u00e9s de escenarios de construcci\u00f3n que ayuden a fortalecer tales capacidades, en las l\u00edneas \u201cDesarrollo de la perspectiva sociocultural en la educaci\u00f3n matem\u00e1tica\u201d y \u201cEducaci\u00f3n matem\u00e1tica y TIC\u201d, mediante la realizaci\u00f3n de proyectos colectivos que generen conocimiento nuevo y favorezcan su difusi\u00f3n y apropiaci\u00f3n social.<\/p>\n\n\n\n<p><strong>Especificos<\/strong><\/p>\n\n\n\n<ol><li>Desarrollar proyectos de investigaci\u00f3n formativa que integren la perspectiva sociocultural (teor\u00edas de Vygotsky, Wenger, Radford, etc.) con el uso cr\u00edtico y creativo de TIC (entornos virtuales, software matem\u00e1tico libre, IA educativa, recursos abiertos) para resolver problemas reales de ense\u00f1anza-aprendizaje de las matem\u00e1ticas.<\/li><li>Contribuir a la apropiaci\u00f3n social del conocimiento mediante actividades de extensi\u00f3n virtual (webinars, repositorio abierto, c\u00e1psulas did\u00e1cticas) dirigidas a docentes en ejercicio y comunidades educativas vulnerables o rurales.<\/li><li>Fortalecer competencias de indagaci\u00f3n aut\u00f3noma, pensamiento cr\u00edtico y colaborativo en entornos virtuales, mediante el acompa\u00f1amiento de docentes-investigadores de las dos l\u00edneas mencionadas.<\/li><li>Establecer alianzas con semilleros y grupos de investigaci\u00f3n de otras universidades (nacionales o locales) que trabajen perspectiva sociocultural y\/o educaci\u00f3n matem\u00e1tica y TIC, para intercambio y visibilidad de los productos.<\/li><\/ol>\n","protected":false},"excerpt":{"rendered":"<p>Facultad de Educaci\u00f3n Programa de Licenciatura en Matem\u00e1ticas Virtual AUREO Modalidad: Virtual Lider: Daniel Gustavo Cristancho Rojas Contacto: Daniel.cristancho@docente.ibero.eud.co Formulario de inscripci\u00f3n (hacer clic aqui)&hellip;<\/p>\n","protected":false},"author":2,"featured_media":0,"parent":290,"menu_order":0,"comment_status":"closed","ping_status":"closed","template":"","meta":{"spay_email":""},"_links":{"self":[{"href":"https:\/\/investigaciones.ibero.edu.co\/index.php?rest_route=\/wp\/v2\/pages\/6766"}],"collection":[{"href":"https:\/\/investigaciones.ibero.edu.co\/index.php?rest_route=\/wp\/v2\/pages"}],"about":[{"href":"https:\/\/investigaciones.ibero.edu.co\/index.php?rest_route=\/wp\/v2\/types\/page"}],"author":[{"embeddable":true,"href":"https:\/\/investigaciones.ibero.edu.co\/index.php?rest_route=\/wp\/v2\/users\/2"}],"replies":[{"embeddable":true,"href":"https:\/\/investigaciones.ibero.edu.co\/index.php?rest_route=%2Fwp%2Fv2%2Fcomments&post=6766"}],"version-history":[{"count":5,"href":"https:\/\/investigaciones.ibero.edu.co\/index.php?rest_route=\/wp\/v2\/pages\/6766\/revisions"}],"predecessor-version":[{"id":6773,"href":"https:\/\/investigaciones.ibero.edu.co\/index.php?rest_route=\/wp\/v2\/pages\/6766\/revisions\/6773"}],"up":[{"embeddable":true,"href":"https:\/\/investigaciones.ibero.edu.co\/index.php?rest_route=\/wp\/v2\/pages\/290"}],"wp:attachment":[{"href":"https:\/\/investigaciones.ibero.edu.co\/index.php?rest_route=%2Fwp%2Fv2%2Fmedia&parent=6766"}],"curies":[{"name":"wp","href":"https:\/\/api.w.org\/{rel}","templated":true}]}}