{"id":6776,"date":"2026-02-24T14:28:25","date_gmt":"2026-02-24T19:28:25","guid":{"rendered":"https:\/\/investigaciones.ibero.edu.co\/?page_id=6776"},"modified":"2026-02-24T14:28:26","modified_gmt":"2026-02-24T19:28:26","slug":"pesquisa","status":"publish","type":"page","link":"https:\/\/investigaciones.ibero.edu.co\/?page_id=6776","title":{"rendered":"PESQUISA"},"content":{"rendered":"\n<div class=\"wp-block-image\"><figure class=\"aligncenter size-large is-resized\"><img loading=\"lazy\" src=\"https:\/\/investigaciones.ibero.edu.co\/wp-content\/uploads\/2026\/02\/Logo-GED-Pesquisa.png\" alt=\"\" class=\"wp-image-6775\" width=\"362\" height=\"358\"\/><\/figure><\/div>\n\n\n\n<h1 class=\"has-text-align-center\">Grupo de Estudio Docente<\/h1>\n\n\n\n<h4><strong>Objetivo:<\/strong><\/h4>\n\n\n\n<p>Fortalecer las competencias investigativas de los docentes de pregrado de la Facultad de Educaci\u00f3n, mediante el an\u00e1lisis, que permita la discusi\u00f3n, reflexi\u00f3n y puesta en com\u00fan de los conocimientos generados en y para la investigaci\u00f3n, con el fin de incidir en los procesos pedag\u00f3gicos y las pr\u00e1cticas educativas de la facultad.<\/p>\n\n\n\n<h4><strong>Visi\u00f3n:<\/strong><\/h4>\n\n\n\n<p>Constituirse como un escenario de formaci\u00f3n y participaci\u00f3n docente en investigaci\u00f3n, para la discusi\u00f3n y an\u00e1lisis de car\u00e1cter te\u00f3rico y metodol\u00f3gico en torno a los problemas del conocimiento, definidos en las l\u00edneas del Grupo de Investigaci\u00f3n en Educaci\u00f3n y Escenarios de Construcci\u00f3n Pedag\u00f3gica (GIEEP) y para la puesta en pr\u00e1ctica de las actividades relacionadas con la investigaci\u00f3n.<\/p>\n\n\n\n<h4>Programas de Pregrado vinculados al GED PESQUISA:<\/h4>\n\n\n\n<ul><li>Licenciatura en Artes Visuales<\/li><li>Licenciatura en Ciencias Sociales<\/li><li>Licenciatura en Educaci\u00f3n B\u00e1sica Primaria<\/li><li>Licenciatura en Educaci\u00f3n Comunitaria<\/li><li>Licenciatura en Educaci\u00f3n Especial<\/li><li>Licenciatura en Educaci\u00f3n Infantil<\/li><li>Licenciatura en Humanidades y Lengua Castellana<\/li><li>Licenciatura en Matem\u00e1ticas<\/li><\/ul>\n\n\n\n<h4><strong>Divulgaci\u00f3n de Acciones:<\/strong><\/h4>\n\n\n\n<p class=\"has-medium-font-size\"><strong>Equipaje de investigaci\u00f3n<\/strong>: En esta pieza comunicativa tanto docentes como estudiantes encontraran: &nbsp;<\/p>\n\n\n\n<ul><li>Ruta de proyectos de investigaci\u00f3n.<\/li><li>\u00c9tica en investigaci\u00f3n.<\/li><li>Pol\u00edticas de investigaci\u00f3n, innovaci\u00f3n y creaci\u00f3n de la Iberoamericana.<\/li><li>Manual Normas APA.<\/li><\/ul>\n\n\n\n<p>Link: <a href=\"https:\/\/view.genially.com\/6750fcac47c654a0942c7623\/interactive-content-equipaje-de-investigacion-fe-pesquisa\">https:\/\/view.genially.com\/6750fcac47c654a0942c7623\/interactive-content-equipaje-de-investigacion-fe-pesquisa<\/a><\/p>\n\n\n\n<p><div class=\"container-wrapper-genially\" style=\"position: relative; min-height: 400px; max-width: 100%;\"><video class=\"loader-genially\" autoplay=\"autoplay\" loop=\"loop\" playsinline=\"playsInline\" muted=\"muted\" style=\"position: absolute;top: 45%;left: 50%;transform: translate(-50%, -50%);width: 80px;height: 80px;margin-bottom: 10%\"><source src=\"https:\/\/static.genially.com\/resources\/loader-default-rebranding.mp4\" type=\"video\/mp4\" \/>Your browser does not support the video tag.<\/video><div id=\"6750fcac47c654a0942c7623\" class=\"genially-embed\" style=\"margin: 0px auto; position: relative; height: auto; width: 100%;\"><\/div><\/div><script>(function (d) { var js, id = \"genially-embed-js\", ref = d.getElementsByTagName(\"script\")[0]; if (d.getElementById(id)) { return; } js = d.createElement(\"script\"); js.id = id; js.async = true; js.src = \"https:\/\/view.genially.com\/static\/embed\/embed.js\"; ref.parentNode.insertBefore(js, ref); }(document));<\/script><\/p>\n","protected":false},"excerpt":{"rendered":"<p>Grupo de Estudio Docente Objetivo: Fortalecer las competencias investigativas de los docentes de pregrado de la Facultad de Educaci\u00f3n, mediante el an\u00e1lisis, que permita la&hellip;<\/p>\n","protected":false},"author":2,"featured_media":1149,"parent":294,"menu_order":0,"comment_status":"closed","ping_status":"closed","template":"","meta":{"spay_email":""},"_links":{"self":[{"href":"https:\/\/investigaciones.ibero.edu.co\/index.php?rest_route=\/wp\/v2\/pages\/6776"}],"collection":[{"href":"https:\/\/investigaciones.ibero.edu.co\/index.php?rest_route=\/wp\/v2\/pages"}],"about":[{"href":"https:\/\/investigaciones.ibero.edu.co\/index.php?rest_route=\/wp\/v2\/types\/page"}],"author":[{"embeddable":true,"href":"https:\/\/investigaciones.ibero.edu.co\/index.php?rest_route=\/wp\/v2\/users\/2"}],"replies":[{"embeddable":true,"href":"https:\/\/investigaciones.ibero.edu.co\/index.php?rest_route=%2Fwp%2Fv2%2Fcomments&post=6776"}],"version-history":[{"count":5,"href":"https:\/\/investigaciones.ibero.edu.co\/index.php?rest_route=\/wp\/v2\/pages\/6776\/revisions"}],"predecessor-version":[{"id":6783,"href":"https:\/\/investigaciones.ibero.edu.co\/index.php?rest_route=\/wp\/v2\/pages\/6776\/revisions\/6783"}],"up":[{"embeddable":true,"href":"https:\/\/investigaciones.ibero.edu.co\/index.php?rest_route=\/wp\/v2\/pages\/294"}],"wp:featuredmedia":[{"embeddable":true,"href":"https:\/\/investigaciones.ibero.edu.co\/index.php?rest_route=\/wp\/v2\/media\/1149"}],"wp:attachment":[{"href":"https:\/\/investigaciones.ibero.edu.co\/index.php?rest_route=%2Fwp%2Fv2%2Fmedia&parent=6776"}],"curies":[{"name":"wp","href":"https:\/\/api.w.org\/{rel}","templated":true}]}}