{"id":774,"date":"2020-06-03T18:10:46","date_gmt":"2020-06-03T23:10:46","guid":{"rendered":"http:\/\/localhost\/wordpress\/?page_id=774"},"modified":"2025-03-06T13:09:26","modified_gmt":"2025-03-06T18:09:26","slug":"kipuy-2","status":"publish","type":"page","link":"https:\/\/investigaciones.ibero.edu.co\/?page_id=774","title":{"rendered":"KIPUY"},"content":{"rendered":"\n<p><h3 align=\"center\" style=\"color:#872f40;\">Facultad de Educaci\u00f3n<\/h3>\n<h4 align=\"center\" style=\"color:#F2A900;\"> Programa de Lic en educaci\u00f3n especial &#8211; Lic En Educacion infantil<\/h4>\n<p align=\"center\"><img class=\"wp-image-452\" style=\"width: 380px;\" src=\"https:\/\/investigaciones.ibero.edu.co\/wp-content\/uploads\/2020\/07\/kipuy.jpeg\" alt=\"\"><\/p>\n<h3 class=\"has-text-align-center\" style=\"color:#872f40;\">KIPUY<\/h3>\n<p><strong>Modalidad<\/strong>: Presencial, Virtual, Distancia<\/p>\n<p><strong>Lider:<\/strong> Sandra Milenan Rincon<\/p>\n<p><strong>Contacto<\/strong>: <a href=\"mailto:sandra.rincon@docente.ibero.edu.co\">sandra.rincon@docente.ibero.edu.co<\/a><\/p><p><strong>Formulario de inscripci\u00f3n<\/strong><a href=\"https:\/\/sigiip.ibero.edu.co\/PSemilleros\/\"> (hacer clic aqui)<\/a><\/p>\n<h4>Mision<\/h4>\n<p>El Semillero de investigaci\u00f3n Kipuy tiene como misi\u00f3n promover procesos de investigaci\u00f3n formativa y aplicada  en el campo de la educaci\u00f3n e infancia mediante la sistematizaci\u00f3n de experiencias pedag\u00f3gicas diversas   a partir de las cuales se visibiliza los saberes que se generan en cada comunidad alrededor de la pedagog\u00eda y la\ninfancia.<\/p>\n<h4>Vision<\/h4>\n<p>El Semillero de investigaci\u00f3n Kipuy tiene como misi\u00f3n promover procesos de investigaci\u00f3n formativa y aplicada  en el campo de la educaci\u00f3n e infancia mediante la sistematizaci\u00f3n de experiencias pedag\u00f3gicas diversas   a partir de las cuales se visibiliza los saberes que se generan en cada comunidad alrededor de la pedagog\u00eda y la\ninfancia.<\/p>\n<h4>Objetivos<\/h4>\n<p><strong>General<\/strong><\/p>\n<p>Fortalecimiento de competencias y habilidades metodol\u00f3gicas, descriptivas, anal\u00edticas, lectoras, escriturales e interpretativas que posibiliten  la indagaci\u00f3n  de los saberes   sobre las infancias que teje cada comunidad a partir de sus pr\u00e1cticas educativas inclusivas.<\/p><\/p>\n","protected":false},"excerpt":{"rendered":"<p>Facultad de Educaci\u00f3n Programa de Lic en educaci\u00f3n especial &#8211; Lic En Educacion infantil KIPUY Modalidad: Presencial, Virtual, Distancia Lider: Sandra Milenan Rincon Contacto: sandra.rincon@docente.ibero.edu.co&hellip;<\/p>\n","protected":false},"author":2,"featured_media":0,"parent":290,"menu_order":0,"comment_status":"closed","ping_status":"closed","template":"","meta":{"spay_email":""},"_links":{"self":[{"href":"https:\/\/investigaciones.ibero.edu.co\/index.php?rest_route=\/wp\/v2\/pages\/774"}],"collection":[{"href":"https:\/\/investigaciones.ibero.edu.co\/index.php?rest_route=\/wp\/v2\/pages"}],"about":[{"href":"https:\/\/investigaciones.ibero.edu.co\/index.php?rest_route=\/wp\/v2\/types\/page"}],"author":[{"embeddable":true,"href":"https:\/\/investigaciones.ibero.edu.co\/index.php?rest_route=\/wp\/v2\/users\/2"}],"replies":[{"embeddable":true,"href":"https:\/\/investigaciones.ibero.edu.co\/index.php?rest_route=%2Fwp%2Fv2%2Fcomments&post=774"}],"version-history":[{"count":13,"href":"https:\/\/investigaciones.ibero.edu.co\/index.php?rest_route=\/wp\/v2\/pages\/774\/revisions"}],"predecessor-version":[{"id":5769,"href":"https:\/\/investigaciones.ibero.edu.co\/index.php?rest_route=\/wp\/v2\/pages\/774\/revisions\/5769"}],"up":[{"embeddable":true,"href":"https:\/\/investigaciones.ibero.edu.co\/index.php?rest_route=\/wp\/v2\/pages\/290"}],"wp:attachment":[{"href":"https:\/\/investigaciones.ibero.edu.co\/index.php?rest_route=%2Fwp%2Fv2%2Fmedia&parent=774"}],"curies":[{"name":"wp","href":"https:\/\/api.w.org\/{rel}","templated":true}]}}