{"id":776,"date":"2020-06-03T18:14:07","date_gmt":"2020-06-03T23:14:07","guid":{"rendered":"http:\/\/localhost\/wordpress\/?page_id=776"},"modified":"2026-02-24T11:36:46","modified_gmt":"2026-02-24T16:36:46","slug":"didastempus","status":"publish","type":"page","link":"https:\/\/investigaciones.ibero.edu.co\/?page_id=776","title":{"rendered":"DIDASTEMPUS"},"content":{"rendered":"\n<h3 align=\"center\" style=\"color:#872f40;\">Facultad de Educaci\u00f3n<\/h3>\n<h4 align=\"center\" style=\"color:#F2A900;\"> Programa de Lic en educaci\u00f3n especial &#8211; Lic En Educacion infantil<\/h4>\n<p align=\"center\"><img class=\"wp-image-452\" style=\"width: 380px;\" src=\"https:\/\/investigaciones.ibero.edu.co\/wp-content\/uploads\/2020\/07\/DIDASTEMPUS.png\" alt=\"\"><\/p>\n<h3 class=\"has-text-align-center\" style=\"color:#872f40;\">Desarrollo, Competencias y Diversidad En Primera Infancia \u2013 DIDASTEMPUS<\/h3>\n<p><strong>Modalidad<\/strong>: Presencial, Virtual, Distancia<\/p>\n<p><strong>Lider:<\/strong> Diego Fernando Moreno Tocora<\/p>\n<p><strong>Contacto<\/strong>: <a href=\"mailto:diego.moreno@docente.ibero.edu.co\">diego.moreno@docente.ibero.edu.co<\/a><\/p>\n<p><strong>Formulario de inscripci\u00f3n<\/strong><a href=\"https:\/\/sigiip.ibero.edu.co\/PSemilleros\/\"> (hacer clic aqui)<\/a><\/p><h4>Mision<\/h4>\n<p>Impulsar el esp\u00edritu investigador en el \u00e1mbito educativo desde la indagaci\u00f3n sobre el desarrollo, las competencias y la diversidad en educaci\u00f3n infantil, en diferentes contextos y aspectos de formaci\u00f3n pedag\u00f3gica que favorezcan la cualificaci\u00f3n docente y el desarrollo integral de la infancia. <\/p>\n<h4>Vision<\/h4>\n<p>Ser un semillero reconocido por la calidad de las propuestas de investigaci\u00f3n en la formaci\u00f3n de integral de docentes en educaci\u00f3n infantil comprometidos con el desarrollo integral de la infancia con un enfoque de inclusi\u00f3n y diversidad, mediado por el an\u00e1lisis, la cr\u00edtica y una actitud propositiva. <\/p>\n<h4>Objetivos<\/h4>\n<p><strong>General<\/strong><\/p>\n<p>Consolidar una cultura investigativa comprometida y responsable con el desarrollo de la educaci\u00f3n infantil, la inclusi\u00f3n, la diversidad y la pedagog\u00eda para la paz.<\/p>\n","protected":false},"excerpt":{"rendered":"<p>Facultad de Educaci\u00f3n Programa de Lic en educaci\u00f3n especial &#8211; Lic En Educacion infantil Desarrollo, Competencias y Diversidad En Primera Infancia \u2013 DIDASTEMPUS Modalidad: Presencial,&hellip;<\/p>\n","protected":false},"author":2,"featured_media":0,"parent":290,"menu_order":0,"comment_status":"closed","ping_status":"closed","template":"","meta":{"spay_email":""},"_links":{"self":[{"href":"https:\/\/investigaciones.ibero.edu.co\/index.php?rest_route=\/wp\/v2\/pages\/776"}],"collection":[{"href":"https:\/\/investigaciones.ibero.edu.co\/index.php?rest_route=\/wp\/v2\/pages"}],"about":[{"href":"https:\/\/investigaciones.ibero.edu.co\/index.php?rest_route=\/wp\/v2\/types\/page"}],"author":[{"embeddable":true,"href":"https:\/\/investigaciones.ibero.edu.co\/index.php?rest_route=\/wp\/v2\/users\/2"}],"replies":[{"embeddable":true,"href":"https:\/\/investigaciones.ibero.edu.co\/index.php?rest_route=%2Fwp%2Fv2%2Fcomments&post=776"}],"version-history":[{"count":14,"href":"https:\/\/investigaciones.ibero.edu.co\/index.php?rest_route=\/wp\/v2\/pages\/776\/revisions"}],"predecessor-version":[{"id":6751,"href":"https:\/\/investigaciones.ibero.edu.co\/index.php?rest_route=\/wp\/v2\/pages\/776\/revisions\/6751"}],"up":[{"embeddable":true,"href":"https:\/\/investigaciones.ibero.edu.co\/index.php?rest_route=\/wp\/v2\/pages\/290"}],"wp:attachment":[{"href":"https:\/\/investigaciones.ibero.edu.co\/index.php?rest_route=%2Fwp%2Fv2%2Fmedia&parent=776"}],"curies":[{"name":"wp","href":"https:\/\/api.w.org\/{rel}","templated":true}]}}