{"id":780,"date":"2020-06-04T10:01:50","date_gmt":"2020-06-04T15:01:50","guid":{"rendered":"http:\/\/localhost\/wordpress\/?page_id=780"},"modified":"2024-09-09T17:31:12","modified_gmt":"2024-09-09T22:31:12","slug":"eclips-c","status":"publish","type":"page","link":"https:\/\/investigaciones.ibero.edu.co\/?page_id=780","title":{"rendered":"ECLIPS-C"},"content":{"rendered":"\n<h3 align=\"center\" style=\"color:#872f40;\">Facultad de Ciencias Humanas y Sociales<\/h3>\n<h4 align=\"center\" style=\"color:#F2A900;\">Programa de Psicolog\u00eda<\/h4>\n<p align=\"center\"><img class=\"wp-image-452\" style=\"width: 380px;\" src=\"https:\/\/investigaciones.ibero.edu.co\/wp-content\/uploads\/2020\/07\/ECLIPS-C.png\" alt=\"\"><\/p>\n<h3 class=\"has-text-align-center\" style=\"color:#872f40;\">Estudios Clinicos en Psicologia Contextual &#8211; ECLIPS-C<\/h3>\n<p><strong>Modalidad<\/strong>: Virtual<\/p>\n<p><strong>Lider:<\/strong> Lady Maritza Quintero Mu\u00f1oz<\/p>\n<p><strong>Contacto<\/strong>: <a href=\"mailto:lady.quintero@docente.ibero.edu.co\">lady.quintero@docente.ibero.edu.co<\/a><\/p><p><strong>Formulario de inscripci\u00f3n<\/strong><a href=\"https:\/\/sigiip.ibero.edu.co\/PSemilleros\/\"> (hacer clic aqui)<\/a><\/p><h4>Mision<\/h4>\n<p>El semillero ECLIPS-C es un espacio para profundizar en terapias de tercera generaci\u00f3n, con el \u00e1nimo de generar propuestas de investigaci\u00f3n que impacten el desarrollo social y la calidad de vida de las personas. <\/p>\n<h4>Vision<\/h4>\n<p>En el 2022 el semillero ser\u00e1 reconocido institucionalmente por sus aportes en la investigaci\u00f3n e innovaci\u00f3n acad\u00e9mica, consolidando el horizonte investigativo de sus miembros quienes se destacar\u00e1n por su compromiso, calidad acad\u00e9mica y responsabilidad social. <\/p>\n<h4>Objetivos<\/h4>\n<p><strong>General<\/strong><\/p>\n<p>General: Analizar desde una perspectiva contextual funcional, el desarrollo y la naturaleza de los fen\u00f3menos psicol\u00f3gicos, para la formulaci\u00f3n de alternativas de investigaci\u00f3n sobre diferentes problem\u00e1ticas. <\/p>\n<p><strong>Especificos<\/strong><\/p>                         \n<p>&#8211; Profundizar en los mecanismos simb\u00f3licos que participan en la regulaci\u00f3n del comportamiento humano. <\/p>\n<p>&#8211; Identificar las variables de contexto y disposicionales que hacen m\u00e1s o menos probables que se presenten determinados patrones de conducta. <\/p>\n<p>&#8211; Replicar estudios experimentales para la comprensi\u00f3n de fen\u00f3menos impl\u00edcitos en el lenguaje y la cognici\u00f3n humana. <\/p>\n<p>&#8211; Comprender las caracter\u00edsticas del lenguaje para resolver problemas a trav\u00e9s del control contextual. <\/p>\n<p>&#8211; Dise\u00f1ar an\u00e1lisis funcionales en contextos cl\u00ednicos. <\/p>\n","protected":false},"excerpt":{"rendered":"<p>Facultad de Ciencias Humanas y Sociales Programa de Psicolog\u00eda Estudios Clinicos en Psicologia Contextual &#8211; ECLIPS-C Modalidad: Virtual Lider: Lady Maritza Quintero Mu\u00f1oz Contacto: lady.quintero@docente.ibero.edu.co&hellip;<\/p>\n","protected":false},"author":2,"featured_media":0,"parent":290,"menu_order":0,"comment_status":"closed","ping_status":"closed","template":"","meta":{"spay_email":""},"_links":{"self":[{"href":"https:\/\/investigaciones.ibero.edu.co\/index.php?rest_route=\/wp\/v2\/pages\/780"}],"collection":[{"href":"https:\/\/investigaciones.ibero.edu.co\/index.php?rest_route=\/wp\/v2\/pages"}],"about":[{"href":"https:\/\/investigaciones.ibero.edu.co\/index.php?rest_route=\/wp\/v2\/types\/page"}],"author":[{"embeddable":true,"href":"https:\/\/investigaciones.ibero.edu.co\/index.php?rest_route=\/wp\/v2\/users\/2"}],"replies":[{"embeddable":true,"href":"https:\/\/investigaciones.ibero.edu.co\/index.php?rest_route=%2Fwp%2Fv2%2Fcomments&post=780"}],"version-history":[{"count":11,"href":"https:\/\/investigaciones.ibero.edu.co\/index.php?rest_route=\/wp\/v2\/pages\/780\/revisions"}],"predecessor-version":[{"id":4478,"href":"https:\/\/investigaciones.ibero.edu.co\/index.php?rest_route=\/wp\/v2\/pages\/780\/revisions\/4478"}],"up":[{"embeddable":true,"href":"https:\/\/investigaciones.ibero.edu.co\/index.php?rest_route=\/wp\/v2\/pages\/290"}],"wp:attachment":[{"href":"https:\/\/investigaciones.ibero.edu.co\/index.php?rest_route=%2Fwp%2Fv2%2Fmedia&parent=780"}],"curies":[{"name":"wp","href":"https:\/\/api.w.org\/{rel}","templated":true}]}}