{"id":787,"date":"2020-06-04T10:05:14","date_gmt":"2020-06-04T15:05:14","guid":{"rendered":"http:\/\/localhost\/wordpress\/?page_id=787"},"modified":"2025-03-06T13:12:12","modified_gmt":"2025-03-06T18:12:12","slug":"espia","status":"publish","type":"page","link":"https:\/\/investigaciones.ibero.edu.co\/?page_id=787","title":{"rendered":"ESPIA"},"content":{"rendered":"\n<h3 align=\"center\" style=\"color:#872f40;\">Facultad de Ciencias Humanas y Sociales<\/h3>\n<h4 align=\"center\" style=\"color:#F2A900;\">Programa de Psicolog\u00eda<\/h4>\n<p align=\"center\"><img class=\"wp-image-452\" style=\"width: 380px;\" src=\"https:\/\/investigaciones.ibero.edu.co\/wp-content\/uploads\/2020\/07\/ESPIA.jpeg\" alt=\"\"><\/p>\n<h3 class=\"has-text-align-center\" style=\"color:#872f40;\">Estudios de Prevenci\u00f3n e Investigaci\u00f3n en Adicciones &#8211; ESPIA<\/h3>\n<p><strong>Modalidad<\/strong>: Presencial<\/p>\n<p><strong>Lider:<\/strong> Laura Carolina Rinc\u00f3n Cadena<\/p>\n<p><strong>Contacto<\/strong>: <a href=\"mailto:laura.rinconc@docente.ibero.edu.co\">laura.rinconc@docente.ibero.edu.co<\/a><\/p><p><strong>Formulario de inscripci\u00f3n<\/strong><a href=\"https:\/\/sigiip.ibero.edu.co\/PSemilleros\/\"> (hacer clic aqui)<\/a><\/p>\n<h4>Mision<\/h4>\n<p>Estudiar las conductas adictivas desde la psicolog\u00eda cl\u00ednica y de la salud, para desarrollar las competencias investigativas a trav\u00e9s del dise\u00f1o y ejecuci\u00f3n de proyectos investigativos, publicaciones de informes, art\u00edculos, presentaci\u00f3n en jornadas acad\u00e9micas con posters y ponencias, dentro del marco de acci\u00f3n del grupo de Investigaci\u00f3n en Psicolog\u00eda Ciencia y Tecnolog\u00eda del programa de Psicolog\u00eda de la Corporaci\u00f3n Universitaria Iberoamericana.<\/p>\n<h4>Vision<\/h4>\n<p>Llegar a ser en el a\u00f1o 2020 un semillero de investigaci\u00f3n consolidado dentro de la psicolog\u00eda, a trav\u00e9s de ejercicios y proyectos de investigaci\u00f3n con el aval, orientaci\u00f3n y direcci\u00f3n del grupo de Investigaci\u00f3n en Psicolog\u00eda Ciencia y Tecnolog\u00eda del programa de Psicolog\u00eda.<\/p>\n<h4>Objetivos<\/h4>\n<p><strong>General<\/strong><\/p>\n<p>Fomentar la competencia investigativa de los integrantes del semillero ESPIA a trav\u00e9s del dise\u00f1o, evaluaci\u00f3n, ejecuci\u00f3n y divulgaci\u00f3n de proyectos de investigaci\u00f3n, orientados por los integrantes del grupo de Investigaci\u00f3n en Psicolog\u00eda Ciencia y Tecnolog\u00eda del programa de Psicolog\u00eda.<\/p>\n","protected":false},"excerpt":{"rendered":"<p>Facultad de Ciencias Humanas y Sociales Programa de Psicolog\u00eda Estudios de Prevenci\u00f3n e Investigaci\u00f3n en Adicciones &#8211; ESPIA Modalidad: Presencial Lider: Laura Carolina Rinc\u00f3n Cadena&hellip;<\/p>\n","protected":false},"author":2,"featured_media":0,"parent":290,"menu_order":0,"comment_status":"closed","ping_status":"closed","template":"","meta":{"spay_email":""},"_links":{"self":[{"href":"https:\/\/investigaciones.ibero.edu.co\/index.php?rest_route=\/wp\/v2\/pages\/787"}],"collection":[{"href":"https:\/\/investigaciones.ibero.edu.co\/index.php?rest_route=\/wp\/v2\/pages"}],"about":[{"href":"https:\/\/investigaciones.ibero.edu.co\/index.php?rest_route=\/wp\/v2\/types\/page"}],"author":[{"embeddable":true,"href":"https:\/\/investigaciones.ibero.edu.co\/index.php?rest_route=\/wp\/v2\/users\/2"}],"replies":[{"embeddable":true,"href":"https:\/\/investigaciones.ibero.edu.co\/index.php?rest_route=%2Fwp%2Fv2%2Fcomments&post=787"}],"version-history":[{"count":10,"href":"https:\/\/investigaciones.ibero.edu.co\/index.php?rest_route=\/wp\/v2\/pages\/787\/revisions"}],"predecessor-version":[{"id":5771,"href":"https:\/\/investigaciones.ibero.edu.co\/index.php?rest_route=\/wp\/v2\/pages\/787\/revisions\/5771"}],"up":[{"embeddable":true,"href":"https:\/\/investigaciones.ibero.edu.co\/index.php?rest_route=\/wp\/v2\/pages\/290"}],"wp:attachment":[{"href":"https:\/\/investigaciones.ibero.edu.co\/index.php?rest_route=%2Fwp%2Fv2%2Fmedia&parent=787"}],"curies":[{"name":"wp","href":"https:\/\/api.w.org\/{rel}","templated":true}]}}