{"id":791,"date":"2020-06-04T10:07:38","date_gmt":"2020-06-04T15:07:38","guid":{"rendered":"http:\/\/localhost\/wordpress\/?page_id=791"},"modified":"2024-09-09T18:01:07","modified_gmt":"2024-09-09T23:01:07","slug":"psismo","status":"publish","type":"page","link":"https:\/\/investigaciones.ibero.edu.co\/?page_id=791","title":{"rendered":"PSISMO"},"content":{"rendered":"\n<p><h3 align=\"center\" style=\"color:#872f40;\">Facultad de Ciencias Humanas y Sociales<\/h3> <h4 align=\"center\" style=\"color:#F2A900;\">Programa de Psicolog\u00eda<\/h4> <p align=\"center\"><img class=\"wp-image-452\" style=\"width: 380px;\" src=\"https:\/\/investigaciones.ibero.edu.co\/wp-content\/uploads\/2020\/07\/PSISMO.png\" alt=\"\"><\/p> <h3 class=\"has-text-align-center\" style=\"color:#872f40;\">Psicolog\u00eda Social en Movimiento &#8211; PSISMO<\/h3> <p><strong>Modalidad<\/strong>: Presencial<\/p> <p><strong>Lider:<\/strong> Luis Carlos Duque Naranjo<\/p><p><strong>Contacto<\/strong>: <a href=\"mailto:luis.duque@docente.ibero.edu.co\">luis.duque@docente.ibero.edu.co<\/a><\/p><p><strong>Formulario de inscripci\u00f3n<\/strong><a href=\"https:\/\/sigiip.ibero.edu.co\/PSemilleros\/\"> (hacer clic aqui)<\/a><\/p><h4>Misi\u00f3n<\/h4> <p>Propiciar espacios de discusi\u00f3n y reflexi\u00f3n acad\u00e9mica donde, a trav\u00e9s de la pr\u00e1ctica investigativa, se logre establecer la aplicaci\u00f3n de las diferentes teor\u00edas inmersas en la psicolog\u00eda social, buscando la interacci\u00f3n de estos conocimientos con nuestra realidad, en pro del crecimiento de esta \u00e1rea y de la formaci\u00f3n de investigadores \u00e9ticos con un alto compromiso social. <\/p> <h4>Visi\u00f3n<\/h4> <p>Ser reconocidos por la comunidad acad\u00e9mica, nacional e internacional, como una herramienta cient\u00edfica para impulsar la actividad investigativa y el trabajo interinstitucional, para el fortalecimiento y la puesta en pr\u00e1ctica del conocimiento cient\u00edfico creado a partir de la psicolog\u00eda social. <\/p> <h4>Objetivos<\/h4> <p>1. Destacar la importancia de la investigaci\u00f3n para el desarrollo del conocimiento. <\/p> <p>2. Brindar a los estudiantes una experiencia de formaci\u00f3n investigativa que les permita incursionar creativamente en el mundo del conocimiento. <\/p> <p>3. Sensibilizar a los integrantes del semillero PSISMO frente a las problem\u00e1ticas social local, regional y global. <\/p> <p>4. Promover en los integrantes del semillero PSISMO, la responsabilidad de aportar soluciones desde la psicolog\u00eda social. <\/p> <p>5. Desarrollar habilidades para emprender proyectos de investigaci\u00f3n en psicolog\u00eda social social. <\/p> <p>6. Establecer un plan de formaci\u00f3n en investigaci\u00f3n para los integrantes del semillero. <\/p> <p>7. Propiciar ambientes de reflexi\u00f3n y debate acad\u00e9mico en pro de una formaci\u00f3n integral para \u00e9l proceso investigativo de los participantes de PSISMO. <\/p><\/p>\n","protected":false},"excerpt":{"rendered":"<p>Facultad de Ciencias Humanas y Sociales Programa de Psicolog\u00eda Psicolog\u00eda Social en Movimiento &#8211; PSISMO Modalidad: Presencial Lider: Luis Carlos Duque Naranjo Contacto: luis.duque@docente.ibero.edu.co Formulario&hellip;<\/p>\n","protected":false},"author":2,"featured_media":0,"parent":290,"menu_order":0,"comment_status":"closed","ping_status":"closed","template":"","meta":{"spay_email":""},"_links":{"self":[{"href":"https:\/\/investigaciones.ibero.edu.co\/index.php?rest_route=\/wp\/v2\/pages\/791"}],"collection":[{"href":"https:\/\/investigaciones.ibero.edu.co\/index.php?rest_route=\/wp\/v2\/pages"}],"about":[{"href":"https:\/\/investigaciones.ibero.edu.co\/index.php?rest_route=\/wp\/v2\/types\/page"}],"author":[{"embeddable":true,"href":"https:\/\/investigaciones.ibero.edu.co\/index.php?rest_route=\/wp\/v2\/users\/2"}],"replies":[{"embeddable":true,"href":"https:\/\/investigaciones.ibero.edu.co\/index.php?rest_route=%2Fwp%2Fv2%2Fcomments&post=791"}],"version-history":[{"count":8,"href":"https:\/\/investigaciones.ibero.edu.co\/index.php?rest_route=\/wp\/v2\/pages\/791\/revisions"}],"predecessor-version":[{"id":4487,"href":"https:\/\/investigaciones.ibero.edu.co\/index.php?rest_route=\/wp\/v2\/pages\/791\/revisions\/4487"}],"up":[{"embeddable":true,"href":"https:\/\/investigaciones.ibero.edu.co\/index.php?rest_route=\/wp\/v2\/pages\/290"}],"wp:attachment":[{"href":"https:\/\/investigaciones.ibero.edu.co\/index.php?rest_route=%2Fwp%2Fv2%2Fmedia&parent=791"}],"curies":[{"name":"wp","href":"https:\/\/api.w.org\/{rel}","templated":true}]}}