{"id":795,"date":"2020-06-04T10:17:42","date_gmt":"2020-06-04T15:17:42","guid":{"rendered":"http:\/\/localhost\/wordpress\/?page_id=795"},"modified":"2025-03-06T13:15:32","modified_gmt":"2025-03-06T18:15:32","slug":"imcoh","status":"publish","type":"page","link":"https:\/\/investigaciones.ibero.edu.co\/?page_id=795","title":{"rendered":"IMCOH"},"content":{"rendered":"\n<p><h3 align=\"center\" style=\"color:#872f40;\">Facultad de Ciencias de la Salud<\/h3>\n<h4 align=\"center\" style=\"color:#F2A900;\">Programa de Fisioterapia<\/h4>\n<p align=\"center\"><img class=\"wp-image-452\" style=\"width: 380px;\" src=\"https:\/\/investigaciones.ibero.edu.co\/wp-content\/uploads\/2024\/08\/Logos-Semillero-1-2.png\" alt=\"\"><\/p>\n<h3 class=\"has-text-align-center\" style=\"color:#872f40;\">Movimiento Corporal Humano &#8211; IMCOH<\/h3>\n<p><strong>Modalidad<\/strong>: Presencial<\/p>\n<p><strong>Lider 1:<\/strong> Angie Carolina Pe\u00f1a Waltero<\/p>\n<p><strong>Contacto<\/strong>: <a href=\"mailto:carolina.pena@docente.ibero.edu.co\">carolina.pena@docente.ibero.edu.co<\/a><\/p>\n<p><strong>Lider 2:<\/strong> Betty Astrid Vel\u00e1squez Silva<\/p>\n<p><strong>Contacto<\/strong>: <a href=\"mailto:betty.velasquez@docente.ibero.edu.co\">betty.velasquez@docente.ibero.edu.co<\/a><\/p>\n<p><strong>Lider 3:<\/strong> Marisol Urrego<\/p>\n<p><strong>Contacto<\/strong>: <a href=\"mailto:marisol.urrego@docente.ibero.edu.co\">marisol.urrego@docente.ibero.edu.co<\/a><\/p><p><strong>Formulario de inscripci\u00f3n<\/strong><a href=\"https:\/\/sigiip.ibero.edu.co\/PSemilleros\/\"> (hacer clic aqui)<\/a><\/p>\n<h4>Mision<\/h4>\n<p>Somos el Semillero de Investigaci\u00f3n e Innovaci\u00f3n Movimiento Corporal Humano IMCOH que promueve la formaci\u00f3n de profesionales integrales y competentes, mediante actividades de investigaci\u00f3n formativa que tributan al bienestar cin\u00e9tico, social y calidad de vida de los individuos y comunidades en todas las etapas del ciclo vital.<\/p>\n<h4>Vision<\/h4>\n<p>Ser un semillero de investigaci\u00f3n, innovaci\u00f3n y creaci\u00f3n reconocido por impactar en los individuos y comunidades en el \u00e1mbito global, nacional y regional a trav\u00e9s de la investigaci\u00f3n formativa bienestar cin\u00e9tico, social y calidad de vida de los individuos y comunidades en todas las etapas del ciclo vital.<\/p>\n<h4>Objetivos<\/h4>\n<p><strong>General<\/strong><\/p>\n<p>Promover habilidades investigativas que favorezcan la formaci\u00f3n de profesionales integrales y comprometidos con los aportes a la ciencia y el conocimiento.<\/p>\n<p><strong>Especificos<\/strong><\/p>                         \n<p>1.\tFomentar habilidades para el pensamiento cr\u00edtico, creativo, investigativo e innovador a partir de actividades de investigaci\u00f3n formativa.<\/p>\n<p>2.\tPropiciar ambientes investigativos e innovadores motivadores y seguros, basados en trabajo en equipo para el desarrollo de competencias ciudadanas.<\/p>\n<p>3.\tAportar a la resoluci\u00f3n de problem\u00e1ticas de comunidades e individuos a nivel internacional, nacional, regional y local.<\/p>\n<p>4.\tContribuir a la divulgaci\u00f3n de la ciencia, apropiaci\u00f3n social del conocimiento y generaci\u00f3n de nuevo conocimiento mediante alianzas estrat\u00e9gicas y participaci\u00f3n en eventos acad\u00e9mico investigativos.<\/p>\n\n<p><a href=\"https:\/\/www.youtube.com\/@SemilleroIMCOH\/playlists\" target=\"_blank\" rel=\"noopener noreferrer\"><strong>Videos Relacionados<\/strong><\/a><\/p>\n","protected":false},"excerpt":{"rendered":"<p>Facultad de Ciencias de la Salud Programa de Fisioterapia Movimiento Corporal Humano &#8211; IMCOH Modalidad: Presencial Lider 1: Angie Carolina Pe\u00f1a Waltero Contacto: carolina.pena@docente.ibero.edu.co Lider&hellip;<\/p>\n","protected":false},"author":2,"featured_media":0,"parent":290,"menu_order":0,"comment_status":"closed","ping_status":"closed","template":"","meta":{"spay_email":""},"_links":{"self":[{"href":"https:\/\/investigaciones.ibero.edu.co\/index.php?rest_route=\/wp\/v2\/pages\/795"}],"collection":[{"href":"https:\/\/investigaciones.ibero.edu.co\/index.php?rest_route=\/wp\/v2\/pages"}],"about":[{"href":"https:\/\/investigaciones.ibero.edu.co\/index.php?rest_route=\/wp\/v2\/types\/page"}],"author":[{"embeddable":true,"href":"https:\/\/investigaciones.ibero.edu.co\/index.php?rest_route=\/wp\/v2\/users\/2"}],"replies":[{"embeddable":true,"href":"https:\/\/investigaciones.ibero.edu.co\/index.php?rest_route=%2Fwp%2Fv2%2Fcomments&post=795"}],"version-history":[{"count":16,"href":"https:\/\/investigaciones.ibero.edu.co\/index.php?rest_route=\/wp\/v2\/pages\/795\/revisions"}],"predecessor-version":[{"id":5773,"href":"https:\/\/investigaciones.ibero.edu.co\/index.php?rest_route=\/wp\/v2\/pages\/795\/revisions\/5773"}],"up":[{"embeddable":true,"href":"https:\/\/investigaciones.ibero.edu.co\/index.php?rest_route=\/wp\/v2\/pages\/290"}],"wp:attachment":[{"href":"https:\/\/investigaciones.ibero.edu.co\/index.php?rest_route=%2Fwp%2Fv2%2Fmedia&parent=795"}],"curies":[{"name":"wp","href":"https:\/\/api.w.org\/{rel}","templated":true}]}}