{"id":799,"date":"2020-06-04T10:20:28","date_gmt":"2020-06-04T15:20:28","guid":{"rendered":"http:\/\/localhost\/wordpress\/?page_id=799"},"modified":"2025-09-18T17:39:31","modified_gmt":"2025-09-18T22:39:31","slug":"sieva","status":"publish","type":"page","link":"https:\/\/investigaciones.ibero.edu.co\/?page_id=799","title":{"rendered":"SIEVA"},"content":{"rendered":"\n<h3 class=\"has-text-align-center\"><span style=\"color:#872f40\" class=\"has-inline-color\">Facultad de Ciencias de la Salud<\/span><\/h3>\n\n\n\n<h4 class=\"has-text-align-center\"><span style=\"color:#f2a900\" class=\"has-inline-color\">Programa de Fonoaudiolog\u00eda<\/span><\/h4>\n\n\n\n<div class=\"wp-block-image\"><figure class=\"aligncenter is-resized\"><img loading=\"lazy\" src=\"https:\/\/investigaciones.ibero.edu.co\/wp-content\/uploads\/2020\/07\/SIEVA.png\" alt=\"\" class=\"wp-image-452\" width=\"372\" height=\"393\"\/><\/figure><\/div>\n\n\n\n<h3 class=\"has-text-align-center\"><span style=\"color:#872f40\" class=\"has-inline-color\">Estudios de la Voz y sus Alteraciones &#8211; SIEVA<\/span><\/h3>\n\n\n\n<p><strong>Modalidad<\/strong>: Presencial<\/p>\n\n\n\n<p><strong>Lider:<\/strong> Henry\u00a0Tovar<\/p>\n\n\n\n<p><strong>Contacto<\/strong>: <a href=\"mailto:henry.tovar@docente.ibero.edu.co\">henry.tovar@docente.ibero.edu.co<\/a><\/p>\n\n\n\n<p><strong>Formulario de inscripci\u00f3n<\/strong><a href=\"https:\/\/sigiip.ibero.edu.co\/PSemilleros\/\"> (hacer clic aqui)<\/a><\/p>\n\n\n\n<h4>Mision<\/h4>\n\n\n\n<p>La misi\u00f3n del semillero SIEVA, est\u00e1 enfocado a generar un espacio donde conjuntamente estudiantes y docente asesor, promuevan proyectos que tengan impacto en la salud vocal y que estos puedan extenderse a la poblaci\u00f3n en general; con fundamentos \u00e9ticos y compromiso social, comprometidos con la excelencia.  <\/p>\n\n\n\n<h4>Vision<\/h4>\n\n\n\n<p>El semillero tiene como fin, ser reconocido a nivel nacional, como un espacio donde se promueven investigaciones de calidad, en donde estudiantes de pregrado, se conviertan en investigadores con impacto social y que este conocimiento lo lleven a su vida laboral. <\/p>\n\n\n\n<h4>Objetivos<\/h4>\n\n\n\n<p>1.  Favorecer el desarrollo de proyectos de investigaci\u00f3n en voz, soportado en la producci\u00f3n de publicaciones, tales como elaboraci\u00f3n de proyectos, art\u00edculos y dem\u00e1s documentos que puedan generarse. <\/p>\n\n\n\n<p>2. Fomentar la participaci\u00f3n de los estudiantes, en un \u00e1mbito m\u00e1s all\u00e1 de lo acad\u00e9mico, con el fin de tener profesionales enfocados a la investigaci\u00f3n. <\/p>\n\n\n\n<p>3. Apoyar con personal id\u00f3neo el asesoramiento para la familiarizaci\u00f3n de h\u00e1bitos investigativos en los estudiantes. <\/p>\n\n\n\n<p>4. Establecer relaciones de comunicaci\u00f3n, con diversos semilleros o grupos de investigaci\u00f3n, para generar espacios de discusi\u00f3n, en pro de  fomentar una cultura multidisciplinaria.<\/p>\n\n\n\n<h4>Redes de Investigaci\u00f3n<\/h4>\n\n\n\n<p><a href=\"https:\/\/investigaciones.ibero.edu.co\/?page_id=3251\">RED DE ESTUDIANTES Y DOCENTES SEMILLERISTAS EN EL ESTUDIO DE LA VOZ \u2013 REDVOZ<\/a><\/p>\n","protected":false},"excerpt":{"rendered":"<p>Facultad de Ciencias de la Salud Programa de Fonoaudiolog\u00eda Estudios de la Voz y sus Alteraciones &#8211; SIEVA Modalidad: Presencial Lider: Henry\u00a0Tovar Contacto: henry.tovar@docente.ibero.edu.co Formulario&hellip;<\/p>\n","protected":false},"author":2,"featured_media":0,"parent":290,"menu_order":0,"comment_status":"closed","ping_status":"closed","template":"","meta":{"spay_email":""},"_links":{"self":[{"href":"https:\/\/investigaciones.ibero.edu.co\/index.php?rest_route=\/wp\/v2\/pages\/799"}],"collection":[{"href":"https:\/\/investigaciones.ibero.edu.co\/index.php?rest_route=\/wp\/v2\/pages"}],"about":[{"href":"https:\/\/investigaciones.ibero.edu.co\/index.php?rest_route=\/wp\/v2\/types\/page"}],"author":[{"embeddable":true,"href":"https:\/\/investigaciones.ibero.edu.co\/index.php?rest_route=\/wp\/v2\/users\/2"}],"replies":[{"embeddable":true,"href":"https:\/\/investigaciones.ibero.edu.co\/index.php?rest_route=%2Fwp%2Fv2%2Fcomments&post=799"}],"version-history":[{"count":14,"href":"https:\/\/investigaciones.ibero.edu.co\/index.php?rest_route=\/wp\/v2\/pages\/799\/revisions"}],"predecessor-version":[{"id":6491,"href":"https:\/\/investigaciones.ibero.edu.co\/index.php?rest_route=\/wp\/v2\/pages\/799\/revisions\/6491"}],"up":[{"embeddable":true,"href":"https:\/\/investigaciones.ibero.edu.co\/index.php?rest_route=\/wp\/v2\/pages\/290"}],"wp:attachment":[{"href":"https:\/\/investigaciones.ibero.edu.co\/index.php?rest_route=%2Fwp%2Fv2%2Fmedia&parent=799"}],"curies":[{"name":"wp","href":"https:\/\/api.w.org\/{rel}","templated":true}]}}